{"id":722955,"date":"2025-08-27T19:11:20","date_gmt":"2025-08-27T16:11:20","guid":{"rendered":"https:\/\/roveyayinevi.com.tr\/index.php\/urun\/mutluluga-goz-kirp\/"},"modified":"2026-04-16T02:30:57","modified_gmt":"2026-04-15T23:30:57","slug":"mutluluga-goz-kirp","status":"publish","type":"product","link":"https:\/\/roveyayinevi.com.tr\/index.php\/urun\/mutluluga-goz-kirp\/","title":{"rendered":"Mutlulu\u011fa G\u00f6z K\u0131rp"},"content":{"rendered":"<p>&#8220;Bir umuttur ya\u015famak&#8221; diyerek hayat\u0131na devam etti Sahra &#8230; Umut etmekten sabretmekten hi\u00e7 vazge\u00e7medi. Sahra hep sevdi, Sahra hep \u00f6zledi. Y\u00fcre\u011findeki \u00f6zlemi bir tek ki\u015fiye duyurdu. En sonunda duymas\u0131 gereken ki\u015fi duydu. Onlar i\u00e7in bir umuttu ya\u015famak. Ya\u015fad\u0131lar, umut ettiler ve kavu\u015ftular. &#8220;Olmaz m\u0131?&#8221; dedi Selim. O kelimeye bir hayat\u0131 s\u0131\u011fd\u0131rd\u0131. Y\u00fcre\u011fini s\u0131\u011fd\u0131rd\u0131. Sabr\u0131n\u0131 s\u0131\u011fd\u0131rd\u0131. &#8220;Olur&#8221; dedi Sahra. O da o kelimeye sevgisini s\u0131\u011fd\u0131rd\u0131. \u00d6zlemini s\u0131\u011fd\u0131rd\u0131. Birlikte mutlu ya\u015fay\u0131p mutlulu\u011fa do\u011fru yelken atmaya ba\u015flad\u0131lar. Att\u0131klar\u0131 her ad\u0131m\u0131 hayata sab\u0131rla in\u015fa ettiler. En sonunda da birlikte mutlulu\u011fa g\u00f6z k\u0131rpt\u0131lar. Bir Umuttur Ya\u015famak.<\/p>\n","protected":false},"excerpt":{"rendered":"<p>&#8220;Bir umuttur ya\u015famak&#8221; diyerek hayat\u0131na devam etti Sahra &#8230; Umut etmekten sabretmekten hi\u00e7 vazge\u00e7medi. Sahra hep sevdi, Sahra hep \u00f6zledi. Y\u00fcre\u011findeki \u00f6zlemi bir tek ki\u015fiye duyurdu.<span class=\"excerpt-hellip\"> [\u2026]<\/span><\/p>\n","protected":false},"featured_media":0,"template":"","meta":{"_monsterinsights_skip_tracking":false,"_monsterinsights_sitenote_active":false,"_monsterinsights_sitenote_note":"","_monsterinsights_sitenote_category":0},"product_brand":[],"product_cat":[12291,12711],"product_tag":[],"class_list":{"0":"post-722955","1":"product","2":"type-product","3":"status-publish","5":"product_cat-edebiyat","6":"product_cat-roman-oyku","7":"pa_cilt-ciltsiz","8":"pa_tur-kitap","9":"pa_yayinevi-herdem-kitap","10":"pa_yazar-hilal-kilicaslan","12":"first","13":"instock","14":"sale","15":"shipping-taxable","16":"purchasable","17":"product-type-simple"},"_links":{"self":[{"href":"https:\/\/roveyayinevi.com.tr\/index.php\/wp-json\/wp\/v2\/product\/722955","targetHints":{"allow":["GET"]}}],"collection":[{"href":"https:\/\/roveyayinevi.com.tr\/index.php\/wp-json\/wp\/v2\/product"}],"about":[{"href":"https:\/\/roveyayinevi.com.tr\/index.php\/wp-json\/wp\/v2\/types\/product"}],"wp:attachment":[{"href":"https:\/\/roveyayinevi.com.tr\/index.php\/wp-json\/wp\/v2\/media?parent=722955"}],"wp:term":[{"taxonomy":"product_brand","embeddable":true,"href":"https:\/\/roveyayinevi.com.tr\/index.php\/wp-json\/wp\/v2\/product_brand?post=722955"},{"taxonomy":"product_cat","embeddable":true,"href":"https:\/\/roveyayinevi.com.tr\/index.php\/wp-json\/wp\/v2\/product_cat?post=722955"},{"taxonomy":"product_tag","embeddable":true,"href":"https:\/\/roveyayinevi.com.tr\/index.php\/wp-json\/wp\/v2\/product_tag?post=722955"}],"curies":[{"name":"wp","href":"https:\/\/api.w.org\/{rel}","templated":true}]}}