{"id":722954,"date":"2025-08-27T19:11:19","date_gmt":"2025-08-27T16:11:19","guid":{"rendered":"https:\/\/roveyayinevi.com.tr\/index.php\/urun\/gecmisin-izinde-sifre\/"},"modified":"2026-04-16T02:30:57","modified_gmt":"2026-04-15T23:30:57","slug":"gecmisin-izinde-sifre","status":"publish","type":"product","link":"https:\/\/roveyayinevi.com.tr\/index.php\/urun\/gecmisin-izinde-sifre\/","title":{"rendered":"Ge\u00e7mi\u015fin \u0130zinde &#8211; \u015eifre"},"content":{"rendered":"<p>Irk\u00e7\u0131l\u0131k, Bilim Kurgu, Sava\u015f, A\u015fk ve \u0130slamofobi bir arada! Bu romanda Amerika d\u00fcnyay\u0131 uzayl\u0131 istilas\u0131ndan ya da denizden gelen yarat\u0131klardan kurtarm\u0131yor! 2032 ve 2061 aras\u0131nda gidip gelen bir destan\u0131n ilk d\u00fc\u011f\u00fcm\u00fc\u2026Irk\u00e7\u0131l\u0131k girdab\u0131na tutulmu\u015f eski d\u00fcnyan\u0131n zorba patronu Amerika\u02bcn\u0131n 3.D\u00fcnya Sava\u015f\u0131 ile imtihan\u0131\u2026 Ge\u00e7mi\u015fle hesapla\u015fmas\u0131n\u0131 kapatamam\u0131\u015f psikopat bir doktorun \u00e7\u0131lg\u0131n deneyi\u2026 A\u015f\u0131k oldu\u011fu kad\u0131na ge\u00e7mi\u015fte ya\u015fatt\u0131\u011f\u0131 t\u00fcm haks\u0131zl\u0131klar i\u00e7in karanl\u0131\u011fa sava\u015f a\u00e7m\u0131\u015f bir adam\u2026 Ve hayat\u0131n\u0131 \u0131rk\u00e7\u0131l\u0131\u011f\u0131n doruklar\u0131nda siyahi direni\u015fe adayan beyaz bir T\u00fcrk! Ya\u015fad\u0131\u011f\u0131 ki\u015fisel bir trajediden k\u00fcresel bir ak\u0131ma d\u00f6n\u00fc\u015fen Selim\u02bcin m\u00fcthi\u015f hikayesi\u2026 <\/p>\n","protected":false},"excerpt":{"rendered":"<p>Irk\u00e7\u0131l\u0131k, Bilim Kurgu, Sava\u015f, A\u015fk ve \u0130slamofobi bir arada! Bu romanda Amerika d\u00fcnyay\u0131 uzayl\u0131 istilas\u0131ndan ya da denizden gelen yarat\u0131klardan kurtarm\u0131yor! 2032 ve 2061 aras\u0131nda gidip<span class=\"excerpt-hellip\"> [\u2026]<\/span><\/p>\n","protected":false},"featured_media":0,"template":"","meta":{"_monsterinsights_skip_tracking":false,"_monsterinsights_sitenote_active":false,"_monsterinsights_sitenote_note":"","_monsterinsights_sitenote_category":0},"product_brand":[],"product_cat":[12291,12711],"product_tag":[],"class_list":{"0":"post-722954","1":"product","2":"type-product","3":"status-publish","5":"product_cat-edebiyat","6":"product_cat-roman-oyku","7":"pa_cilt-ciltsiz","8":"pa_tur-kitap","9":"pa_yayinevi-herdem-kitap","10":"pa_yazar-cihan-ormanci","12":"first","13":"instock","14":"sale","15":"shipping-taxable","16":"purchasable","17":"product-type-simple"},"_links":{"self":[{"href":"https:\/\/roveyayinevi.com.tr\/index.php\/wp-json\/wp\/v2\/product\/722954","targetHints":{"allow":["GET"]}}],"collection":[{"href":"https:\/\/roveyayinevi.com.tr\/index.php\/wp-json\/wp\/v2\/product"}],"about":[{"href":"https:\/\/roveyayinevi.com.tr\/index.php\/wp-json\/wp\/v2\/types\/product"}],"wp:attachment":[{"href":"https:\/\/roveyayinevi.com.tr\/index.php\/wp-json\/wp\/v2\/media?parent=722954"}],"wp:term":[{"taxonomy":"product_brand","embeddable":true,"href":"https:\/\/roveyayinevi.com.tr\/index.php\/wp-json\/wp\/v2\/product_brand?post=722954"},{"taxonomy":"product_cat","embeddable":true,"href":"https:\/\/roveyayinevi.com.tr\/index.php\/wp-json\/wp\/v2\/product_cat?post=722954"},{"taxonomy":"product_tag","embeddable":true,"href":"https:\/\/roveyayinevi.com.tr\/index.php\/wp-json\/wp\/v2\/product_tag?post=722954"}],"curies":[{"name":"wp","href":"https:\/\/api.w.org\/{rel}","templated":true}]}}