{"id":722952,"date":"2025-08-27T19:11:17","date_gmt":"2025-08-27T16:11:17","guid":{"rendered":"https:\/\/roveyayinevi.com.tr\/index.php\/urun\/buyuk-dinozor-arastirmasi\/"},"modified":"2026-04-11T02:37:52","modified_gmt":"2026-04-10T23:37:52","slug":"buyuk-dinozor-arastirmasi","status":"publish","type":"product","link":"https:\/\/roveyayinevi.com.tr\/index.php\/urun\/buyuk-dinozor-arastirmasi\/","title":{"rendered":"B\u00fcy\u00fck Dinozor Ara\u015ft\u0131rmas\u0131"},"content":{"rendered":"<p>Tarih\u00f6ncesi \u00e7a\u011flara yap\u0131lan nefes kesici bir yolculu\u011fa kat\u0131lmaya ne dersiniz?Devasa otoburlardan y\u0131rt\u0131c\u0131 etoburlara var\u0131ncaya dek y\u00fczlerce dinozor t\u00fcr\u00fc ke\u015ffedeceksiniz. \u00d6zenle resmedilmi\u015f pek \u00e7ok dinozor t\u00fcr\u00fcne ili\u015fkin k\u0131sa bilgiler de i\u00e7eren B\u00fcy\u00fck Dinozor Ara\u015ft\u0131rmas\u0131 sundu\u011fu bulmacalarla \u00f6\u011frenme s\u00fcrecini zevkli bir etkinli\u011fe d\u00f6n\u00fc\u015ft\u00fcr\u00fcyor.\u0130\u00e7inizdeki ke\u015ffetme duygusunu canland\u0131ran, maceraperest yan\u0131n\u0131z\u0131 ormanlara, okyanuslara, tozlu \u00e7\u00f6llere \u00e7a\u011f\u0131ran bu etkinlik kitab\u0131 sizleri ailecek tad\u0131n\u0131 \u00e7\u0131karabilece\u011finiz e\u011flenceli saatler ge\u00e7irmeye davet ediyor.<\/p>\n","protected":false},"excerpt":{"rendered":"<p>Tarih\u00f6ncesi \u00e7a\u011flara yap\u0131lan nefes kesici bir yolculu\u011fa kat\u0131lmaya ne dersiniz?Devasa otoburlardan y\u0131rt\u0131c\u0131 etoburlara var\u0131ncaya dek y\u00fczlerce dinozor t\u00fcr\u00fc ke\u015ffedeceksiniz. \u00d6zenle resmedilmi\u015f pek \u00e7ok dinozor t\u00fcr\u00fcne ili\u015fkin<span class=\"excerpt-hellip\"> [\u2026]<\/span><\/p>\n","protected":false},"featured_media":0,"template":"","meta":{"_monsterinsights_skip_tracking":false,"_monsterinsights_sitenote_active":false,"_monsterinsights_sitenote_note":"","_monsterinsights_sitenote_category":0},"product_brand":[],"product_cat":[12274,12284],"product_tag":[],"class_list":{"0":"post-722952","1":"product","2":"type-product","3":"status-publish","5":"product_cat-cocuk-ve-genclik-kitaplari","6":"product_cat-hikayeler","7":"pa_cilt-ciltsiz","8":"pa_tur-kitap","9":"pa_yayinevi-yapi-kredi-yayinlari","10":"pa_yazar-rosie-heywood","12":"first","13":"instock","14":"sale","15":"shipping-taxable","16":"purchasable","17":"product-type-simple"},"_links":{"self":[{"href":"https:\/\/roveyayinevi.com.tr\/index.php\/wp-json\/wp\/v2\/product\/722952","targetHints":{"allow":["GET"]}}],"collection":[{"href":"https:\/\/roveyayinevi.com.tr\/index.php\/wp-json\/wp\/v2\/product"}],"about":[{"href":"https:\/\/roveyayinevi.com.tr\/index.php\/wp-json\/wp\/v2\/types\/product"}],"wp:attachment":[{"href":"https:\/\/roveyayinevi.com.tr\/index.php\/wp-json\/wp\/v2\/media?parent=722952"}],"wp:term":[{"taxonomy":"product_brand","embeddable":true,"href":"https:\/\/roveyayinevi.com.tr\/index.php\/wp-json\/wp\/v2\/product_brand?post=722952"},{"taxonomy":"product_cat","embeddable":true,"href":"https:\/\/roveyayinevi.com.tr\/index.php\/wp-json\/wp\/v2\/product_cat?post=722952"},{"taxonomy":"product_tag","embeddable":true,"href":"https:\/\/roveyayinevi.com.tr\/index.php\/wp-json\/wp\/v2\/product_tag?post=722952"}],"curies":[{"name":"wp","href":"https:\/\/api.w.org\/{rel}","templated":true}]}}