{"id":722951,"date":"2025-08-27T19:11:16","date_gmt":"2025-08-27T16:11:16","guid":{"rendered":"https:\/\/roveyayinevi.com.tr\/index.php\/urun\/kirgin-karnaval\/"},"modified":"2026-04-16T02:30:57","modified_gmt":"2026-04-15T23:30:57","slug":"kirgin-karnaval","status":"publish","type":"product","link":"https:\/\/roveyayinevi.com.tr\/index.php\/urun\/kirgin-karnaval\/","title":{"rendered":"K\u0131rg\u0131n Karnaval"},"content":{"rendered":"<p>Kanl\u0131 bir hayat vard\u0131Y\u00fcz\u00fcnle dolu\u015furduKimi ads\u0131z delikanl\u0131larYer alt\u0131ndan gelir veY\u00fcz\u00fcne kavu\u015furdu&#8230; Dosya halindeyken 2019 Yunus Nadi \u015eiir \u00d6d\u00fcl\u00fc alan kitapta Hakan Savl\u0131, g\u00fcncel olaylar\u0131n arkas\u0131ndaki \u015fiirsel s\u00f6ylemi keskin bir dille ortaya \u00e7\u0131kar\u0131yor. Baz\u0131 \u015fiirlerdeyse a\u015fk\u0131 ve ba\u015fka \u015fairlerin \u015fiirlerini konu ediyor.<\/p>\n","protected":false},"excerpt":{"rendered":"<p>Kanl\u0131 bir hayat vard\u0131Y\u00fcz\u00fcnle dolu\u015furduKimi ads\u0131z delikanl\u0131larYer alt\u0131ndan gelir veY\u00fcz\u00fcne kavu\u015furdu&#8230; Dosya halindeyken 2019 Yunus Nadi \u015eiir \u00d6d\u00fcl\u00fc alan kitapta Hakan Savl\u0131, g\u00fcncel olaylar\u0131n arkas\u0131ndaki \u015fiirsel<span class=\"excerpt-hellip\"> [\u2026]<\/span><\/p>\n","protected":false},"featured_media":0,"template":"","meta":{"_monsterinsights_skip_tracking":false,"_monsterinsights_sitenote_active":false,"_monsterinsights_sitenote_note":"","_monsterinsights_sitenote_category":0},"product_brand":[],"product_cat":[12291,12509],"product_tag":[],"class_list":{"0":"post-722951","1":"product","2":"type-product","3":"status-publish","5":"product_cat-edebiyat","6":"product_cat-siir","7":"pa_cilt-ciltsiz","8":"pa_tur-kitap","9":"pa_yayinevi-yapi-kredi-yayinlari","10":"pa_yazar-hakan-savli","12":"first","13":"instock","14":"sale","15":"shipping-taxable","16":"purchasable","17":"product-type-simple"},"_links":{"self":[{"href":"https:\/\/roveyayinevi.com.tr\/index.php\/wp-json\/wp\/v2\/product\/722951","targetHints":{"allow":["GET"]}}],"collection":[{"href":"https:\/\/roveyayinevi.com.tr\/index.php\/wp-json\/wp\/v2\/product"}],"about":[{"href":"https:\/\/roveyayinevi.com.tr\/index.php\/wp-json\/wp\/v2\/types\/product"}],"wp:attachment":[{"href":"https:\/\/roveyayinevi.com.tr\/index.php\/wp-json\/wp\/v2\/media?parent=722951"}],"wp:term":[{"taxonomy":"product_brand","embeddable":true,"href":"https:\/\/roveyayinevi.com.tr\/index.php\/wp-json\/wp\/v2\/product_brand?post=722951"},{"taxonomy":"product_cat","embeddable":true,"href":"https:\/\/roveyayinevi.com.tr\/index.php\/wp-json\/wp\/v2\/product_cat?post=722951"},{"taxonomy":"product_tag","embeddable":true,"href":"https:\/\/roveyayinevi.com.tr\/index.php\/wp-json\/wp\/v2\/product_tag?post=722951"}],"curies":[{"name":"wp","href":"https:\/\/api.w.org\/{rel}","templated":true}]}}