{"id":722950,"date":"2025-08-27T19:11:15","date_gmt":"2025-08-27T16:11:15","guid":{"rendered":"https:\/\/roveyayinevi.com.tr\/index.php\/urun\/turkan-hanimin-olumu\/"},"modified":"2026-04-16T02:30:57","modified_gmt":"2026-04-15T23:30:57","slug":"turkan-hanimin-olumu","status":"publish","type":"product","link":"https:\/\/roveyayinevi.com.tr\/index.php\/urun\/turkan-hanimin-olumu\/","title":{"rendered":"T\u00fcrkan Han\u0131m\u2019\u0131n \u00d6l\u00fcm\u00fc"},"content":{"rendered":"<p>\u201cAntikalar\u0131m\u0131n tozlanmalar\u0131na nas\u0131l izin vermezsem, \u00f6l\u00fcmlerimi de unutu\u015fun k\u00fcllerine terk edemem. B\u00fct\u00fcn \u00f6l\u00fcmleri belle\u011fimde, olduklar\u0131 gibi taptaze saklar\u0131m.\u201dBahanur Garan G\u00f6k\u015fen taraf\u0131ndan haz\u0131rlanan kitap, Sel\u00e7uk Baran\u2019\u0131n K\u0131\u015f Yolculu\u011fu kitab\u0131n\u0131n ilk \u00f6yk\u00fcs\u00fc olan \u201cT\u00fcrk\u00e2n Han\u0131m\u2019\u0131n \u00d6l\u00fcm\u00fc\u201dnden yola \u00e7\u0131karak yazd\u0131\u011f\u0131 \u00fc\u00e7 perdelik oyun. \u201cT\u00fcrk\u00e2n Han\u0131m\u201d ad\u0131yla Ankara Devlet Tiyatrosu \u015einasi Sahnesi\u2019nde 1990-91 sezonunda sahneye konulan bu oyun ilk kez okurun g\u00f6z\u00fc \u00f6n\u00fcne \u00e7\u0131k\u0131yor.Dramaturgi Ar\u015fivi\u2019nde bulunan yazar\u0131n metniyle kitab\u0131ndaki \u00f6yk\u00fc kar\u015f\u0131la\u015ft\u0131r\u0131ld\u0131\u011f\u0131nda birinin \u00f6b\u00fcr\u00fcn\u00fc tamamlad\u0131\u011f\u0131 g\u00f6r\u00fcl\u00fcyor. \u00d6yk\u00fcde kendine k\u0131yarak hayat\u0131na son vermi\u015f T\u00fcrk\u00e2n Han\u0131m\u2019\u0131n ard\u0131ndan ya\u015fananlar ve hakk\u0131nda s\u00f6ylenenler aktar\u0131l\u0131yor. Oyunda ise T\u00fcrk\u00e2n Han\u0131m\u2019\u0131n g\u00fcnl\u00fck hayat\u0131, \u00e7evresindeki ki\u015filer, onu intihara s\u00fcr\u00fckleyen duygular, evlili\u011fi ve hayal k\u0131r\u0131kl\u0131\u011f\u0131yla biten a\u015fk\u0131 anlat\u0131l\u0131yor.Oyunla \u00f6yk\u00fc bir arada okundu\u011funda T\u00fcrk\u00e2n Han\u0131m karakterini yaratan Sel\u00e7uk Baran\u2019\u0131n inceliklerle dolu d\u00fcnyas\u0131n\u0131n perdeleri sonuna dek a\u00e7\u0131l\u0131yor.<\/p>\n","protected":false},"excerpt":{"rendered":"<p>\u201cAntikalar\u0131m\u0131n tozlanmalar\u0131na nas\u0131l izin vermezsem, \u00f6l\u00fcmlerimi de unutu\u015fun k\u00fcllerine terk edemem. B\u00fct\u00fcn \u00f6l\u00fcmleri belle\u011fimde, olduklar\u0131 gibi taptaze saklar\u0131m.\u201dBahanur Garan G\u00f6k\u015fen taraf\u0131ndan haz\u0131rlanan kitap, Sel\u00e7uk Baran\u2019\u0131n K\u0131\u015f<span class=\"excerpt-hellip\"> [\u2026]<\/span><\/p>\n","protected":false},"featured_media":0,"template":"","meta":{"_monsterinsights_skip_tracking":false,"_monsterinsights_sitenote_active":false,"_monsterinsights_sitenote_note":"","_monsterinsights_sitenote_category":0},"product_brand":[],"product_cat":[12291,15566],"product_tag":[],"class_list":{"0":"post-722950","1":"product","2":"type-product","3":"status-publish","5":"product_cat-edebiyat","6":"product_cat-oyun","7":"pa_cilt-ciltsiz","8":"pa_tur-kitap","9":"pa_yayinevi-yapi-kredi-yayinlari","10":"pa_yazar-selcuk-baran","12":"first","13":"instock","14":"sale","15":"shipping-taxable","16":"purchasable","17":"product-type-simple"},"_links":{"self":[{"href":"https:\/\/roveyayinevi.com.tr\/index.php\/wp-json\/wp\/v2\/product\/722950","targetHints":{"allow":["GET"]}}],"collection":[{"href":"https:\/\/roveyayinevi.com.tr\/index.php\/wp-json\/wp\/v2\/product"}],"about":[{"href":"https:\/\/roveyayinevi.com.tr\/index.php\/wp-json\/wp\/v2\/types\/product"}],"wp:attachment":[{"href":"https:\/\/roveyayinevi.com.tr\/index.php\/wp-json\/wp\/v2\/media?parent=722950"}],"wp:term":[{"taxonomy":"product_brand","embeddable":true,"href":"https:\/\/roveyayinevi.com.tr\/index.php\/wp-json\/wp\/v2\/product_brand?post=722950"},{"taxonomy":"product_cat","embeddable":true,"href":"https:\/\/roveyayinevi.com.tr\/index.php\/wp-json\/wp\/v2\/product_cat?post=722950"},{"taxonomy":"product_tag","embeddable":true,"href":"https:\/\/roveyayinevi.com.tr\/index.php\/wp-json\/wp\/v2\/product_tag?post=722950"}],"curies":[{"name":"wp","href":"https:\/\/api.w.org\/{rel}","templated":true}]}}