{"id":722941,"date":"2025-08-27T19:11:08","date_gmt":"2025-08-27T16:11:08","guid":{"rendered":"https:\/\/roveyayinevi.com.tr\/index.php\/urun\/bir-agac-golgesi-gibi-geldi-gecti\/"},"modified":"2026-04-16T02:30:57","modified_gmt":"2026-04-15T23:30:57","slug":"bir-agac-golgesi-gibi-geldi-gecti","status":"publish","type":"product","link":"https:\/\/roveyayinevi.com.tr\/index.php\/urun\/bir-agac-golgesi-gibi-geldi-gecti\/","title":{"rendered":"Bir A\u011fa\u00e7 G\u00f6lgesi Gibi Geldi Ge\u00e7ti"},"content":{"rendered":"<p>&#8220;Ak\u0131p gitmesin bir \u00f6m\u00fcr&#8221; diye\u2026\u201cTan\u0131yan herkesin bildi\u011fi gibi temiz y\u00fcrekli, sporcu; do\u011faya, sanata, k\u00fclt\u00fcre ve b\u00fct\u00fcn canl\u0131lara sayg\u0131 duyan; yaln\u0131z sayg\u0131yla da yetinmeyip ki\u015fili\u011finden ta\u015fan bir co\u015fku ve sevgiyle hepsine sahip \u00e7\u0131kan, e\u015fine zor rastlan\u0131r bir insand\u0131.\u201d- Z\u00fclf\u00fc LivaneliBir A\u011fa\u00e7 G\u00f6lgesi Gibi Geldi Ge\u00e7ti, e\u011fitimci, sporcu, siyaset\u00e7i Fikret \u00dcnl\u00fc\u2019n\u00fcn vefat etmeden \u00f6nce kaleme ald\u0131\u011f\u0131 an\u0131lar\u0131ndan olu\u015fuyor. Fikret \u00fcnl\u00fc \u00e7ocuklu\u011fundan \u00f6\u011fretmenlik y\u0131llar\u0131na, b\u00fcrokrasi ve siyaset y\u0131llar\u0131ndan emeklili\u011fine uzanan yakla\u015f\u0131k yetmi\u015f y\u0131ll\u0131k uzun bir yolculu\u011fu co\u015fkuyla, kendine has \u00fcslubu ve \u00f6zeniyle anlat\u0131yor\u2026 Hayat\u0131 boyunca insandan, do\u011fadan yana olan Fikret \u00dcnl\u00fc, mesleki ve siyasi hayat\u0131nda da olaylara do\u011fadan ald\u0131\u011f\u0131 bilgelikle yakla\u015ft\u0131. Bu y\u00fczden de Z\u00fclf\u00fc Livaneli\u2019nin deyimiyle, \u201csiyasete onurlu girdi, onurlu \u00e7\u0131kt\u0131; Ankara bu Toros \u00e7ocu\u011funun temiz ruhunu kirletemedi\u201d.  Bu kitap, tamamlanmam\u0131\u015f bir hik\u00e2ye olmakla birlikte Toroslar\u0131n bilge evlad\u0131na bir sayg\u0131 duru\u015fu ayn\u0131 zamanda\u2026<\/p>\n","protected":false},"excerpt":{"rendered":"<p>&#8220;Ak\u0131p gitmesin bir \u00f6m\u00fcr&#8221; diye\u2026\u201cTan\u0131yan herkesin bildi\u011fi gibi temiz y\u00fcrekli, sporcu; do\u011faya, sanata, k\u00fclt\u00fcre ve b\u00fct\u00fcn canl\u0131lara sayg\u0131 duyan; yaln\u0131z sayg\u0131yla da yetinmeyip ki\u015fili\u011finden ta\u015fan bir<span class=\"excerpt-hellip\"> [\u2026]<\/span><\/p>\n","protected":false},"featured_media":0,"template":"","meta":{"_monsterinsights_skip_tracking":false,"_monsterinsights_sitenote_active":false,"_monsterinsights_sitenote_note":"","_monsterinsights_sitenote_category":0},"product_brand":[],"product_cat":[13946,12304],"product_tag":[],"class_list":{"0":"post-722941","1":"product","2":"type-product","3":"status-publish","5":"product_cat-biyografi-otobiyografi","6":"product_cat-tarih","7":"pa_cilt-ciltsiz","8":"pa_tur-kitap","9":"pa_yayinevi-dogan-kitap","10":"pa_yazar-fikret-unlu","12":"first","13":"instock","14":"sale","15":"shipping-taxable","16":"purchasable","17":"product-type-simple"},"_links":{"self":[{"href":"https:\/\/roveyayinevi.com.tr\/index.php\/wp-json\/wp\/v2\/product\/722941","targetHints":{"allow":["GET"]}}],"collection":[{"href":"https:\/\/roveyayinevi.com.tr\/index.php\/wp-json\/wp\/v2\/product"}],"about":[{"href":"https:\/\/roveyayinevi.com.tr\/index.php\/wp-json\/wp\/v2\/types\/product"}],"wp:attachment":[{"href":"https:\/\/roveyayinevi.com.tr\/index.php\/wp-json\/wp\/v2\/media?parent=722941"}],"wp:term":[{"taxonomy":"product_brand","embeddable":true,"href":"https:\/\/roveyayinevi.com.tr\/index.php\/wp-json\/wp\/v2\/product_brand?post=722941"},{"taxonomy":"product_cat","embeddable":true,"href":"https:\/\/roveyayinevi.com.tr\/index.php\/wp-json\/wp\/v2\/product_cat?post=722941"},{"taxonomy":"product_tag","embeddable":true,"href":"https:\/\/roveyayinevi.com.tr\/index.php\/wp-json\/wp\/v2\/product_tag?post=722941"}],"curies":[{"name":"wp","href":"https:\/\/api.w.org\/{rel}","templated":true}]}}