{"id":722940,"date":"2025-08-27T19:11:07","date_gmt":"2025-08-27T16:11:07","guid":{"rendered":"https:\/\/roveyayinevi.com.tr\/index.php\/urun\/ah-be-alexander\/"},"modified":"2026-04-16T02:30:57","modified_gmt":"2026-04-15T23:30:57","slug":"ah-be-alexander","status":"publish","type":"product","link":"https:\/\/roveyayinevi.com.tr\/index.php\/urun\/ah-be-alexander\/","title":{"rendered":"Ah Be Alexander"},"content":{"rendered":"<p>Son derece s\u0131cak ve samimi duygularla anlat\u0131lm\u0131\u015f, beklenmedik sorunlarla ba\u015f eden ailelere g\u00fc\u00e7 verecek, ger\u00e7ek bir hik\u00e2ye.O\u011flu, hen\u00fcz tedavisi bulunamam\u0131\u015f az rastlanan Alexander hastal\u0131\u011f\u0131yla bo\u011fu\u015furken her bilgi k\u0131r\u0131nt\u0131s\u0131ndan medet uman, her olumsuz c\u00fcmlede y\u0131k\u0131l\u0131p enkaz alt\u0131nda kalan, \u00f6n\u00fcn\u00fc g\u00f6remeyen bir baban\u0131n ya\u015fad\u0131\u011f\u0131 duygusal gelgitler, i\u00e7inde kopan f\u0131rt\u0131nalar\u2026K\u00f6\u015feba\u015flar\u0131n\u0131 tutan ars\u0131z karamsarl\u0131k bazen iyimserli\u011fi bast\u0131rsa bile her zaman galip gelen umut oluyor\u2026 Her daim heybemizde bizi diri tutan umut!<\/p>\n","protected":false},"excerpt":{"rendered":"<p>Son derece s\u0131cak ve samimi duygularla anlat\u0131lm\u0131\u015f, beklenmedik sorunlarla ba\u015f eden ailelere g\u00fc\u00e7 verecek, ger\u00e7ek bir hik\u00e2ye.O\u011flu, hen\u00fcz tedavisi bulunamam\u0131\u015f az rastlanan Alexander hastal\u0131\u011f\u0131yla bo\u011fu\u015furken her<span class=\"excerpt-hellip\"> [\u2026]<\/span><\/p>\n","protected":false},"featured_media":0,"template":"","meta":{"_monsterinsights_skip_tracking":false,"_monsterinsights_sitenote_active":false,"_monsterinsights_sitenote_note":"","_monsterinsights_sitenote_category":0},"product_brand":[],"product_cat":[13701,12291],"product_tag":[],"class_list":{"0":"post-722940","1":"product","2":"type-product","3":"status-publish","5":"product_cat-ani-mektup-gunluk","6":"product_cat-edebiyat","7":"pa_cilt-ciltsiz","8":"pa_tur-kitap","9":"pa_yayinevi-dogan-kitap","10":"pa_yazar-hakan-konakci","12":"first","13":"instock","14":"sale","15":"shipping-taxable","16":"purchasable","17":"product-type-simple"},"_links":{"self":[{"href":"https:\/\/roveyayinevi.com.tr\/index.php\/wp-json\/wp\/v2\/product\/722940","targetHints":{"allow":["GET"]}}],"collection":[{"href":"https:\/\/roveyayinevi.com.tr\/index.php\/wp-json\/wp\/v2\/product"}],"about":[{"href":"https:\/\/roveyayinevi.com.tr\/index.php\/wp-json\/wp\/v2\/types\/product"}],"wp:attachment":[{"href":"https:\/\/roveyayinevi.com.tr\/index.php\/wp-json\/wp\/v2\/media?parent=722940"}],"wp:term":[{"taxonomy":"product_brand","embeddable":true,"href":"https:\/\/roveyayinevi.com.tr\/index.php\/wp-json\/wp\/v2\/product_brand?post=722940"},{"taxonomy":"product_cat","embeddable":true,"href":"https:\/\/roveyayinevi.com.tr\/index.php\/wp-json\/wp\/v2\/product_cat?post=722940"},{"taxonomy":"product_tag","embeddable":true,"href":"https:\/\/roveyayinevi.com.tr\/index.php\/wp-json\/wp\/v2\/product_tag?post=722940"}],"curies":[{"name":"wp","href":"https:\/\/api.w.org\/{rel}","templated":true}]}}