{"id":722938,"date":"2025-08-27T19:11:05","date_gmt":"2025-08-27T16:11:05","guid":{"rendered":"https:\/\/roveyayinevi.com.tr\/index.php\/urun\/elanin-neseli-gunlugu-2-sinif-set-10-kitap\/"},"modified":"2026-04-16T02:30:57","modified_gmt":"2026-04-15T23:30:57","slug":"elanin-neseli-gunlugu-2-sinif-set-10-kitap","status":"publish","type":"product","link":"https:\/\/roveyayinevi.com.tr\/index.php\/urun\/elanin-neseli-gunlugu-2-sinif-set-10-kitap\/","title":{"rendered":"Ela\u2019n\u0131n Ne\u015feli G\u00fcnl\u00fc\u011f\u00fc \u2013 2. S\u0131n\u0131f Set (10 Kitap)"},"content":{"rendered":"<p>2. s\u0131n\u0131flara hitap eden bu on kitapta on farkl\u0131 maceraya yelken a\u00e7acaks\u0131n\u0131z. Fakat bu hik\u00e2yelerde sadece macera m\u0131 var? Tabii ki hay\u0131r! Analitik ve bilimsel d\u00fc\u015f\u00fcnme, problem \u00e7\u00f6zme, payla\u015fma, arkada\u015fl\u0131k gibi de\u011ferler bu kitaplar\u0131n i\u00e7inde\u2026 \u00dcstelik hik\u00e2yelere dair etkinlikler, bulmacalar, sorularla birlikte\u2026Okumak isteyene, okumas\u0131n\u0131 bilene\u2026<\/p>\n","protected":false},"excerpt":{"rendered":"<p>2. s\u0131n\u0131flara hitap eden bu on kitapta on farkl\u0131 maceraya yelken a\u00e7acaks\u0131n\u0131z. Fakat bu hik\u00e2yelerde sadece macera m\u0131 var? Tabii ki hay\u0131r! Analitik ve bilimsel d\u00fc\u015f\u00fcnme,<span class=\"excerpt-hellip\"> [\u2026]<\/span><\/p>\n","protected":false},"featured_media":0,"template":"","meta":{"_monsterinsights_skip_tracking":false,"_monsterinsights_sitenote_active":false,"_monsterinsights_sitenote_note":"","_monsterinsights_sitenote_category":0},"product_brand":[],"product_cat":[12274,12284],"product_tag":[],"class_list":{"0":"post-722938","1":"product","2":"type-product","3":"status-publish","5":"product_cat-cocuk-ve-genclik-kitaplari","6":"product_cat-hikayeler","7":"pa_cilt-ciltsiz","8":"pa_tur-kitap","9":"pa_yayinevi-mavi-kirpi-yayinlari","10":"pa_yazar-celal-akbas","12":"first","13":"instock","14":"sale","15":"shipping-taxable","16":"purchasable","17":"product-type-simple"},"_links":{"self":[{"href":"https:\/\/roveyayinevi.com.tr\/index.php\/wp-json\/wp\/v2\/product\/722938","targetHints":{"allow":["GET"]}}],"collection":[{"href":"https:\/\/roveyayinevi.com.tr\/index.php\/wp-json\/wp\/v2\/product"}],"about":[{"href":"https:\/\/roveyayinevi.com.tr\/index.php\/wp-json\/wp\/v2\/types\/product"}],"wp:attachment":[{"href":"https:\/\/roveyayinevi.com.tr\/index.php\/wp-json\/wp\/v2\/media?parent=722938"}],"wp:term":[{"taxonomy":"product_brand","embeddable":true,"href":"https:\/\/roveyayinevi.com.tr\/index.php\/wp-json\/wp\/v2\/product_brand?post=722938"},{"taxonomy":"product_cat","embeddable":true,"href":"https:\/\/roveyayinevi.com.tr\/index.php\/wp-json\/wp\/v2\/product_cat?post=722938"},{"taxonomy":"product_tag","embeddable":true,"href":"https:\/\/roveyayinevi.com.tr\/index.php\/wp-json\/wp\/v2\/product_tag?post=722938"}],"curies":[{"name":"wp","href":"https:\/\/api.w.org\/{rel}","templated":true}]}}