{"id":722932,"date":"2025-08-27T19:11:01","date_gmt":"2025-08-27T16:11:01","guid":{"rendered":"https:\/\/roveyayinevi.com.tr\/index.php\/urun\/dede-korkut-destaninin-turkmenistan-boylari\/"},"modified":"2026-04-16T02:30:57","modified_gmt":"2026-04-15T23:30:57","slug":"dede-korkut-destaninin-turkmenistan-boylari","status":"publish","type":"product","link":"https:\/\/roveyayinevi.com.tr\/index.php\/urun\/dede-korkut-destaninin-turkmenistan-boylari\/","title":{"rendered":"Dede Korkut Destan\u0131&#8217;n\u0131n T\u00fcrkmenistan Boylar\u0131"},"content":{"rendered":"<p>Bu \u00e7al\u0131\u015fma, daha \u00f6nceki y\u0131llarda T\u00fcrkmenistan\u2019da derlenmi\u015f Dede Korkut Destan\u0131\u2019n\u0131n 14 boyunu i\u00e7ermektedir. Bunlardan 7 tanesi Dresden n\u00fcshas\u0131nda yer alan boylar\u0131n T\u00fcrkmenistan\u2019da anlat\u0131lan varyant\u0131d\u0131r. Di\u011fer 7 boy ise tamamen yeni boylard\u0131r. Dolay\u0131s\u0131yla bahsedilen 7 boy daha \u00f6nce T\u00fcrk d\u00fcnyas\u0131nda bilinmedi\u011fine g\u00f6re, bu yay\u0131n, Dede Korkut Destan\u0131 konusuna \u00e7ok \u00f6nemli bir katk\u0131 olacakt\u0131r. Prof. Dr. Necati Demir, Dede Korkut Destan\u0131\u2019n\u0131n T\u00fcrkmen T\u00fcrk\u00e7esi ile kaleme al\u0131nm\u0131\u015f metinlerini \u00e7e\u015fitli kaynaklardan derleyip toparlam\u0131\u015f, sonra da asl\u0131na sad\u0131k kalarak T\u00fcrkiye T\u00fcrk\u00e7esine aktarm\u0131\u015ft\u0131r.\u00c7al\u0131\u015fma, \u201cGiri\u015f\u201d ve \u201cDede Korkut Destan\u0131\u2019n\u0131n T\u00fcrkmenistan Boylar\u0131\u201d olmak \u00fczere iki k\u0131s\u0131mdan olu\u015fmaktad\u0131r.Giri\u015f b\u00f6l\u00fcm\u00fcnde Dede Korkut Destan\u0131\u2019n\u0131n T\u00fcrkmenistan\u2019da derlenen ve yaz\u0131ya ge\u00e7irilen boylar\u0131; konu, \u015fah\u0131s kadrosu, co\u011frafya ve O\u011fuz boylar\u0131 bak\u0131m\u0131ndan de\u011ferlendirilmi\u015ftir. \u201cDede Korkut Destan\u0131\u2019n\u0131n T\u00fcrkmenistan Boylar\u0131\u201d b\u00f6l\u00fcm\u00fc ise T\u00fcrkmenistan\u2019da derlenip yaz\u0131ya ge\u00e7en ve \u00e7e\u015fitli yay\u0131n organlar\u0131nda yay\u0131mlanan metinleri i\u00e7ermektedir.<\/p>\n","protected":false},"excerpt":{"rendered":"<p>Bu \u00e7al\u0131\u015fma, daha \u00f6nceki y\u0131llarda T\u00fcrkmenistan\u2019da derlenmi\u015f Dede Korkut Destan\u0131\u2019n\u0131n 14 boyunu i\u00e7ermektedir. Bunlardan 7 tanesi Dresden n\u00fcshas\u0131nda yer alan boylar\u0131n T\u00fcrkmenistan\u2019da anlat\u0131lan varyant\u0131d\u0131r. Di\u011fer 7<span class=\"excerpt-hellip\"> [\u2026]<\/span><\/p>\n","protected":false},"featured_media":0,"template":"","meta":{"_monsterinsights_skip_tracking":false,"_monsterinsights_sitenote_active":false,"_monsterinsights_sitenote_note":"","_monsterinsights_sitenote_category":0},"product_brand":[],"product_cat":[12291,13706],"product_tag":[],"class_list":{"0":"post-722932","1":"product","2":"type-product","3":"status-publish","5":"product_cat-edebiyat","6":"product_cat-efsane-destan-masal","7":"pa_cilt-ciltli","8":"pa_tur-kitap","9":"pa_yayinevi-otuken-nesriyat","10":"pa_yazar-necati-demir","12":"first","13":"instock","14":"sale","15":"shipping-taxable","16":"purchasable","17":"product-type-simple"},"_links":{"self":[{"href":"https:\/\/roveyayinevi.com.tr\/index.php\/wp-json\/wp\/v2\/product\/722932","targetHints":{"allow":["GET"]}}],"collection":[{"href":"https:\/\/roveyayinevi.com.tr\/index.php\/wp-json\/wp\/v2\/product"}],"about":[{"href":"https:\/\/roveyayinevi.com.tr\/index.php\/wp-json\/wp\/v2\/types\/product"}],"wp:attachment":[{"href":"https:\/\/roveyayinevi.com.tr\/index.php\/wp-json\/wp\/v2\/media?parent=722932"}],"wp:term":[{"taxonomy":"product_brand","embeddable":true,"href":"https:\/\/roveyayinevi.com.tr\/index.php\/wp-json\/wp\/v2\/product_brand?post=722932"},{"taxonomy":"product_cat","embeddable":true,"href":"https:\/\/roveyayinevi.com.tr\/index.php\/wp-json\/wp\/v2\/product_cat?post=722932"},{"taxonomy":"product_tag","embeddable":true,"href":"https:\/\/roveyayinevi.com.tr\/index.php\/wp-json\/wp\/v2\/product_tag?post=722932"}],"curies":[{"name":"wp","href":"https:\/\/api.w.org\/{rel}","templated":true}]}}