{"id":722931,"date":"2025-08-27T19:11:00","date_gmt":"2025-08-27T16:11:00","guid":{"rendered":"https:\/\/roveyayinevi.com.tr\/index.php\/urun\/kenan-rifainin-dervislik-anlayisi\/"},"modified":"2026-04-16T02:30:57","modified_gmt":"2026-04-15T23:30:57","slug":"kenan-rifainin-dervislik-anlayisi","status":"publish","type":"product","link":"https:\/\/roveyayinevi.com.tr\/index.php\/urun\/kenan-rifainin-dervislik-anlayisi\/","title":{"rendered":"Ken\u2019an Rifai\u2019nin Dervi\u015flik Anlay\u0131\u015f\u0131"},"content":{"rendered":"<p>\u201cKitap, tasavvuf gelene\u011fini Osmanl\u0131\u2019dan Cumhuriyet\u2019e ta\u015f\u0131yan Ken\u2019an Rif\u00e2\u00ee\u2019nin sohbet notlar\u0131na dayan\u0131yor. Talebesi Me\u015fk\u00fbre Sargut\u2019un tuttu\u011fu bu notlar\u0131, tasavvuf hayat\u0131n\u0131n esas\u0131n\u0131 te\u015fkil eden \u2018dervi\u015flik\u2019 anlay\u0131\u015f\u0131 \u00fczerinden akademik bir \u00e7al\u0131\u015fmayla g\u00fcn y\u00fcz\u00fcne \u00e7\u0131karmak, \u00e7a\u011f\u0131m\u0131zda tasavvufun nas\u0131l ya\u015fanaca\u011f\u0131na dair mesajlar i\u00e7ermesi bak\u0131m\u0131ndan ayr\u0131 bir \u00f6nemi h\u00e2izdir.\u201dProf. Dr. Re\u015fat \u00d6ng\u00f6ren\u201cTasavvuf tarihinde entelekt\u00fcel \u00fcr\u00fcn ortaya koyma sadedinde ustalar\u0131n \u00fc\u00e7 tarzda hareket ettiklerini g\u00f6r\u00fcr\u00fcz. Hem eser yaz\u0131p hem sohbet edenler; sadece eser yaz\u0131p sohbet etmeyenler; s\u0131rf sohbet edip eser yazmayanlar. (\u00dc\u00e7\u00fcnden de olmayan bir de mahf\u00eeler var ki onlar ayr\u0131 bir konu.) Sohbet edilen mecliste not tutanlar\u0131n da olmas\u0131 ise Tasavvuf\u2019un pek m\u00fchim baz\u0131 yaz\u0131l\u0131 kaynaklar\u0131n\u0131n olu\u015fmas\u0131n\u0131 sa\u011flayan ve g\u00fcn\u00fcm\u00fcze kadar s\u00fcren bir gelenek olmu\u015ftur. \u0130\u015fte yak\u0131n d\u00f6nem ustalardan birisi olan Ken\u2019\u00e2n R\u0131f\u00e2\u00ee\u2019nin (v. 1950) sohbetlerine kat\u0131lanlardan baz\u0131lar\u0131n\u0131n da notlar tuttu\u011funu biliyoruz. Bunlardan birisi de Me\u015fk\u00fbre Sargut (v. 2014) Han\u0131mefendi\u2019dir. 13 deftere b\u00e2li\u011f olarak tuttu\u011fu notlar bug\u00fcn torunu Kerim G\u00fc\u00e7 taraf\u0131ndan ba\u015ftan sona taranarak hus\u00fbsen \u2018Dervi\u015flik\u2019 mefhumu \u00f6ne al\u0131nmak suretiyle bir akademik tez haz\u0131rlanm\u0131\u015ft\u0131r. Kendisini tebrik eder, anneannesinin o defterlerinin tamam\u0131n\u0131 haz\u0131rlamas\u0131n\u0131 da ayr\u0131ca intizar ederiz.\u201d- Prof. Dr. Mahmud Erol K\u0131l\u0131\u00e7\u201cBen fakir, bana yeni\u00e7erilerden cinlere dek her konuda kitaplar okuyan, hik\u00e2yeler anlatan rahmetli babaannemi \u00e7ok severdim. Bendenize, \u2018Me\u015fk\u00fbre Sargut\u2019u anlatmaya ve defterlerini anlamaya en lay\u0131k kimdir?\u2019 diye sorulsa hi\u00e7 d\u00fc\u015f\u00fcnmeden \u2018Hasan Kerim G\u00fc\u00e7\u2019 derdim. \u00c7\u00fcnk\u00fc onu anneannesi Me\u015fk\u00fbre Sargut\u2019u anlat\u0131rken dinledim ve g\u00f6rd\u00fcm ki benim i\u00e7in babaannem ne ise onun i\u00e7in de anneannesi odur. Siz de onun, anneannesinin kendisine \u00e7ocukken \u2018\u015feytana neden ve nas\u0131l ac\u0131d\u0131\u011f\u0131n\u0131\u2019 anlat\u0131rken dinleseydiniz onun bu liy\u00e2katine inan\u0131rd\u0131n\u0131z\u2026Do\u011fruyu anlatan herkese sel\u00e2m olsun ve sel\u00e2mette olsun\u2026\u201dProf. Dr. H\u00fclya K\u00fc\u00e7\u00fck\u201cKen&#8217;\u00e2n Rif\u00e2\u00ee Hazretleri\u2019nin m\u00fcr\u015fitlik vasf\u0131n\u0131 anlayan ve onun dervi\u015flik anlay\u0131\u015f\u0131n\u0131 h\u00e2l haline ge\u00e7irip uygulayan \u00f6\u011frencisi Me\u015fk\u00fbre Sargut\u2019tan \u00f6\u011frenme zevkini torunu Kerim G\u00fc\u00e7\u2019\u00fcn a\u011fz\u0131ndan dinliyoruz. Bu bilgilerin bug\u00fcne ta\u015f\u0131nm\u0131\u015f olmas\u0131ndan \u00e2ciz\u00e2ne \u00e7ok mutluyum. En yak\u0131n \u015f\u00e2hidi oldu\u011fum anneanne-torun ili\u015fkisinin bu seviyede insanl\u0131k \u00e2lemine a\u00e7\u0131lmas\u0131 da karde\u015fim Asuman Sargut Kulaks\u0131z ve benim i\u00e7in bir l\u00fctuftur. Allah anlamay\u0131, idrak etmeyi ve dervi\u015f olabilmeyi nasip etsin.\u201d- Ce\u00f6alnur Sargut<\/p>\n","protected":false},"excerpt":{"rendered":"<p>\u201cKitap, tasavvuf gelene\u011fini Osmanl\u0131\u2019dan Cumhuriyet\u2019e ta\u015f\u0131yan Ken\u2019an Rif\u00e2\u00ee\u2019nin sohbet notlar\u0131na dayan\u0131yor. Talebesi Me\u015fk\u00fbre Sargut\u2019un tuttu\u011fu bu notlar\u0131, tasavvuf hayat\u0131n\u0131n esas\u0131n\u0131 te\u015fkil eden \u2018dervi\u015flik\u2019 anlay\u0131\u015f\u0131 \u00fczerinden akademik<span class=\"excerpt-hellip\"> [\u2026]<\/span><\/p>\n","protected":false},"featured_media":0,"template":"","meta":{"_monsterinsights_skip_tracking":false,"_monsterinsights_sitenote_active":false,"_monsterinsights_sitenote_note":"","_monsterinsights_sitenote_category":0},"product_brand":[],"product_cat":[12718,12719,12720],"product_tag":[],"class_list":{"0":"post-722931","1":"product","2":"type-product","3":"status-publish","5":"product_cat-din","6":"product_cat-islam","7":"product_cat-tasavvuf-mezhepler-tarikatlar","8":"pa_cilt-ciltsiz","9":"pa_tur-kitap","10":"pa_yayinevi-nefes-yayincilik","11":"pa_yazar-hasan-kerim-guc","13":"first","14":"instock","15":"sale","16":"shipping-taxable","17":"purchasable","18":"product-type-simple"},"_links":{"self":[{"href":"https:\/\/roveyayinevi.com.tr\/index.php\/wp-json\/wp\/v2\/product\/722931","targetHints":{"allow":["GET"]}}],"collection":[{"href":"https:\/\/roveyayinevi.com.tr\/index.php\/wp-json\/wp\/v2\/product"}],"about":[{"href":"https:\/\/roveyayinevi.com.tr\/index.php\/wp-json\/wp\/v2\/types\/product"}],"wp:attachment":[{"href":"https:\/\/roveyayinevi.com.tr\/index.php\/wp-json\/wp\/v2\/media?parent=722931"}],"wp:term":[{"taxonomy":"product_brand","embeddable":true,"href":"https:\/\/roveyayinevi.com.tr\/index.php\/wp-json\/wp\/v2\/product_brand?post=722931"},{"taxonomy":"product_cat","embeddable":true,"href":"https:\/\/roveyayinevi.com.tr\/index.php\/wp-json\/wp\/v2\/product_cat?post=722931"},{"taxonomy":"product_tag","embeddable":true,"href":"https:\/\/roveyayinevi.com.tr\/index.php\/wp-json\/wp\/v2\/product_tag?post=722931"}],"curies":[{"name":"wp","href":"https:\/\/api.w.org\/{rel}","templated":true}]}}