{"id":722929,"date":"2025-08-27T19:10:58","date_gmt":"2025-08-27T16:10:58","guid":{"rendered":"https:\/\/roveyayinevi.com.tr\/index.php\/urun\/cingoz-recai-arsen-lupen-istanbulda\/"},"modified":"2026-04-16T02:30:57","modified_gmt":"2026-04-15T23:30:57","slug":"cingoz-recai-arsen-lupen-istanbulda","status":"publish","type":"product","link":"https:\/\/roveyayinevi.com.tr\/index.php\/urun\/cingoz-recai-arsen-lupen-istanbulda\/","title":{"rendered":"Cing\u00f6z Recai &#8211; Arsen L\u00fcpen \u0130stanbul&#8217;da"},"content":{"rendered":"<p>\u201c\u0130kisi de menfaatten ziyade \u015fahsi keyifleri, \u015ferefleri ve macera h\u0131rslar\u0131 i\u00e7in \u00e7al\u0131\u015f\u0131yorlard\u0131. \u0130kisi de, birka\u00e7 kuru\u015f irtikab edenler k\u00fcrek cezas\u0131 yerken milyonlar \u00e7ald\u0131\u011f\u0131 h\u00e2lde \u2018mesned-i izzet\u2019te oturan adamlar\u0131 soyarak halk\u0131n sempatisini kazanm\u0131\u015flard\u0131. \u0130kisi de fukaraperver, c\u00f6mert, hovarda ve m\u00fcstehziydiler.\u201d \u0130lk defa 1935 y\u0131l\u0131nda, Yeni Ne\u015friyat \u015eirketi taraf\u0131ndan Vak\u0131t Matbaas\u0131\u2019nda bas\u0131lan Arsen L\u00fcpen \u0130stanbul\u2019da Cing\u00f6z Recai ile Birlikte ve Kar\u015f\u0131 Kar\u015f\u0131ya, Cing\u00f6z Recai serisinin en ilgi \u00e7ekici eserlerinden biridir. Frans\u0131zlar\u0131n kibar h\u0131rs\u0131z\u0131 Ars\u00e8ne Lupin\u2019i \u0130stanbul\u2019da Cing\u00f6z Recai ile kar\u015f\u0131 kar\u015f\u0131ya getiren Peyami Safa, benzer \u00f6zellikler ta\u015f\u0131yan bu ikiliyi son ana kadar s\u0131rlarla dolu bir maceraya s\u00fcr\u00fckler. Ba\u015fkomiser Mehmet R\u0131za da bu macerada hem az\u0131l\u0131 su\u00e7lular\u0131n pe\u015finden gitmek hem de y\u0131llard\u0131r amans\u0131z bir takibe giri\u015fti\u011fi Cing\u00f6z Recai\u2019yi ve onun Avrupa\u2019daki emsali Ars\u00e8ne Lupin\u2019i yakalamak hevesindedir. Uyu\u015fturucu ka\u00e7ak\u00e7\u0131l\u0131\u011f\u0131ndan cinayete ve ak\u0131l almaz hilelerle ger\u00e7ekle\u015ftirilen soygun hadiselerine uzanan aksiyon dolu bu Cing\u00f6z Recai roman\u0131n\u0131 Banu \u00d6zt\u00fcrk\u2019\u00fcn notlar\u0131yla sunuyoruz. \u201cMe\u015fhur Frans\u0131z ve T\u00fcrk kibar h\u0131rs\u0131zlar\u0131n\u0131n \u015fimdiye kadar ne kitap h\u00e2linde ne de gazetelerle hi\u00e7 ne\u015fredilmemi\u015f yepyeni, akla gelmez hileleri ve \u015feytanl\u0131klar\u0131yla dolu, \u015fa\u015f\u0131rt\u0131c\u0131 ve t\u00fcyler \u00fcrpertici, harikulade polis ve cinayet roman\u0131\u201d<\/p>\n","protected":false},"excerpt":{"rendered":"<p>\u201c\u0130kisi de menfaatten ziyade \u015fahsi keyifleri, \u015ferefleri ve macera h\u0131rslar\u0131 i\u00e7in \u00e7al\u0131\u015f\u0131yorlard\u0131. \u0130kisi de, birka\u00e7 kuru\u015f irtikab edenler k\u00fcrek cezas\u0131 yerken milyonlar \u00e7ald\u0131\u011f\u0131 h\u00e2lde \u2018mesned-i izzet\u2019te<span class=\"excerpt-hellip\"> [\u2026]<\/span><\/p>\n","protected":false},"featured_media":0,"template":"","meta":{"_monsterinsights_skip_tracking":false,"_monsterinsights_sitenote_active":false,"_monsterinsights_sitenote_note":"","_monsterinsights_sitenote_category":0},"product_brand":[],"product_cat":[12291,15445],"product_tag":[],"class_list":{"0":"post-722929","1":"product","2":"type-product","3":"status-publish","5":"product_cat-edebiyat","6":"product_cat-polisiye","7":"pa_cilt-ciltsiz","8":"pa_tur-kitap","9":"pa_yayinevi-otuken-nesriyat","10":"pa_yazar-peyami-safa-server-bedi","12":"first","13":"instock","14":"sale","15":"shipping-taxable","16":"purchasable","17":"product-type-simple"},"_links":{"self":[{"href":"https:\/\/roveyayinevi.com.tr\/index.php\/wp-json\/wp\/v2\/product\/722929","targetHints":{"allow":["GET"]}}],"collection":[{"href":"https:\/\/roveyayinevi.com.tr\/index.php\/wp-json\/wp\/v2\/product"}],"about":[{"href":"https:\/\/roveyayinevi.com.tr\/index.php\/wp-json\/wp\/v2\/types\/product"}],"wp:attachment":[{"href":"https:\/\/roveyayinevi.com.tr\/index.php\/wp-json\/wp\/v2\/media?parent=722929"}],"wp:term":[{"taxonomy":"product_brand","embeddable":true,"href":"https:\/\/roveyayinevi.com.tr\/index.php\/wp-json\/wp\/v2\/product_brand?post=722929"},{"taxonomy":"product_cat","embeddable":true,"href":"https:\/\/roveyayinevi.com.tr\/index.php\/wp-json\/wp\/v2\/product_cat?post=722929"},{"taxonomy":"product_tag","embeddable":true,"href":"https:\/\/roveyayinevi.com.tr\/index.php\/wp-json\/wp\/v2\/product_tag?post=722929"}],"curies":[{"name":"wp","href":"https:\/\/api.w.org\/{rel}","templated":true}]}}