{"id":722928,"date":"2025-08-27T19:10:57","date_gmt":"2025-08-27T16:10:57","guid":{"rendered":"https:\/\/roveyayinevi.com.tr\/index.php\/urun\/gonulden-tasanlar\/"},"modified":"2026-04-16T02:30:57","modified_gmt":"2026-04-15T23:30:57","slug":"gonulden-tasanlar","status":"publish","type":"product","link":"https:\/\/roveyayinevi.com.tr\/index.php\/urun\/gonulden-tasanlar\/","title":{"rendered":"G\u00f6n\u00fclden Ta\u015fanlar"},"content":{"rendered":"<p>\u201cHalka hizmet etmeyende sevgilinin i\u015fi ne?Hizmet yoksa bre Dervi\u015f bu ibadet neye yarar?\u201dAllah a\u015fk\u0131n\u0131n bir eri, Hak yolunun bir hizmetk\u00e2r\u0131 olarak \u00f6mr\u00fcn\u00fc ge\u00e7irenlere, hasretle, sevgiyle, sevgiliyle g\u00f6nl\u00fc co\u015fan, ta\u015fan herkese ve en \u00e7ok da nereye gitti\u011fini bilen yolculara selam olsun&#8230;<\/p>\n","protected":false},"excerpt":{"rendered":"<p>\u201cHalka hizmet etmeyende sevgilinin i\u015fi ne?Hizmet yoksa bre Dervi\u015f bu ibadet neye yarar?\u201dAllah a\u015fk\u0131n\u0131n bir eri, Hak yolunun bir hizmetk\u00e2r\u0131 olarak \u00f6mr\u00fcn\u00fc ge\u00e7irenlere, hasretle, sevgiyle, sevgiliyle<span class=\"excerpt-hellip\"> [\u2026]<\/span><\/p>\n","protected":false},"featured_media":0,"template":"","meta":{"_monsterinsights_skip_tracking":false,"_monsterinsights_sitenote_active":false,"_monsterinsights_sitenote_note":"","_monsterinsights_sitenote_category":0},"product_brand":[],"product_cat":[12291,12509],"product_tag":[],"class_list":{"0":"post-722928","1":"product","2":"type-product","3":"status-publish","5":"product_cat-edebiyat","6":"product_cat-siir","7":"pa_cilt-ciltsiz","8":"pa_tur-kitap","9":"pa_yayinevi-tuti-kitap","10":"pa_yazar-asuman-sargut-kulaksiz","12":"first","13":"instock","14":"sale","15":"shipping-taxable","16":"purchasable","17":"product-type-simple"},"_links":{"self":[{"href":"https:\/\/roveyayinevi.com.tr\/index.php\/wp-json\/wp\/v2\/product\/722928","targetHints":{"allow":["GET"]}}],"collection":[{"href":"https:\/\/roveyayinevi.com.tr\/index.php\/wp-json\/wp\/v2\/product"}],"about":[{"href":"https:\/\/roveyayinevi.com.tr\/index.php\/wp-json\/wp\/v2\/types\/product"}],"wp:attachment":[{"href":"https:\/\/roveyayinevi.com.tr\/index.php\/wp-json\/wp\/v2\/media?parent=722928"}],"wp:term":[{"taxonomy":"product_brand","embeddable":true,"href":"https:\/\/roveyayinevi.com.tr\/index.php\/wp-json\/wp\/v2\/product_brand?post=722928"},{"taxonomy":"product_cat","embeddable":true,"href":"https:\/\/roveyayinevi.com.tr\/index.php\/wp-json\/wp\/v2\/product_cat?post=722928"},{"taxonomy":"product_tag","embeddable":true,"href":"https:\/\/roveyayinevi.com.tr\/index.php\/wp-json\/wp\/v2\/product_tag?post=722928"}],"curies":[{"name":"wp","href":"https:\/\/api.w.org\/{rel}","templated":true}]}}