{"id":722918,"date":"2025-08-27T19:10:49","date_gmt":"2025-08-27T16:10:49","guid":{"rendered":"https:\/\/roveyayinevi.com.tr\/index.php\/urun\/hammit-kara-dusler-ulkesi-serisi-set-5-kitap-takim\/"},"modified":"2026-04-16T02:30:56","modified_gmt":"2026-04-15T23:30:56","slug":"hammit-kara-dusler-ulkesi-serisi-set-5-kitap-takim","status":"publish","type":"product","link":"https:\/\/roveyayinevi.com.tr\/index.php\/urun\/hammit-kara-dusler-ulkesi-serisi-set-5-kitap-takim\/","title":{"rendered":"Hammit Kara D\u00fc\u015fler \u00dclkesi Serisi Set &#8211; (5 Kitap Tak\u0131m)"},"content":{"rendered":"<p>Anadolu\u2019dan Fantasti\u2019ye\u2026Selam&#8230; Ben Hammit! Bu fantastik d\u00fcnyan\u0131n kahraman\u0131y\u0131m. Z\u0131p\u0131r mirketler Sosi ve Feti, s\u00fcs\u00fcne d\u00fc\u015fk\u00fcn Zebrag\u00fcl, bazen g\u00fczel s\u00f6zler s\u00f6yleyen ama sonunda hep sa\u00e7malayan Bilgin de yol arkada\u015flar\u0131m. K\u00f6t\u00fc kalpli Ador\u2019un elinden Ya\u015fam Kristalleri&#8217;ni al\u0131p Fantastik Olimpiyatlar\u0131\u2019na kat\u0131laca\u011f\u0131z. Yer bildirimi, Fantasti\u011fin Sesi gazetesi, telefon ba\u011flant\u0131lar\u0131, birbirinden garip masallar, gizemli tuzaklar, \u00e7\u00f6z\u00fclmeyi bekleyen \u015fifreler, heyecan, macera ve elbette e\u011flence\u2026 Hepsi bu seride!Haydi, durma! Sayfalar\u0131 \u00e7evir, sen de bu e\u011flenceli maceraya kat\u0131l!Geceleri kendi fantastik d\u00fcnyas\u0131na dalan Hammit ve arkada\u015flar\u0131n\u0131n maceralar\u0131na doyamayacaks\u0131n\u0131z&#8230;<\/p>\n","protected":false},"excerpt":{"rendered":"<p>Anadolu\u2019dan Fantasti\u2019ye\u2026Selam&#8230; Ben Hammit! Bu fantastik d\u00fcnyan\u0131n kahraman\u0131y\u0131m. Z\u0131p\u0131r mirketler Sosi ve Feti, s\u00fcs\u00fcne d\u00fc\u015fk\u00fcn Zebrag\u00fcl, bazen g\u00fczel s\u00f6zler s\u00f6yleyen ama sonunda hep sa\u00e7malayan Bilgin de<span class=\"excerpt-hellip\"> [\u2026]<\/span><\/p>\n","protected":false},"featured_media":0,"template":"","meta":{"_monsterinsights_skip_tracking":false,"_monsterinsights_sitenote_active":false,"_monsterinsights_sitenote_note":"","_monsterinsights_sitenote_category":0},"product_brand":[],"product_cat":[12274,12284],"product_tag":[],"class_list":{"0":"post-722918","1":"product","2":"type-product","3":"status-publish","5":"product_cat-cocuk-ve-genclik-kitaplari","6":"product_cat-hikayeler","7":"pa_cilt-ciltsiz","8":"pa_tur-kitap","9":"pa_yayinevi-timas-cocuk","10":"pa_yazar-cem-gulbent","12":"first","13":"instock","14":"sale","15":"shipping-taxable","16":"purchasable","17":"product-type-simple"},"_links":{"self":[{"href":"https:\/\/roveyayinevi.com.tr\/index.php\/wp-json\/wp\/v2\/product\/722918","targetHints":{"allow":["GET"]}}],"collection":[{"href":"https:\/\/roveyayinevi.com.tr\/index.php\/wp-json\/wp\/v2\/product"}],"about":[{"href":"https:\/\/roveyayinevi.com.tr\/index.php\/wp-json\/wp\/v2\/types\/product"}],"wp:attachment":[{"href":"https:\/\/roveyayinevi.com.tr\/index.php\/wp-json\/wp\/v2\/media?parent=722918"}],"wp:term":[{"taxonomy":"product_brand","embeddable":true,"href":"https:\/\/roveyayinevi.com.tr\/index.php\/wp-json\/wp\/v2\/product_brand?post=722918"},{"taxonomy":"product_cat","embeddable":true,"href":"https:\/\/roveyayinevi.com.tr\/index.php\/wp-json\/wp\/v2\/product_cat?post=722918"},{"taxonomy":"product_tag","embeddable":true,"href":"https:\/\/roveyayinevi.com.tr\/index.php\/wp-json\/wp\/v2\/product_tag?post=722918"}],"curies":[{"name":"wp","href":"https:\/\/api.w.org\/{rel}","templated":true}]}}