{"id":722917,"date":"2025-08-27T19:10:48","date_gmt":"2025-08-27T16:10:48","guid":{"rendered":"https:\/\/roveyayinevi.com.tr\/index.php\/urun\/hammit-hircin-kaplan-tigra-kara-dusler-ulkesi-serisi\/"},"modified":"2026-04-16T02:30:56","modified_gmt":"2026-04-15T23:30:56","slug":"hammit-hircin-kaplan-tigra-kara-dusler-ulkesi-serisi","status":"publish","type":"product","link":"https:\/\/roveyayinevi.com.tr\/index.php\/urun\/hammit-hircin-kaplan-tigra-kara-dusler-ulkesi-serisi\/","title":{"rendered":"Hammit H\u0131r\u00e7\u0131n Kaplan Tigra \u2013 Kara D\u00fc\u015fler \u00dclkesi Serisi"},"content":{"rendered":"<p>Anadolu\u2019dan Fantasti\u2019ye\u2026H\u0131r\u00e7\u0131n Kaplan Tigra ile tan\u0131\u015fmaya haz\u0131r m\u0131s\u0131n\u0131z? Hammit ve arkada\u015flar\u0131n\u0131n Kara D\u00fc\u015fler Kalesi\u2019ne girmeden \u00f6nceki son engeli bu ac\u0131mas\u0131z kaplan. Karde\u015fi Asr\u0131\u2019y\u0131 bu \u00fclkede aramaya devam eden ve kaybolma sebebini Fantastiko\u2019dan bilen h\u0131r\u00e7\u0131n kaplan bakal\u0131m ge\u00e7it verecek mi? Hammit ve Tigra\u2019y\u0131 bekleyen b\u00fcy\u00fck s\u00fcrpriz ne?Birbirinden heyecanl\u0131 olaylar, tuzaklar, \u00e7\u00f6z\u00fclmeyi bekleyen \u015fifreler, gizem, macera ve elbette e\u011flence\u2026Hepsi bu seride!Haydi, durma! Sayfalar\u0131 \u00e7evir, sen de bu e\u011flenceli maceraya kat\u0131l!Geceleri kendi fantastik d\u00fcnyas\u0131na dalan Hammit ve arkada\u015flar\u0131n\u0131n maceralar\u0131na doyamayacaks\u0131n\u0131z\u2026<\/p>\n","protected":false},"excerpt":{"rendered":"<p>Anadolu\u2019dan Fantasti\u2019ye\u2026H\u0131r\u00e7\u0131n Kaplan Tigra ile tan\u0131\u015fmaya haz\u0131r m\u0131s\u0131n\u0131z? Hammit ve arkada\u015flar\u0131n\u0131n Kara D\u00fc\u015fler Kalesi\u2019ne girmeden \u00f6nceki son engeli bu ac\u0131mas\u0131z kaplan. Karde\u015fi Asr\u0131\u2019y\u0131 bu \u00fclkede aramaya<span class=\"excerpt-hellip\"> [\u2026]<\/span><\/p>\n","protected":false},"featured_media":0,"template":"","meta":{"_monsterinsights_skip_tracking":false,"_monsterinsights_sitenote_active":false,"_monsterinsights_sitenote_note":"","_monsterinsights_sitenote_category":0},"product_brand":[],"product_cat":[12274,12284],"product_tag":[],"class_list":{"0":"post-722917","1":"product","2":"type-product","3":"status-publish","5":"product_cat-cocuk-ve-genclik-kitaplari","6":"product_cat-hikayeler","7":"pa_cilt-ciltsiz","8":"pa_tur-kitap","9":"pa_yayinevi-timas-cocuk","10":"pa_yazar-cem-gulbent","12":"first","13":"instock","14":"sale","15":"shipping-taxable","16":"purchasable","17":"product-type-simple"},"_links":{"self":[{"href":"https:\/\/roveyayinevi.com.tr\/index.php\/wp-json\/wp\/v2\/product\/722917","targetHints":{"allow":["GET"]}}],"collection":[{"href":"https:\/\/roveyayinevi.com.tr\/index.php\/wp-json\/wp\/v2\/product"}],"about":[{"href":"https:\/\/roveyayinevi.com.tr\/index.php\/wp-json\/wp\/v2\/types\/product"}],"wp:attachment":[{"href":"https:\/\/roveyayinevi.com.tr\/index.php\/wp-json\/wp\/v2\/media?parent=722917"}],"wp:term":[{"taxonomy":"product_brand","embeddable":true,"href":"https:\/\/roveyayinevi.com.tr\/index.php\/wp-json\/wp\/v2\/product_brand?post=722917"},{"taxonomy":"product_cat","embeddable":true,"href":"https:\/\/roveyayinevi.com.tr\/index.php\/wp-json\/wp\/v2\/product_cat?post=722917"},{"taxonomy":"product_tag","embeddable":true,"href":"https:\/\/roveyayinevi.com.tr\/index.php\/wp-json\/wp\/v2\/product_tag?post=722917"}],"curies":[{"name":"wp","href":"https:\/\/api.w.org\/{rel}","templated":true}]}}