{"id":722915,"date":"2025-08-27T19:10:47","date_gmt":"2025-08-27T16:10:47","guid":{"rendered":"https:\/\/roveyayinevi.com.tr\/index.php\/urun\/hammit-gumus-kartallar-kara-dusler-ulkesi-serisi\/"},"modified":"2026-04-16T02:30:56","modified_gmt":"2026-04-15T23:30:56","slug":"hammit-gumus-kartallar-kara-dusler-ulkesi-serisi","status":"publish","type":"product","link":"https:\/\/roveyayinevi.com.tr\/index.php\/urun\/hammit-gumus-kartallar-kara-dusler-ulkesi-serisi\/","title":{"rendered":"Hammit G\u00fcm\u00fc\u015f Kartallar &#8211; Kara D\u00fc\u015fler \u00dclkesi Serisi"},"content":{"rendered":"<p>Anadolu\u2019dan Fantasti\u2019ye\u2026Olimpiyatlar \u00dclkesi\u2019nde tan\u0131\u015ft\u0131\u011f\u0131m\u0131z G\u00fcm\u00fc\u015f Kartallar, bu kez daha tehlikeli ve ac\u0131mas\u0131zlar. Kara D\u00fc\u015fler Kalesi\u2019ni koruma g\u00f6revi kartallarda. Fakat Ador\u2019un tuza\u011f\u0131 bununla da kalm\u0131yor. Hammit ve arkada\u015flar\u0131na s\u00fcrprizler haz\u0131rlamaya devam ediyor.Birbirinden heyecanl\u0131 olaylar, tuzaklar, \u00e7\u00f6z\u00fclmeyi bekleyen \u015fifreler, gizem, macera ve elbette e\u011flence\u2026Hepsi bu seride!Haydi, durma! Sayfalar\u0131 \u00e7evir, sen de bu e\u011flenceli maceraya kat\u0131l!Geceleri kendi fantastik d\u00fcnyas\u0131na dalan Hammit ve arkada\u015flar\u0131n\u0131n maceralar\u0131na doyamayacaks\u0131n\u0131z\u2026 <\/p>\n","protected":false},"excerpt":{"rendered":"<p>Anadolu\u2019dan Fantasti\u2019ye\u2026Olimpiyatlar \u00dclkesi\u2019nde tan\u0131\u015ft\u0131\u011f\u0131m\u0131z G\u00fcm\u00fc\u015f Kartallar, bu kez daha tehlikeli ve ac\u0131mas\u0131zlar. Kara D\u00fc\u015fler Kalesi\u2019ni koruma g\u00f6revi kartallarda. Fakat Ador\u2019un tuza\u011f\u0131 bununla da kalm\u0131yor. Hammit ve<span class=\"excerpt-hellip\"> [\u2026]<\/span><\/p>\n","protected":false},"featured_media":0,"template":"","meta":{"_monsterinsights_skip_tracking":false,"_monsterinsights_sitenote_active":false,"_monsterinsights_sitenote_note":"","_monsterinsights_sitenote_category":0},"product_brand":[],"product_cat":[12274,12284],"product_tag":[],"class_list":{"0":"post-722915","1":"product","2":"type-product","3":"status-publish","5":"product_cat-cocuk-ve-genclik-kitaplari","6":"product_cat-hikayeler","7":"pa_cilt-ciltsiz","8":"pa_tur-kitap","9":"pa_yayinevi-timas-cocuk","10":"pa_yazar-cem-gulbent","12":"first","13":"instock","14":"sale","15":"shipping-taxable","16":"purchasable","17":"product-type-simple"},"_links":{"self":[{"href":"https:\/\/roveyayinevi.com.tr\/index.php\/wp-json\/wp\/v2\/product\/722915","targetHints":{"allow":["GET"]}}],"collection":[{"href":"https:\/\/roveyayinevi.com.tr\/index.php\/wp-json\/wp\/v2\/product"}],"about":[{"href":"https:\/\/roveyayinevi.com.tr\/index.php\/wp-json\/wp\/v2\/types\/product"}],"wp:attachment":[{"href":"https:\/\/roveyayinevi.com.tr\/index.php\/wp-json\/wp\/v2\/media?parent=722915"}],"wp:term":[{"taxonomy":"product_brand","embeddable":true,"href":"https:\/\/roveyayinevi.com.tr\/index.php\/wp-json\/wp\/v2\/product_brand?post=722915"},{"taxonomy":"product_cat","embeddable":true,"href":"https:\/\/roveyayinevi.com.tr\/index.php\/wp-json\/wp\/v2\/product_cat?post=722915"},{"taxonomy":"product_tag","embeddable":true,"href":"https:\/\/roveyayinevi.com.tr\/index.php\/wp-json\/wp\/v2\/product_tag?post=722915"}],"curies":[{"name":"wp","href":"https:\/\/api.w.org\/{rel}","templated":true}]}}