{"id":722914,"date":"2025-08-27T19:10:46","date_gmt":"2025-08-27T16:10:46","guid":{"rendered":"https:\/\/roveyayinevi.com.tr\/index.php\/urun\/hammit-goktasi-yagmuru-kara-dusler-ulkesi-serisi\/"},"modified":"2026-04-16T02:30:56","modified_gmt":"2026-04-15T23:30:56","slug":"hammit-goktasi-yagmuru-kara-dusler-ulkesi-serisi","status":"publish","type":"product","link":"https:\/\/roveyayinevi.com.tr\/index.php\/urun\/hammit-goktasi-yagmuru-kara-dusler-ulkesi-serisi\/","title":{"rendered":"Hammit G\u00f6kta\u015f\u0131 Ya\u011fmuru &#8211; Kara D\u00fc\u015fler \u00dclkesi Serisi"},"content":{"rendered":"<p>Anadolu\u2019dan Fantasti\u2019ye\u2026Koruyucu k\u00fcrenin k\u0131r\u0131lmas\u0131ndan sonra Ador g\u00fcc\u00fcn\u00fc g\u00f6sterip g\u00f6ky\u00fcz\u00fcndeki bulutlar\u0131 ate\u015fe veriyor ve Hammit\u2019e engel olmak i\u00e7in ate\u015f toplar\u0131n\u0131 \u00fczerine yolluyor. Hava \u0131s\u0131nacak, nefes almak zorlanacak. Hem tuzaklarla hem de zamanla m\u00fccadele etmesi gereken Hammit ve arkada\u015flar\u0131 \u015fimdi daha zor durumdalar. Bu heyecana sen de kat\u0131l Fantastikolulara yard\u0131m et!  Birbirinden heyecanl\u0131 olaylar, tuzaklar, \u00e7\u00f6z\u00fclmeyi bekleyen \u015fifreler, gizem, macera ve elbette e\u011flence\u2026Hepsi bu seride!Haydi, durma! Sayfalar\u0131 \u00e7evir, sen de bu e\u011flenceli maceraya kat\u0131l!Geceleri kendi fantastik d\u00fcnyas\u0131na dalan Hammit ve arkada\u015flar\u0131n\u0131n maceralar\u0131na doyamayacaks\u0131n\u0131z\u2026 <\/p>\n","protected":false},"excerpt":{"rendered":"<p>Anadolu\u2019dan Fantasti\u2019ye\u2026Koruyucu k\u00fcrenin k\u0131r\u0131lmas\u0131ndan sonra Ador g\u00fcc\u00fcn\u00fc g\u00f6sterip g\u00f6ky\u00fcz\u00fcndeki bulutlar\u0131 ate\u015fe veriyor ve Hammit\u2019e engel olmak i\u00e7in ate\u015f toplar\u0131n\u0131 \u00fczerine yolluyor. Hava \u0131s\u0131nacak, nefes almak zorlanacak.<span class=\"excerpt-hellip\"> [\u2026]<\/span><\/p>\n","protected":false},"featured_media":0,"template":"","meta":{"_monsterinsights_skip_tracking":false,"_monsterinsights_sitenote_active":false,"_monsterinsights_sitenote_note":"","_monsterinsights_sitenote_category":0},"product_brand":[],"product_cat":[12274,12284],"product_tag":[],"class_list":{"0":"post-722914","1":"product","2":"type-product","3":"status-publish","5":"product_cat-cocuk-ve-genclik-kitaplari","6":"product_cat-hikayeler","7":"pa_cilt-ciltsiz","8":"pa_tur-kitap","9":"pa_yayinevi-timas-cocuk","10":"pa_yazar-cem-gulbent","12":"first","13":"instock","14":"sale","15":"shipping-taxable","16":"purchasable","17":"product-type-simple"},"_links":{"self":[{"href":"https:\/\/roveyayinevi.com.tr\/index.php\/wp-json\/wp\/v2\/product\/722914","targetHints":{"allow":["GET"]}}],"collection":[{"href":"https:\/\/roveyayinevi.com.tr\/index.php\/wp-json\/wp\/v2\/product"}],"about":[{"href":"https:\/\/roveyayinevi.com.tr\/index.php\/wp-json\/wp\/v2\/types\/product"}],"wp:attachment":[{"href":"https:\/\/roveyayinevi.com.tr\/index.php\/wp-json\/wp\/v2\/media?parent=722914"}],"wp:term":[{"taxonomy":"product_brand","embeddable":true,"href":"https:\/\/roveyayinevi.com.tr\/index.php\/wp-json\/wp\/v2\/product_brand?post=722914"},{"taxonomy":"product_cat","embeddable":true,"href":"https:\/\/roveyayinevi.com.tr\/index.php\/wp-json\/wp\/v2\/product_cat?post=722914"},{"taxonomy":"product_tag","embeddable":true,"href":"https:\/\/roveyayinevi.com.tr\/index.php\/wp-json\/wp\/v2\/product_tag?post=722914"}],"curies":[{"name":"wp","href":"https:\/\/api.w.org\/{rel}","templated":true}]}}