{"id":722913,"date":"2025-08-27T19:10:45","date_gmt":"2025-08-27T16:10:45","guid":{"rendered":"https:\/\/roveyayinevi.com.tr\/index.php\/urun\/hammit-koruyucu-kure-kara-dusler-ulkesi-serisi\/"},"modified":"2026-04-16T02:30:56","modified_gmt":"2026-04-15T23:30:56","slug":"hammit-koruyucu-kure-kara-dusler-ulkesi-serisi","status":"publish","type":"product","link":"https:\/\/roveyayinevi.com.tr\/index.php\/urun\/hammit-koruyucu-kure-kara-dusler-ulkesi-serisi\/","title":{"rendered":"Hammit Koruyucu K\u00fcre &#8211; Kara D\u00fc\u015fler \u00dclkesi Serisi"},"content":{"rendered":"<p>Anadolu\u2019dan Fantasti\u2019ye\u2026Kara D\u00fc\u015fler \u00dclkesi\u2019ne ho\u015f geldiniz. Hammit ve arkada\u015flar\u0131 bu kez Ador\u2019un pe\u015fine d\u00fc\u015ft\u00fcler ve \u015fimdiye kadar ya\u015fad\u0131klar\u0131 t\u00fcm maceralardan daha zor ve daha gizemli bir heyecana at\u0131ld\u0131lar. \u0130lk g\u00f6revleri, koruyucu k\u00fcreyi k\u0131r\u0131p yollar\u0131na devam edebilmek. Bu macerada kirpiler dikenlerini ok gibi f\u0131rlatmaya haz\u0131rlar. Bakal\u0131m kazanan kim olacak?Birbirinden heyecanl\u0131 olaylar, tuzaklar, \u00e7\u00f6z\u00fclmeyi bekleyen \u015fifreler, gizem, macera ve elbette e\u011flence\u2026Hepsi bu seride!Haydi, durma! Sayfalar\u0131 \u00e7evir, sen de bu e\u011flenceli maceraya kat\u0131l!Geceleri kendi fantastik d\u00fcnyas\u0131na dalan Hammit ve arkada\u015flar\u0131n\u0131n maceralar\u0131na doyamayacaks\u0131n\u0131z\u2026  <\/p>\n","protected":false},"excerpt":{"rendered":"<p>Anadolu\u2019dan Fantasti\u2019ye\u2026Kara D\u00fc\u015fler \u00dclkesi\u2019ne ho\u015f geldiniz. Hammit ve arkada\u015flar\u0131 bu kez Ador\u2019un pe\u015fine d\u00fc\u015ft\u00fcler ve \u015fimdiye kadar ya\u015fad\u0131klar\u0131 t\u00fcm maceralardan daha zor ve daha gizemli bir<span class=\"excerpt-hellip\"> [\u2026]<\/span><\/p>\n","protected":false},"featured_media":0,"template":"","meta":{"_monsterinsights_skip_tracking":false,"_monsterinsights_sitenote_active":false,"_monsterinsights_sitenote_note":"","_monsterinsights_sitenote_category":0},"product_brand":[],"product_cat":[12274,12284],"product_tag":[],"class_list":{"0":"post-722913","1":"product","2":"type-product","3":"status-publish","5":"product_cat-cocuk-ve-genclik-kitaplari","6":"product_cat-hikayeler","7":"pa_cilt-ciltsiz","8":"pa_tur-kitap","9":"pa_yayinevi-timas-cocuk","10":"pa_yazar-cem-gulbent","12":"first","13":"instock","14":"sale","15":"shipping-taxable","16":"purchasable","17":"product-type-simple"},"_links":{"self":[{"href":"https:\/\/roveyayinevi.com.tr\/index.php\/wp-json\/wp\/v2\/product\/722913","targetHints":{"allow":["GET"]}}],"collection":[{"href":"https:\/\/roveyayinevi.com.tr\/index.php\/wp-json\/wp\/v2\/product"}],"about":[{"href":"https:\/\/roveyayinevi.com.tr\/index.php\/wp-json\/wp\/v2\/types\/product"}],"wp:attachment":[{"href":"https:\/\/roveyayinevi.com.tr\/index.php\/wp-json\/wp\/v2\/media?parent=722913"}],"wp:term":[{"taxonomy":"product_brand","embeddable":true,"href":"https:\/\/roveyayinevi.com.tr\/index.php\/wp-json\/wp\/v2\/product_brand?post=722913"},{"taxonomy":"product_cat","embeddable":true,"href":"https:\/\/roveyayinevi.com.tr\/index.php\/wp-json\/wp\/v2\/product_cat?post=722913"},{"taxonomy":"product_tag","embeddable":true,"href":"https:\/\/roveyayinevi.com.tr\/index.php\/wp-json\/wp\/v2\/product_tag?post=722913"}],"curies":[{"name":"wp","href":"https:\/\/api.w.org\/{rel}","templated":true}]}}