{"id":722912,"date":"2025-08-27T19:10:44","date_gmt":"2025-08-27T16:10:44","guid":{"rendered":"https:\/\/roveyayinevi.com.tr\/index.php\/urun\/etkinliklerle-eglenerek-ogreniyorum-6li-set\/"},"modified":"2026-04-16T02:30:41","modified_gmt":"2026-04-15T23:30:41","slug":"etkinliklerle-eglenerek-ogreniyorum-6li-set","status":"publish","type":"product","link":"https:\/\/roveyayinevi.com.tr\/index.php\/urun\/etkinliklerle-eglenerek-ogreniyorum-6li-set\/","title":{"rendered":"Etkinliklerle E\u011flenerek \u00d6\u011freniyorum (6&#8217;l\u0131 Set)"},"content":{"rendered":"<p>Merak ve Azmetme Motivasyonu Kazand\u0131ran, Bili\u015fsel-Sosyal-Duygusal Geli\u015fimi Destekleyen   E\u011flenceli Etkinlikler \u00d6        PEDAGOG \u00d6        PS\u0130KOLOJ\u0130K DANI\u015eMAN \u00d6        REHBER \u00d6\u011eRETMEN \u00d6        \u00c7OCUK GEL\u0130\u015e\u0130M\u0130 UZMANI      ONAYLI \u00c7ocuklar\u0131n kazan\u0131mlar\u0131: * Okuma-yazmaya fiziksel ve ruhsal haz\u0131rl\u0131k.          * K\u00fc\u00e7\u00fck kas geli\u015fimi * Kalem tutma ve el becerilerinin geli\u015fimi               * Y\u00f6nerge dinleme-kavrama * El-g\u00f6z koordinasyonu geli\u015ftirme                        * \u0130\u015fitsel-G\u00f6rsel alg\u0131 \u00e7al\u0131\u015fmalar\u0131 * \u00c7\u00f6z\u00fcm odakl\u0131 analitik d\u00fc\u015f\u00fcnme becerileri             * \u00d6r\u00fcnt\u00fc mant\u0131\u011f\u0131n\u0131 kavrama* Dikkat ve odaklanma s\u00fcresi-kalitesi art\u0131r\u0131m\u0131.         * Aile ile kaliteli, e\u011flenceli vakit geli\u015ftirme <\/p>\n","protected":false},"excerpt":{"rendered":"<p>Merak ve Azmetme Motivasyonu Kazand\u0131ran, Bili\u015fsel-Sosyal-Duygusal Geli\u015fimi Destekleyen E\u011flenceli Etkinlikler \u00d6 PEDAGOG \u00d6 PS\u0130KOLOJ\u0130K DANI\u015eMAN \u00d6 REHBER \u00d6\u011eRETMEN \u00d6 \u00c7OCUK GEL\u0130\u015e\u0130M\u0130 UZMANI ONAYLI \u00c7ocuklar\u0131n kazan\u0131mlar\u0131: *<span class=\"excerpt-hellip\"> [\u2026]<\/span><\/p>\n","protected":false},"featured_media":0,"template":"","meta":{"_monsterinsights_skip_tracking":false,"_monsterinsights_sitenote_active":false,"_monsterinsights_sitenote_note":"","_monsterinsights_sitenote_category":0},"product_brand":[],"product_cat":[12274,24599],"product_tag":[],"class_list":{"0":"post-722912","1":"product","2":"type-product","3":"status-publish","5":"product_cat-cocuk-ve-genclik-kitaplari","6":"product_cat-zeka-gelisimi","7":"pa_cilt-ciltsiz","8":"pa_tur-kitap","9":"pa_yayinevi-hayykitap","10":"pa_yazar-canan-ozturk","12":"first","13":"instock","14":"sale","15":"shipping-taxable","16":"purchasable","17":"product-type-simple"},"_links":{"self":[{"href":"https:\/\/roveyayinevi.com.tr\/index.php\/wp-json\/wp\/v2\/product\/722912","targetHints":{"allow":["GET"]}}],"collection":[{"href":"https:\/\/roveyayinevi.com.tr\/index.php\/wp-json\/wp\/v2\/product"}],"about":[{"href":"https:\/\/roveyayinevi.com.tr\/index.php\/wp-json\/wp\/v2\/types\/product"}],"wp:attachment":[{"href":"https:\/\/roveyayinevi.com.tr\/index.php\/wp-json\/wp\/v2\/media?parent=722912"}],"wp:term":[{"taxonomy":"product_brand","embeddable":true,"href":"https:\/\/roveyayinevi.com.tr\/index.php\/wp-json\/wp\/v2\/product_brand?post=722912"},{"taxonomy":"product_cat","embeddable":true,"href":"https:\/\/roveyayinevi.com.tr\/index.php\/wp-json\/wp\/v2\/product_cat?post=722912"},{"taxonomy":"product_tag","embeddable":true,"href":"https:\/\/roveyayinevi.com.tr\/index.php\/wp-json\/wp\/v2\/product_tag?post=722912"}],"curies":[{"name":"wp","href":"https:\/\/api.w.org\/{rel}","templated":true}]}}