{"id":722911,"date":"2025-08-27T19:10:43","date_gmt":"2025-08-27T16:10:43","guid":{"rendered":"https:\/\/roveyayinevi.com.tr\/index.php\/urun\/oyuncu-yesilcam-yildiz-sisteminde-bir-anti-yildiz-adile-nasit\/"},"modified":"2025-11-21T05:52:59","modified_gmt":"2025-11-21T02:52:59","slug":"oyuncu-yesilcam-yildiz-sisteminde-bir-anti-yildiz-adile-nasit","status":"publish","type":"product","link":"https:\/\/roveyayinevi.com.tr\/index.php\/urun\/oyuncu-yesilcam-yildiz-sisteminde-bir-anti-yildiz-adile-nasit\/","title":{"rendered":"Oyuncu &#8211; Ye\u015fil\u00e7am Y\u0131ld\u0131z Sisteminde Bir Anti-Y\u0131ld\u0131z: Adile Na\u015fit"},"content":{"rendered":"<p>Babas\u0131 tiyatronun efsane isimlerinden tuluatc\u0327\u0131 \u201cKomik-i S\u0327ehir\u201d Nas\u0327it Bey, annesi kantocu Amelya Han\u0131m, bu\u0308yu\u0308kannesi kantocu \u201cKu\u0308c\u0327u\u0308k Verjin\u201d, dedesi kemani Yorgi efendi, day\u0131lar\u0131 tuluatc\u0327\u0131-du\u0308ettocu Niko ve kemani Andre, kardes\u0327i tiyatro-sinema oyuncusu Selim&#8230; K\u0131saca, kan\u0131nda \u201coyuncu\u201dluk olan bir sahne sevdal\u0131s\u0131 Adile Nas\u0327it&#8230; Oyuncu, d\u0131s\u0327 go\u0308ru\u0308nu\u0308s\u0327u\u0308yle klasik \u201cy\u0131ld\u0131z\u201d standartlar\u0131na taban tabana z\u0131t say\u0131lsa da oyunculug\u0306uyla, sahneye\/rollere ha\u0302kimiyetiyle, durus\u0327uyla y\u0131ld\u0131zlas\u0327m\u0131s\u0327 bir isim olan Adile Nas\u0327it\u2019in ailesinin ve kendisinin hika\u0302yesini do\u0308nemsel bag\u0306lamlar\u0131 da go\u0308z o\u0308nu\u0308nde tutarak- ele al\u0131yor. U\u0308stelik bununla yetinmeyip, Adile Nas\u0327it\u2019in hika\u0302yesi Yes\u0327ilc\u0327am\u2019\u0131n en gu\u0308c\u0327lu\u0308 oldug\u0306u do\u0308nemden ayr\u0131lamayacag\u0306\u0131ndan, Yes\u0327ilc\u0327am sinemas\u0131na ve y\u0131ld\u0131z sistemine de eles\u0327tirel bir go\u0308zle bak\u0131yor: Kurgusal bir u\u0308ru\u0308n olarak \u201cy\u0131ld\u0131z\u201d ins\u0327a su\u0308recinin is\u0327leyis\u0327i ve toplumsal cinsiyet rolleri ac\u0327\u0131s\u0131ndan y\u0131ld\u0131z, Yes\u0327ilc\u0327am\u2019\u0131n temel o\u0308zellikleri ve kimlig\u0306i, kad\u0131n y\u0131ld\u0131zlar, Ertem Eg\u0306ilmez ve Arzu Film ekolu\u0308, \u201cHababam S\u0131n\u0131f\u0131\u201d&#8230; Hic\u0327 bas\u0327rol oynamasa da y\u0131ld\u0131z sisteminin d\u0131s\u0327\u0131nda bir \u201canti-y\u0131ld\u0131z\u201d olan; \u201cc\u0327arp\u0131k bacaklar\u0131n ve bu\u0308cu\u0308r boyunla asla bas\u0327ar\u0131l\u0131 olamazs\u0131n\u201d denilse de o\u0308nce kendini, sonra seyircisini yaratmay\u0131 bas\u0327aran; haf\u0131zalarda anne rolleriyle yer etmesine rag\u0306men asl\u0131nda \u201cbas\u0327ka tu\u0308rlu\u0308\u201d bir oyuncu olabilecek Adile Nas\u0327it\u2019e sayg\u0131 durus\u0327u nitelig\u0306inde bir kitap.<\/p>\n","protected":false},"excerpt":{"rendered":"<p>Babas\u0131 tiyatronun efsane isimlerinden tuluatc\u0327\u0131 \u201cKomik-i S\u0327ehir\u201d Nas\u0327it Bey, annesi kantocu Amelya Han\u0131m, bu\u0308yu\u0308kannesi kantocu \u201cKu\u0308c\u0327u\u0308k Verjin\u201d, dedesi kemani Yorgi efendi, day\u0131lar\u0131 tuluatc\u0327\u0131-du\u0308ettocu Niko ve kemani<span class=\"excerpt-hellip\"> [\u2026]<\/span><\/p>\n","protected":false},"featured_media":0,"template":"","meta":{"_monsterinsights_skip_tracking":false,"_monsterinsights_sitenote_active":false,"_monsterinsights_sitenote_note":"","_monsterinsights_sitenote_category":0},"product_brand":[],"product_cat":[14009,12291],"product_tag":[],"class_list":{"0":"post-722911","1":"product","2":"type-product","3":"status-publish","5":"product_cat-biyografi-otobiyografi-edebiyat","6":"product_cat-edebiyat","7":"pa_cilt-ciltsiz","8":"pa_tur-kitap","9":"pa_yayinevi-iletisim-yayinlari","10":"pa_yazar-sibel-oz","12":"first","13":"instock","14":"sale","15":"shipping-taxable","16":"purchasable","17":"product-type-simple"},"_links":{"self":[{"href":"https:\/\/roveyayinevi.com.tr\/index.php\/wp-json\/wp\/v2\/product\/722911","targetHints":{"allow":["GET"]}}],"collection":[{"href":"https:\/\/roveyayinevi.com.tr\/index.php\/wp-json\/wp\/v2\/product"}],"about":[{"href":"https:\/\/roveyayinevi.com.tr\/index.php\/wp-json\/wp\/v2\/types\/product"}],"wp:attachment":[{"href":"https:\/\/roveyayinevi.com.tr\/index.php\/wp-json\/wp\/v2\/media?parent=722911"}],"wp:term":[{"taxonomy":"product_brand","embeddable":true,"href":"https:\/\/roveyayinevi.com.tr\/index.php\/wp-json\/wp\/v2\/product_brand?post=722911"},{"taxonomy":"product_cat","embeddable":true,"href":"https:\/\/roveyayinevi.com.tr\/index.php\/wp-json\/wp\/v2\/product_cat?post=722911"},{"taxonomy":"product_tag","embeddable":true,"href":"https:\/\/roveyayinevi.com.tr\/index.php\/wp-json\/wp\/v2\/product_tag?post=722911"}],"curies":[{"name":"wp","href":"https:\/\/api.w.org\/{rel}","templated":true}]}}