{"id":722910,"date":"2025-08-27T19:10:42","date_gmt":"2025-08-27T16:10:42","guid":{"rendered":"https:\/\/roveyayinevi.com.tr\/index.php\/urun\/toz-2\/"},"modified":"2026-04-16T02:30:41","modified_gmt":"2026-04-15T23:30:41","slug":"toz-2","status":"publish","type":"product","link":"https:\/\/roveyayinevi.com.tr\/index.php\/urun\/toz-2\/","title":{"rendered":"Toz"},"content":{"rendered":"<p>Yay\u0131mland\u0131\u011f\u0131 andan itibaren fenomen olan, son y\u0131llar\u0131n en ba\u015far\u0131l\u0131 ve en \u00e7ok satan eserlerinden bilimkurgu-distopya serisi Wool\u2019un \u00fc\u00e7\u00fcnc\u00fc kitab\u0131 Toz ile macera sona eriyor.   Silo 18\u2019de Juliette, atalar\u0131n\u0131n silolar\u0131 neden yapt\u0131\u011f\u0131n\u0131 ve onlar\u0131n planlar\u0131n\u0131 \u00f6\u011frenmi\u015fti. \u0130nsanlar\u0131 b\u00f6yle bir hayata mahk\u00fbm edenlerin kimler oldu\u011funu biliyordu ve bu hayat\u0131 de\u011fi\u015ftirmek i\u00e7in elinden geleni yapacakt\u0131. O art\u0131k Silo 18\u2019in ba\u015fkan\u0131yd\u0131. Ve d\u0131\u015far\u0131 \u00e7\u0131kmaya haz\u0131rlan\u0131yordu.   Silo 1\u2019de Donald, di\u011fer t\u00fcm silolar\u0131n kontrol\u00fcne sahipti. Hem kimli\u011fini gizlemeye hem de Juliette ve arkada\u015flar\u0131na yard\u0131m etmeye \u00e7al\u0131\u015f\u0131yordu. Fakat elindeki t\u00fcm imk\u00e2nlara ra\u011fmen \u00f6ng\u00f6remedi\u011fi bir\u00e7ok problem \u00e7\u0131kacakt\u0131 kar\u015f\u0131s\u0131na.   Silo 17\u2019de Jimmy ise Juliette ve arkada\u015flar\u0131n\u0131n Silo 17\u2019ye ula\u015fmas\u0131 ve iki silonun birle\u015fmesi i\u00e7in elinden gelen her \u015feyi yapacakt\u0131.   Toz\u2019da b\u00fct\u00fcn par\u00e7alar yerine oturuyor ve efsanevi WOOL serisi etkileyici bir bi\u00e7imde son buluyor. <\/p>\n","protected":false},"excerpt":{"rendered":"<p>Yay\u0131mland\u0131\u011f\u0131 andan itibaren fenomen olan, son y\u0131llar\u0131n en ba\u015far\u0131l\u0131 ve en \u00e7ok satan eserlerinden bilimkurgu-distopya serisi Wool\u2019un \u00fc\u00e7\u00fcnc\u00fc kitab\u0131 Toz ile macera sona eriyor. Silo 18\u2019de<span class=\"excerpt-hellip\"> [\u2026]<\/span><\/p>\n","protected":false},"featured_media":0,"template":"","meta":{"_monsterinsights_skip_tracking":false,"_monsterinsights_sitenote_active":false,"_monsterinsights_sitenote_note":"","_monsterinsights_sitenote_category":0},"product_brand":[],"product_cat":[12540,12291],"product_tag":[],"class_list":{"0":"post-722910","1":"product","2":"type-product","3":"status-publish","5":"product_cat-bilim-kurgu","6":"product_cat-edebiyat","7":"pa_cilt-ciltsiz","8":"pa_tur-kitap","9":"pa_yayinevi-ithaki-yayinlari","10":"pa_yazar-hugh-howey","12":"first","13":"instock","14":"sale","15":"shipping-taxable","16":"purchasable","17":"product-type-simple"},"_links":{"self":[{"href":"https:\/\/roveyayinevi.com.tr\/index.php\/wp-json\/wp\/v2\/product\/722910","targetHints":{"allow":["GET"]}}],"collection":[{"href":"https:\/\/roveyayinevi.com.tr\/index.php\/wp-json\/wp\/v2\/product"}],"about":[{"href":"https:\/\/roveyayinevi.com.tr\/index.php\/wp-json\/wp\/v2\/types\/product"}],"wp:attachment":[{"href":"https:\/\/roveyayinevi.com.tr\/index.php\/wp-json\/wp\/v2\/media?parent=722910"}],"wp:term":[{"taxonomy":"product_brand","embeddable":true,"href":"https:\/\/roveyayinevi.com.tr\/index.php\/wp-json\/wp\/v2\/product_brand?post=722910"},{"taxonomy":"product_cat","embeddable":true,"href":"https:\/\/roveyayinevi.com.tr\/index.php\/wp-json\/wp\/v2\/product_cat?post=722910"},{"taxonomy":"product_tag","embeddable":true,"href":"https:\/\/roveyayinevi.com.tr\/index.php\/wp-json\/wp\/v2\/product_tag?post=722910"}],"curies":[{"name":"wp","href":"https:\/\/api.w.org\/{rel}","templated":true}]}}