{"id":722909,"date":"2025-08-27T19:10:41","date_gmt":"2025-08-27T16:10:41","guid":{"rendered":"https:\/\/roveyayinevi.com.tr\/index.php\/urun\/bulut-satan-cocuk\/"},"modified":"2026-04-08T02:38:16","modified_gmt":"2026-04-07T23:38:16","slug":"bulut-satan-cocuk","status":"publish","type":"product","link":"https:\/\/roveyayinevi.com.tr\/index.php\/urun\/bulut-satan-cocuk\/","title":{"rendered":"Bulut Satan \u00c7ocuk"},"content":{"rendered":"<p>Bir tarlada birlikte b\u00fcy\u00fcyen K\u0131rm\u0131z\u0131 Domates ile Ye\u015fil Domates, m\u00fccadeleleri bitmek bilmeyen kedi ile fare, y\u0131rt\u0131k ayakkab\u0131lar\u0131yla bir k\u0131\u015f g\u00fcn\u00fc sokaklarda dola\u015fan boyac\u0131 \u00e7ocuk, ormanda gezintiye \u00e7\u0131kan F\u0131r\u00e7akuyruk ile M\u0131rnag\u00fcl, bacaklar\u0131yla dalga ge\u00e7ilen Ali, sihirli bir kalemi olmas\u0131n\u0131 isteyen \u00d6mer, etraf\u0131nda ba\u015fka a\u011fa\u00e7lar\u0131n olmas\u0131na dayanamayan bencil a\u011fa\u00e7, en b\u00fcy\u00fck hayali bulutlar\u0131 toplay\u0131p satmak olan Sinan, arkada\u015fl\u0131klar\u0131 bozulan kurt ile leylek, \u00e7ift ba\u015fl\u0131 bir kartal taraf\u0131ndan b\u00fcy\u00fct\u00fclen Uygar&#8230;   Bu kitab\u0131 okuyan \u00e7ocuklar, her \u00f6yk\u00fcyle farkl\u0131 bir de\u011fer \u00f6\u011frenecek, fark\u0131ndal\u0131k kazanacak ve maceradan maceraya ko\u015facaklar. <\/p>\n","protected":false},"excerpt":{"rendered":"<p>Bir tarlada birlikte b\u00fcy\u00fcyen K\u0131rm\u0131z\u0131 Domates ile Ye\u015fil Domates, m\u00fccadeleleri bitmek bilmeyen kedi ile fare, y\u0131rt\u0131k ayakkab\u0131lar\u0131yla bir k\u0131\u015f g\u00fcn\u00fc sokaklarda dola\u015fan boyac\u0131 \u00e7ocuk, ormanda gezintiye<span class=\"excerpt-hellip\"> [\u2026]<\/span><\/p>\n","protected":false},"featured_media":0,"template":"","meta":{"_monsterinsights_skip_tracking":false,"_monsterinsights_sitenote_active":false,"_monsterinsights_sitenote_note":"","_monsterinsights_sitenote_category":0},"product_brand":[],"product_cat":[12274,12284],"product_tag":[],"class_list":{"0":"post-722909","1":"product","2":"type-product","3":"status-publish","5":"product_cat-cocuk-ve-genclik-kitaplari","6":"product_cat-hikayeler","7":"pa_cilt-ciltsiz","8":"pa_tur-kitap","9":"pa_yayinevi-ithaki-yayinlari","10":"pa_yazar-hikmet-ulusoy","12":"first","13":"instock","14":"sale","15":"shipping-taxable","16":"purchasable","17":"product-type-simple"},"_links":{"self":[{"href":"https:\/\/roveyayinevi.com.tr\/index.php\/wp-json\/wp\/v2\/product\/722909","targetHints":{"allow":["GET"]}}],"collection":[{"href":"https:\/\/roveyayinevi.com.tr\/index.php\/wp-json\/wp\/v2\/product"}],"about":[{"href":"https:\/\/roveyayinevi.com.tr\/index.php\/wp-json\/wp\/v2\/types\/product"}],"wp:attachment":[{"href":"https:\/\/roveyayinevi.com.tr\/index.php\/wp-json\/wp\/v2\/media?parent=722909"}],"wp:term":[{"taxonomy":"product_brand","embeddable":true,"href":"https:\/\/roveyayinevi.com.tr\/index.php\/wp-json\/wp\/v2\/product_brand?post=722909"},{"taxonomy":"product_cat","embeddable":true,"href":"https:\/\/roveyayinevi.com.tr\/index.php\/wp-json\/wp\/v2\/product_cat?post=722909"},{"taxonomy":"product_tag","embeddable":true,"href":"https:\/\/roveyayinevi.com.tr\/index.php\/wp-json\/wp\/v2\/product_tag?post=722909"}],"curies":[{"name":"wp","href":"https:\/\/api.w.org\/{rel}","templated":true}]}}