{"id":722907,"date":"2025-08-27T19:10:40","date_gmt":"2025-08-27T16:10:40","guid":{"rendered":"https:\/\/roveyayinevi.com.tr\/index.php\/urun\/dogu-akdenizin-paylasim-mucadelesi-ve-turkiye\/"},"modified":"2026-04-16T02:30:41","modified_gmt":"2026-04-15T23:30:41","slug":"dogu-akdenizin-paylasim-mucadelesi-ve-turkiye","status":"publish","type":"product","link":"https:\/\/roveyayinevi.com.tr\/index.php\/urun\/dogu-akdenizin-paylasim-mucadelesi-ve-turkiye\/","title":{"rendered":"Do\u011fu Akdeniz\u2019in Payla\u015f\u0131m M\u00fccadelesi ve T\u00fcrkiye"},"content":{"rendered":"<p>Zengin do\u011falgaz ve petrol rezervlerinin tespit edilmesinden sonra d\u00fcnyan\u0131n en s\u0131cak b\u00f6lgelerinden biri haline gelen Do\u011fu Akdeniz, T\u00fcrkiye\u2019nin gelece\u011fi a\u00e7\u0131s\u0131ndan da hayati bir \u00f6neme sahip.Dr. Cihat Yayc\u0131, bu kitab\u0131nda Do\u011fu Akdeniz\u2019de ortaya \u00e7\u0131kan yeralt\u0131 kaynaklar\u0131n\u0131n payla\u015f\u0131m\u0131 m\u00fccadelesinde T\u00fcrkiye\u2019nin izlemesi gereken do\u011fru stratejiyi kamuoyu ile payla\u015f\u0131yor.Yazara ait telif gelirlerinin tamam\u0131n\u0131n \u0130stanbul Deniz M\u00fczesi Komutanl\u0131\u011f\u0131\u2019na ba\u011f\u0131\u015flanaca\u011f\u0131 \u201cDo\u011fu Akdeniz\u2019in Payla\u015f\u0131m M\u00fccadelesi ve T\u00fcrkiye\u201d kitab\u0131, arkas\u0131na k\u00fcresel g\u00fc\u00e7leri alan G\u00fcney K\u0131br\u0131s Rum Y\u00f6netimi ve Yunanistan\u2019\u0131n bu b\u00f6lgede izledi\u011fi uluslararas\u0131 hukuka ayk\u0131r\u0131 politikalar\u0131 da g\u00fcn y\u00fcz\u00fcne \u00e7\u0131kar\u0131yor.<\/p>\n","protected":false},"excerpt":{"rendered":"<p>Zengin do\u011falgaz ve petrol rezervlerinin tespit edilmesinden sonra d\u00fcnyan\u0131n en s\u0131cak b\u00f6lgelerinden biri haline gelen Do\u011fu Akdeniz, T\u00fcrkiye\u2019nin gelece\u011fi a\u00e7\u0131s\u0131ndan da hayati bir \u00f6neme sahip.Dr. Cihat<span class=\"excerpt-hellip\"> [\u2026]<\/span><\/p>\n","protected":false},"featured_media":0,"template":"","meta":{"_monsterinsights_skip_tracking":false,"_monsterinsights_sitenote_active":false,"_monsterinsights_sitenote_note":"","_monsterinsights_sitenote_category":0},"product_brand":[],"product_cat":[12338,12337],"product_tag":[],"class_list":{"0":"post-722907","1":"product","2":"type-product","3":"status-publish","5":"product_cat-dunya-siyaseti-ve-politikasi","6":"product_cat-politika-siyaset","7":"pa_cilt-ciltsiz","8":"pa_tur-kitap","9":"pa_yayinevi-kirmizi-kedi-yayinevi","10":"pa_yazar-cihat-yayci","12":"first","13":"instock","14":"sale","15":"shipping-taxable","16":"purchasable","17":"product-type-simple"},"_links":{"self":[{"href":"https:\/\/roveyayinevi.com.tr\/index.php\/wp-json\/wp\/v2\/product\/722907","targetHints":{"allow":["GET"]}}],"collection":[{"href":"https:\/\/roveyayinevi.com.tr\/index.php\/wp-json\/wp\/v2\/product"}],"about":[{"href":"https:\/\/roveyayinevi.com.tr\/index.php\/wp-json\/wp\/v2\/types\/product"}],"wp:attachment":[{"href":"https:\/\/roveyayinevi.com.tr\/index.php\/wp-json\/wp\/v2\/media?parent=722907"}],"wp:term":[{"taxonomy":"product_brand","embeddable":true,"href":"https:\/\/roveyayinevi.com.tr\/index.php\/wp-json\/wp\/v2\/product_brand?post=722907"},{"taxonomy":"product_cat","embeddable":true,"href":"https:\/\/roveyayinevi.com.tr\/index.php\/wp-json\/wp\/v2\/product_cat?post=722907"},{"taxonomy":"product_tag","embeddable":true,"href":"https:\/\/roveyayinevi.com.tr\/index.php\/wp-json\/wp\/v2\/product_tag?post=722907"}],"curies":[{"name":"wp","href":"https:\/\/api.w.org\/{rel}","templated":true}]}}