{"id":722906,"date":"2025-08-27T19:10:39","date_gmt":"2025-08-27T16:10:39","guid":{"rendered":"https:\/\/roveyayinevi.com.tr\/index.php\/urun\/yazdiklariyla-yasananlar-2\/"},"modified":"2026-04-16T02:30:41","modified_gmt":"2026-04-15T23:30:41","slug":"yazdiklariyla-yasananlar-2","status":"publish","type":"product","link":"https:\/\/roveyayinevi.com.tr\/index.php\/urun\/yazdiklariyla-yasananlar-2\/","title":{"rendered":"Yazd\u0131klar\u0131yla Ya\u015fananlar 2"},"content":{"rendered":"<p>Kendi hayat\u0131na u\u011framayan o mutlu sonlar\u0131 yakalay\u0131p hik\u00e2yelerine ba\u011f\u0131\u015flayan Jane Austen\u2026 Kad\u0131nlar\u0131n yazd\u0131\u011f\u0131 kitaba itibar edilmeyece\u011fini bildiklerinden erkek isimleriyle edebiyat d\u00fcnyas\u0131na girmek zorunda kalan Bronte Karde\u015fler\u2026 Yaz\u0131y\u0131, k\u00f6y\u00fcne gelen bir \u00e7er\u00e7iden \u00f6\u011frenen b\u00fcy\u00fck yazar Ya\u015far Kemal\u2026 D\u00fcnyay\u0131 vatan\u0131na hasretle terk eden Naz\u0131m Hikmet\u2026Yazd\u0131klar\u0131yla Ya\u015fayanlar 2, ruhunuza dokunan b\u00fcy\u00fck yazarlar\u0131n eserleriyle i\u00e7 i\u00e7e ge\u00e7mi\u015f hayatlar\u0131n\u0131 anlat\u0131yor. Hasan Sara\u00e7, okuma ser\u00fcveninde yazarlarla kurdu\u011fu dostlu\u011fa okurlar\u0131n\u0131 bir kere daha dahil ediyor.Alt\u0131n\u0131 \u00e7izdi\u011finiz c\u00fcmlelerin sahiplerini yak\u0131ndan tan\u0131mak, hik\u00e2yelerinin hik\u00e2yelerini dinlemeye devam etmek ve b\u00fcy\u00fck yazarlar\u0131n hayatlar\u0131na \u015fahit olmak i\u00e7in Yazd\u0131klar\u0131yla Ya\u015fayanlar 2 do\u011fru bir kitap.<\/p>\n","protected":false},"excerpt":{"rendered":"<p>Kendi hayat\u0131na u\u011framayan o mutlu sonlar\u0131 yakalay\u0131p hik\u00e2yelerine ba\u011f\u0131\u015flayan Jane Austen\u2026 Kad\u0131nlar\u0131n yazd\u0131\u011f\u0131 kitaba itibar edilmeyece\u011fini bildiklerinden erkek isimleriyle edebiyat d\u00fcnyas\u0131na girmek zorunda kalan Bronte Karde\u015fler\u2026<span class=\"excerpt-hellip\"> [\u2026]<\/span><\/p>\n","protected":false},"featured_media":0,"template":"","meta":{"_monsterinsights_skip_tracking":false,"_monsterinsights_sitenote_active":false,"_monsterinsights_sitenote_note":"","_monsterinsights_sitenote_category":0},"product_brand":[],"product_cat":[14009,12291],"product_tag":[],"class_list":{"0":"post-722906","1":"product","2":"type-product","3":"status-publish","5":"product_cat-biyografi-otobiyografi-edebiyat","6":"product_cat-edebiyat","7":"pa_cilt-ciltsiz","8":"pa_tur-kitap","9":"pa_yayinevi-portakal-kitap","10":"pa_yazar-hasan-sarac","12":"first","13":"instock","14":"sale","15":"shipping-taxable","16":"purchasable","17":"product-type-simple"},"_links":{"self":[{"href":"https:\/\/roveyayinevi.com.tr\/index.php\/wp-json\/wp\/v2\/product\/722906","targetHints":{"allow":["GET"]}}],"collection":[{"href":"https:\/\/roveyayinevi.com.tr\/index.php\/wp-json\/wp\/v2\/product"}],"about":[{"href":"https:\/\/roveyayinevi.com.tr\/index.php\/wp-json\/wp\/v2\/types\/product"}],"wp:attachment":[{"href":"https:\/\/roveyayinevi.com.tr\/index.php\/wp-json\/wp\/v2\/media?parent=722906"}],"wp:term":[{"taxonomy":"product_brand","embeddable":true,"href":"https:\/\/roveyayinevi.com.tr\/index.php\/wp-json\/wp\/v2\/product_brand?post=722906"},{"taxonomy":"product_cat","embeddable":true,"href":"https:\/\/roveyayinevi.com.tr\/index.php\/wp-json\/wp\/v2\/product_cat?post=722906"},{"taxonomy":"product_tag","embeddable":true,"href":"https:\/\/roveyayinevi.com.tr\/index.php\/wp-json\/wp\/v2\/product_tag?post=722906"}],"curies":[{"name":"wp","href":"https:\/\/api.w.org\/{rel}","templated":true}]}}