{"id":722902,"date":"2025-08-27T19:10:36","date_gmt":"2025-08-27T16:10:36","guid":{"rendered":"https:\/\/roveyayinevi.com.tr\/index.php\/urun\/bazi-insanlar-varlikli-olsun-diye-neden-digerleri-yoksul-olmak-zorunda\/"},"modified":"2026-04-16T02:30:41","modified_gmt":"2026-04-15T23:30:41","slug":"bazi-insanlar-varlikli-olsun-diye-neden-digerleri-yoksul-olmak-zorunda","status":"publish","type":"product","link":"https:\/\/roveyayinevi.com.tr\/index.php\/urun\/bazi-insanlar-varlikli-olsun-diye-neden-digerleri-yoksul-olmak-zorunda\/","title":{"rendered":"Baz\u0131 \u0130nsanlar Varl\u0131kl\u0131 Olsun Diye Neden Di\u011ferleri Yoksul Olmak Zorunda?"},"content":{"rendered":"<p>\u201cBir soyguncunun veya bir katilin y\u00f6netiminde, d\u00fcr\u00fcst ki\u015filerin yeri ya mezar ya hapistir&#8230;\u201dK\u00fcba Devrimi\u2019nin lideri Fidel Castro, 20. y\u00fczy\u0131la damgas\u0131n\u0131 vuran bir fig\u00fcr oldu. Uzun y\u0131llar halklar\u0131n e\u015fitli\u011fi u\u011fruna verdi\u011fi m\u00fccadele ve bu yoldaki ad\u0131mlar\u0131 hep konu\u015fuldu, zaman zaman ele\u015ftirildi. Devrimin simgesi olarak adeta \u00f6l\u00fcms\u00fczle\u015fti.Fidel Castro halk\u0131n, i\u015f\u00e7i s\u0131n\u0131f\u0131n\u0131n ve \u00fclkesi u\u011fruna \u00e7al\u0131\u015fan t\u00fcm emek\u00e7ilerin yan\u0131nda durdu. Ba\u011f\u0131ms\u0131z bir \u00fclke hayali ile sosyalist bir y\u00f6netim kurdu. D\u00fcnya sahnesinde b\u00fcy\u00fck bir g\u00fc\u00e7 olan ABD\u2019yi kar\u015f\u0131s\u0131na al\u0131rken e\u011fitim, sa\u011fl\u0131k ve m\u00fclkiyet alan\u0131ndaki reformlar\u0131yla K\u00fcba\u2019y\u0131 ba\u015ftan yaratt\u0131. Fidel Castro\u2019nun devrim ad\u0131mlar\u0131ndaki vizyonu ve d\u00fc\u015f\u00fcnceleri bug\u00fcn h\u00e2l\u00e2 halklara, politikac\u0131lara ve t\u00fcm insanl\u0131\u011fa \u0131\u015f\u0131k tutmaya ve bamba\u015fka bir bak\u0131\u015f a\u00e7\u0131s\u0131 kazand\u0131rmaya devam ediyor.<\/p>\n","protected":false},"excerpt":{"rendered":"<p>\u201cBir soyguncunun veya bir katilin y\u00f6netiminde, d\u00fcr\u00fcst ki\u015filerin yeri ya mezar ya hapistir&#8230;\u201dK\u00fcba Devrimi\u2019nin lideri Fidel Castro, 20. y\u00fczy\u0131la damgas\u0131n\u0131 vuran bir fig\u00fcr oldu. Uzun y\u0131llar<span class=\"excerpt-hellip\"> [\u2026]<\/span><\/p>\n","protected":false},"featured_media":0,"template":"","meta":{"_monsterinsights_skip_tracking":false,"_monsterinsights_sitenote_active":false,"_monsterinsights_sitenote_note":"","_monsterinsights_sitenote_category":0},"product_brand":[],"product_cat":[12388,15536],"product_tag":[],"class_list":{"0":"post-722902","1":"product","2":"type-product","3":"status-publish","5":"product_cat-felsefe","6":"product_cat-siyaset-felsefesi","7":"pa_cilt-ciltsiz","8":"pa_tur-kitap","9":"pa_yayinevi-destek-yayinlari","10":"pa_yazar-fidel-castro","12":"first","13":"instock","14":"sale","15":"shipping-taxable","16":"purchasable","17":"product-type-simple"},"_links":{"self":[{"href":"https:\/\/roveyayinevi.com.tr\/index.php\/wp-json\/wp\/v2\/product\/722902","targetHints":{"allow":["GET"]}}],"collection":[{"href":"https:\/\/roveyayinevi.com.tr\/index.php\/wp-json\/wp\/v2\/product"}],"about":[{"href":"https:\/\/roveyayinevi.com.tr\/index.php\/wp-json\/wp\/v2\/types\/product"}],"wp:attachment":[{"href":"https:\/\/roveyayinevi.com.tr\/index.php\/wp-json\/wp\/v2\/media?parent=722902"}],"wp:term":[{"taxonomy":"product_brand","embeddable":true,"href":"https:\/\/roveyayinevi.com.tr\/index.php\/wp-json\/wp\/v2\/product_brand?post=722902"},{"taxonomy":"product_cat","embeddable":true,"href":"https:\/\/roveyayinevi.com.tr\/index.php\/wp-json\/wp\/v2\/product_cat?post=722902"},{"taxonomy":"product_tag","embeddable":true,"href":"https:\/\/roveyayinevi.com.tr\/index.php\/wp-json\/wp\/v2\/product_tag?post=722902"}],"curies":[{"name":"wp","href":"https:\/\/api.w.org\/{rel}","templated":true}]}}