{"id":722898,"date":"2025-08-27T19:10:33","date_gmt":"2025-08-27T16:10:33","guid":{"rendered":"https:\/\/roveyayinevi.com.tr\/index.php\/urun\/biyocesitlilik-hubert-reeves-anlatiyor\/"},"modified":"2026-04-16T02:30:41","modified_gmt":"2026-04-15T23:30:41","slug":"biyocesitlilik-hubert-reeves-anlatiyor","status":"publish","type":"product","link":"https:\/\/roveyayinevi.com.tr\/index.php\/urun\/biyocesitlilik-hubert-reeves-anlatiyor\/","title":{"rendered":"Biyo\u00e7e\u015fitlilik &#8211; Hubert Reeves Anlat\u0131yor"},"content":{"rendered":"<p>Y\u0131llard\u0131r, bildiklerini sadele\u015ftirerek halka yaymaya \u00e7al\u0131\u015fan \u00fcnl\u00fc g\u00f6kfizik\u00e7isi Hubert Reeves, dostlar\u0131yla birlikte \u015fimdi de \u00e7ocuklar i\u00e7in bilimsel bir \u00e7izgi roman serisi haz\u0131rlad\u0131. \u0130lk kitab\u0131 Boutinot\u2019yla birlikte yazd\u0131, \u00e7izimler ise Daniel Casanave&#8217;\u0131n usta kaleminden \u00e7\u0131kt\u0131. \u00c7izgi roman serisinin kahraman\u0131 bizim sevimli profes\u00f6r\u00fcm\u00fcz Hubert Reeves! Ve ona kulak verirsek \u201cY\u0131ld\u0131zlar olmasayd\u0131, biz de burada olmazd\u0131k.\u201d Biz kim miyiz? Solucanlar\u0131z, ar\u0131lar\u0131z, k\u0131rlang\u0131\u00e7lar\u0131z, kelebekleriz, \u00e7am a\u011fa\u00e7lar\u0131y\u0131z, e\u011frelti otlar\u0131y\u0131z, balinalar\u0131z, filleriz, sivrisinekleriz, mantarlar\u0131z, insanlar\u0131z\u2026 \u00c7e\u015fit \u00e7e\u015fidiz, bu g\u00fczel D\u00fcnya\u2019ya ve birbirimize s\u0131k\u0131 s\u0131k\u0131ya ba\u011fl\u0131y\u0131z.Y\u0131ld\u0131zlar\u0131 inceleyerek ge\u00e7irdi\u011fi y\u0131llardan sonra Hubert Reeves, bug\u00fcn de gezegenimizin gelece\u011fi i\u00e7in tutkuyla \u00e7al\u0131\u015f\u0131yor. G\u00f6kfizik\u00e7ilerin en sempati\u011fi, bizi \u015fa\u015f\u0131rt\u0131c\u0131 bir yolculu\u011fa s\u00fcr\u00fckl\u00fcyor ve canl\u0131lar\u0131 koruman\u0131n \u00f6nemini anlamam\u0131z\u0131 sa\u011fl\u0131yor. <\/p>\n","protected":false},"excerpt":{"rendered":"<p>Y\u0131llard\u0131r, bildiklerini sadele\u015ftirerek halka yaymaya \u00e7al\u0131\u015fan \u00fcnl\u00fc g\u00f6kfizik\u00e7isi Hubert Reeves, dostlar\u0131yla birlikte \u015fimdi de \u00e7ocuklar i\u00e7in bilimsel bir \u00e7izgi roman serisi haz\u0131rlad\u0131. \u0130lk kitab\u0131 Boutinot\u2019yla birlikte<span class=\"excerpt-hellip\"> [\u2026]<\/span><\/p>\n","protected":false},"featured_media":0,"template":"","meta":{"_monsterinsights_skip_tracking":false,"_monsterinsights_sitenote_active":false,"_monsterinsights_sitenote_note":"","_monsterinsights_sitenote_category":0},"product_brand":[],"product_cat":[13829,12274],"product_tag":[],"class_list":{"0":"post-722898","1":"product","2":"type-product","3":"status-publish","5":"product_cat-bilimsel-kitaplar","6":"product_cat-cocuk-ve-genclik-kitaplari","7":"pa_cilt-ciltsiz","8":"pa_tur-kitap","9":"pa_yayinevi-kuraldisi-yayinevi","10":"pa_yazar-hubert-reeves-nelly-boutinot","12":"first","13":"instock","14":"sale","15":"shipping-taxable","16":"purchasable","17":"product-type-simple"},"_links":{"self":[{"href":"https:\/\/roveyayinevi.com.tr\/index.php\/wp-json\/wp\/v2\/product\/722898","targetHints":{"allow":["GET"]}}],"collection":[{"href":"https:\/\/roveyayinevi.com.tr\/index.php\/wp-json\/wp\/v2\/product"}],"about":[{"href":"https:\/\/roveyayinevi.com.tr\/index.php\/wp-json\/wp\/v2\/types\/product"}],"wp:attachment":[{"href":"https:\/\/roveyayinevi.com.tr\/index.php\/wp-json\/wp\/v2\/media?parent=722898"}],"wp:term":[{"taxonomy":"product_brand","embeddable":true,"href":"https:\/\/roveyayinevi.com.tr\/index.php\/wp-json\/wp\/v2\/product_brand?post=722898"},{"taxonomy":"product_cat","embeddable":true,"href":"https:\/\/roveyayinevi.com.tr\/index.php\/wp-json\/wp\/v2\/product_cat?post=722898"},{"taxonomy":"product_tag","embeddable":true,"href":"https:\/\/roveyayinevi.com.tr\/index.php\/wp-json\/wp\/v2\/product_tag?post=722898"}],"curies":[{"name":"wp","href":"https:\/\/api.w.org\/{rel}","templated":true}]}}