{"id":722895,"date":"2025-08-27T19:10:31","date_gmt":"2025-08-27T16:10:31","guid":{"rendered":"https:\/\/roveyayinevi.com.tr\/index.php\/urun\/disney-esrarengiz-kasaba-perili-dukkan\/"},"modified":"2026-04-16T02:30:41","modified_gmt":"2026-04-15T23:30:41","slug":"disney-esrarengiz-kasaba-perili-dukkan","status":"publish","type":"product","link":"https:\/\/roveyayinevi.com.tr\/index.php\/urun\/disney-esrarengiz-kasaba-perili-dukkan\/","title":{"rendered":"Disney \u2013 Esrarengiz Kasaba Perili D\u00fckkan"},"content":{"rendered":"<p>Dipper ve Mabel, Wendy ve onun gen\u00e7 arkada\u015flar\u0131 ile terk edilmi\u015f perili marketi ke\u015ffetmeye gitti\u011finde garip \u015feyler oldu ve hayaletler gen\u00e7leri tuza\u011fa du\u0308\u015fu\u0308rdu\u0308! Hayaletlerin kar\u015f\u0131s\u0131na cesurca dikilen Dipper\u2019\u0131n son \u00e7are olarak yapt\u0131\u011f\u0131 dans gen\u00e7 arkada\u015flar\u0131n\u0131n \u00f6zgu\u0308r kalmas\u0131 i\u00e7in yeterli olacak m\u0131 yoksa sonsuza kadar tuza\u011fa m\u0131 du\u0308\u015fecekler?   Dipper ve Mabel ile bu maceraya ortak ol ve kitab\u0131n i\u00e7indeki renkli \u00e7\u0131kartmalarla e\u011flen! <\/p>\n","protected":false},"excerpt":{"rendered":"<p>Dipper ve Mabel, Wendy ve onun gen\u00e7 arkada\u015flar\u0131 ile terk edilmi\u015f perili marketi ke\u015ffetmeye gitti\u011finde garip \u015feyler oldu ve hayaletler gen\u00e7leri tuza\u011fa du\u0308\u015fu\u0308rdu\u0308! Hayaletlerin kar\u015f\u0131s\u0131na cesurca<span class=\"excerpt-hellip\"> [\u2026]<\/span><\/p>\n","protected":false},"featured_media":0,"template":"","meta":{"_monsterinsights_skip_tracking":false,"_monsterinsights_sitenote_active":false,"_monsterinsights_sitenote_note":"","_monsterinsights_sitenote_category":0},"product_brand":[],"product_cat":[12274,12284],"product_tag":[],"class_list":{"0":"post-722895","1":"product","2":"type-product","3":"status-publish","5":"product_cat-cocuk-ve-genclik-kitaplari","6":"product_cat-hikayeler","7":"pa_cilt-ciltsiz","8":"pa_tur-kitap","9":"pa_yayinevi-beta-kids","10":"pa_yazar-samantha-brooke","12":"first","13":"instock","14":"sale","15":"shipping-taxable","16":"purchasable","17":"product-type-simple"},"_links":{"self":[{"href":"https:\/\/roveyayinevi.com.tr\/index.php\/wp-json\/wp\/v2\/product\/722895","targetHints":{"allow":["GET"]}}],"collection":[{"href":"https:\/\/roveyayinevi.com.tr\/index.php\/wp-json\/wp\/v2\/product"}],"about":[{"href":"https:\/\/roveyayinevi.com.tr\/index.php\/wp-json\/wp\/v2\/types\/product"}],"wp:attachment":[{"href":"https:\/\/roveyayinevi.com.tr\/index.php\/wp-json\/wp\/v2\/media?parent=722895"}],"wp:term":[{"taxonomy":"product_brand","embeddable":true,"href":"https:\/\/roveyayinevi.com.tr\/index.php\/wp-json\/wp\/v2\/product_brand?post=722895"},{"taxonomy":"product_cat","embeddable":true,"href":"https:\/\/roveyayinevi.com.tr\/index.php\/wp-json\/wp\/v2\/product_cat?post=722895"},{"taxonomy":"product_tag","embeddable":true,"href":"https:\/\/roveyayinevi.com.tr\/index.php\/wp-json\/wp\/v2\/product_tag?post=722895"}],"curies":[{"name":"wp","href":"https:\/\/api.w.org\/{rel}","templated":true}]}}