{"id":722894,"date":"2025-08-27T19:10:30","date_gmt":"2025-08-27T16:10:30","guid":{"rendered":"https:\/\/roveyayinevi.com.tr\/index.php\/urun\/disney-esrarengiz-kasaba-yaz-cadilar-bayrami\/"},"modified":"2026-04-16T02:30:41","modified_gmt":"2026-04-15T23:30:41","slug":"disney-esrarengiz-kasaba-yaz-cadilar-bayrami","status":"publish","type":"product","link":"https:\/\/roveyayinevi.com.tr\/index.php\/urun\/disney-esrarengiz-kasaba-yaz-cadilar-bayrami\/","title":{"rendered":"Disney &#8211; Esrarengiz Kasaba Yaz Cad\u0131lar Bayram\u0131"},"content":{"rendered":"<p>Kasaba Yaz Cad\u0131lar Bayram\u0131\u2019n\u0131 kutlarken, Yaz Cad\u0131lar Bayram\u0131 Hilek\u00e2r\u0131, Dipper ile Mabel\u2019\u0131 ziyaret etti. Son balkaba\u011f\u0131 feneri s\u00f6nmeden \u00f6nce be\u015f yu\u0308z par\u00e7a \u015feker toplamazlarsa Hilek\u00e2r geri gelecek! Dipper ve Mabel ruhlar\u0131n\u0131 kurtarmak i\u00e7in gereken \u015fekeri toplayabilecek mi yoksa zamanlar\u0131 bitip Hilek\u00e2r\u0131n eline mi du\u0308\u015fecekler? Hayatlar\u0131n\u0131 kurtarmak i\u00e7in \u015feker toplamaya \u00e7\u0131kan Dipper ve Mabel\u2019\u0131 takip edin!   Kitaptan \u00e7\u0131kan muhte\u015fem \u00e7\u0131kartmalarla e\u011flenceye devam edin! <\/p>\n","protected":false},"excerpt":{"rendered":"<p>Kasaba Yaz Cad\u0131lar Bayram\u0131\u2019n\u0131 kutlarken, Yaz Cad\u0131lar Bayram\u0131 Hilek\u00e2r\u0131, Dipper ile Mabel\u2019\u0131 ziyaret etti. Son balkaba\u011f\u0131 feneri s\u00f6nmeden \u00f6nce be\u015f yu\u0308z par\u00e7a \u015feker toplamazlarsa Hilek\u00e2r geri<span class=\"excerpt-hellip\"> [\u2026]<\/span><\/p>\n","protected":false},"featured_media":0,"template":"","meta":{"_monsterinsights_skip_tracking":false,"_monsterinsights_sitenote_active":false,"_monsterinsights_sitenote_note":"","_monsterinsights_sitenote_category":0},"product_brand":[],"product_cat":[12274,12284],"product_tag":[],"class_list":{"0":"post-722894","1":"product","2":"type-product","3":"status-publish","5":"product_cat-cocuk-ve-genclik-kitaplari","6":"product_cat-hikayeler","7":"pa_cilt-ciltsiz","8":"pa_tur-kitap","9":"pa_yayinevi-beta-kids","10":"pa_yazar-samantha-brooke","12":"first","13":"instock","14":"sale","15":"shipping-taxable","16":"purchasable","17":"product-type-simple"},"_links":{"self":[{"href":"https:\/\/roveyayinevi.com.tr\/index.php\/wp-json\/wp\/v2\/product\/722894","targetHints":{"allow":["GET"]}}],"collection":[{"href":"https:\/\/roveyayinevi.com.tr\/index.php\/wp-json\/wp\/v2\/product"}],"about":[{"href":"https:\/\/roveyayinevi.com.tr\/index.php\/wp-json\/wp\/v2\/types\/product"}],"wp:attachment":[{"href":"https:\/\/roveyayinevi.com.tr\/index.php\/wp-json\/wp\/v2\/media?parent=722894"}],"wp:term":[{"taxonomy":"product_brand","embeddable":true,"href":"https:\/\/roveyayinevi.com.tr\/index.php\/wp-json\/wp\/v2\/product_brand?post=722894"},{"taxonomy":"product_cat","embeddable":true,"href":"https:\/\/roveyayinevi.com.tr\/index.php\/wp-json\/wp\/v2\/product_cat?post=722894"},{"taxonomy":"product_tag","embeddable":true,"href":"https:\/\/roveyayinevi.com.tr\/index.php\/wp-json\/wp\/v2\/product_tag?post=722894"}],"curies":[{"name":"wp","href":"https:\/\/api.w.org\/{rel}","templated":true}]}}