{"id":722893,"date":"2025-08-27T19:10:30","date_gmt":"2025-08-27T16:10:30","guid":{"rendered":"https:\/\/roveyayinevi.com.tr\/index.php\/urun\/sicrayis\/"},"modified":"2026-04-16T02:30:41","modified_gmt":"2026-04-15T23:30:41","slug":"sicrayis","status":"publish","type":"product","link":"https:\/\/roveyayinevi.com.tr\/index.php\/urun\/sicrayis\/","title":{"rendered":"S\u0131\u00e7ray\u0131\u015f"},"content":{"rendered":"<p>\u201cD\u00fcnyan\u0131n en bilge kad\u0131nlar\u0131ndan biri olan Pema Ch\u00f6dr\u00f6n\u2019\u00fcn bu samimi \u00f6\u011fretileri ile y\u0131k\u0131c\u0131 al\u0131\u015fkanl\u0131klar\u0131 yok ederek cesaret ve \u015fefkat dolu bir hayata ad\u0131m at\u0131n.\u201dOprah\u2018Ge\u00e7mi\u015fimdeki ac\u0131lar\u0131 ve s\u0131k\u0131nt\u0131lar\u0131 neden yok edemiyorum?\u2019\u2018Gelecek bana neler getirecek?\u2019Bu sorular zihninizi me\u015fgul ediyor, \u015fimdinin mucizevi g\u00fcc\u00fcn\u00fc ya\u015faman\u0131za engel oluyor ve sizi zorluklarla, g\u00fcvensizliklerle kar\u015f\u0131 kar\u015f\u0131ya m\u0131 b\u0131rak\u0131yor?Pema Ch\u00f6dr\u00f6n bu kitapta Budist bir \u00f6\u011freti olan shenpa\u2019dan yola \u00e7\u0131karak zihnin belli al\u0131\u015fkanl\u0131klar\u0131n\u0131n ki\u015fiyi nas\u0131l \u2018yakalad\u0131\u011f\u0131n\u0131\u2019 ve k\u0131zg\u0131nl\u0131k, su\u00e7luluk, nefret ve ba\u011f\u0131ml\u0131l\u0131k gibi duygulara y\u00f6neltti\u011fini a\u00e7\u0131kl\u0131yor. Ch\u00f6dr\u00f6n davran\u0131\u015flar\u0131m\u0131za, tepkilerimize ve d\u00fc\u015f\u00fcncelerimize tak\u0131l\u0131 bir \u2018kanca\u2019 oldu\u011funu, bu kanca orada kald\u0131\u011f\u0131 m\u00fcddet\u00e7e kal\u0131plar\u0131m\u0131z\u0131n de\u011fi\u015fmedi\u011fini ve ayn\u0131 hikayenin tekrar tekrar ya\u015fand\u0131\u011f\u0131n\u0131 vurgulayarak bunu tersine \u00e7evirmek i\u00e7in kalbi her saniyedeki sonsuz olas\u0131l\u0131klara a\u00e7man\u0131n \u00f6nemini anlat\u0131yor.Ya\u015fam\u0131n\u0131zdaki sonsuz \u015fimdiye ve de\u011fi\u015fime kucak a\u00e7arak y\u0131k\u0131c\u0131 al\u0131\u015fkanl\u0131klardan kurtulmak, yepyeni bir \u00f6zg\u00fcrl\u00fck ve mutluluk hissi deneyimlemek \u015fu an elinizde.<\/p>\n","protected":false},"excerpt":{"rendered":"<p>\u201cD\u00fcnyan\u0131n en bilge kad\u0131nlar\u0131ndan biri olan Pema Ch\u00f6dr\u00f6n\u2019\u00fcn bu samimi \u00f6\u011fretileri ile y\u0131k\u0131c\u0131 al\u0131\u015fkanl\u0131klar\u0131 yok ederek cesaret ve \u015fefkat dolu bir hayata ad\u0131m at\u0131n.\u201dOprah\u2018Ge\u00e7mi\u015fimdeki ac\u0131lar\u0131 ve<span class=\"excerpt-hellip\"> [\u2026]<\/span><\/p>\n","protected":false},"featured_media":0,"template":"","meta":{"_monsterinsights_skip_tracking":false,"_monsterinsights_sitenote_active":false,"_monsterinsights_sitenote_note":"","_monsterinsights_sitenote_category":0},"product_brand":[],"product_cat":[12364,12376],"product_tag":[],"class_list":{"0":"post-722893","1":"product","2":"type-product","3":"status-publish","5":"product_cat-genel-konular","6":"product_cat-kisisel-gelisim","7":"pa_cilt-ciltsiz","8":"pa_tur-kitap","9":"pa_yayinevi-koridor-yayincilik","10":"pa_yazar-pema-chodron","12":"first","13":"instock","14":"sale","15":"shipping-taxable","16":"purchasable","17":"product-type-simple"},"_links":{"self":[{"href":"https:\/\/roveyayinevi.com.tr\/index.php\/wp-json\/wp\/v2\/product\/722893","targetHints":{"allow":["GET"]}}],"collection":[{"href":"https:\/\/roveyayinevi.com.tr\/index.php\/wp-json\/wp\/v2\/product"}],"about":[{"href":"https:\/\/roveyayinevi.com.tr\/index.php\/wp-json\/wp\/v2\/types\/product"}],"wp:attachment":[{"href":"https:\/\/roveyayinevi.com.tr\/index.php\/wp-json\/wp\/v2\/media?parent=722893"}],"wp:term":[{"taxonomy":"product_brand","embeddable":true,"href":"https:\/\/roveyayinevi.com.tr\/index.php\/wp-json\/wp\/v2\/product_brand?post=722893"},{"taxonomy":"product_cat","embeddable":true,"href":"https:\/\/roveyayinevi.com.tr\/index.php\/wp-json\/wp\/v2\/product_cat?post=722893"},{"taxonomy":"product_tag","embeddable":true,"href":"https:\/\/roveyayinevi.com.tr\/index.php\/wp-json\/wp\/v2\/product_tag?post=722893"}],"curies":[{"name":"wp","href":"https:\/\/api.w.org\/{rel}","templated":true}]}}