{"id":722892,"date":"2025-08-27T19:10:29","date_gmt":"2025-08-27T16:10:29","guid":{"rendered":"https:\/\/roveyayinevi.com.tr\/index.php\/urun\/masal-sarkilari-cd-ilaveli\/"},"modified":"2026-04-16T02:30:41","modified_gmt":"2026-04-15T23:30:41","slug":"masal-sarkilari-cd-ilaveli","status":"publish","type":"product","link":"https:\/\/roveyayinevi.com.tr\/index.php\/urun\/masal-sarkilari-cd-ilaveli\/","title":{"rendered":"Masal \u015eark\u0131lar\u0131 (CD \u0130laveli)"},"content":{"rendered":"<p>Bu kitapta Balta B\u0131y\u0131k, Bitmeyen Masal, K\u00fclden E\u015fek, Dom Dom B\u00f6ce\u011fi, Feride, Neydik? Ne Olduk? Ne Olaca\u011f\u0131z?, Merdane Cos, Sihirli M\u00fch\u00fcr, Topal Karga ve Fatmac\u0131k\u2019la Yusufcuk olmak \u00fczere 10 masal bestelenerek \u015fark\u0131ya d\u00f6n\u00fc\u015ft\u00fcr\u00fclm\u00fc\u015ft\u00fcr. Kitapta her masal\u0131n renkli g\u00f6rseline, masal metnine, notalar\u0131na, \u015fark\u0131 s\u00f6zlerine ve piyano e\u015fliklerinin notalar\u0131na yer verilmi\u015ftir. Ayr\u0131ca kitab\u0131n beraberindeki CD\u2019de \u015fark\u0131lar\u0131n hem solist taraf\u0131ndan seslendirilmi\u015f kay\u0131tlar\u0131 hem de yaln\u0131zca piyano e\u015flik altyap\u0131lar\u0131 bulunmaktad\u0131r. Kitap \u00e7ocuklar\u0131m\u0131z\u0131n kendi k\u00fclt\u00fcrlerini tan\u0131malar\u0131, halk k\u00fclt\u00fcr\u00fcn\u00fcn miras\u0131 olan masallar\u0131n s\u0327ark\u0131las\u0327t\u0131r\u0131lmas\u0131 yoluyla \u00e7ocuklar ile halk k\u00fclt\u00fcr\u00fcn\u00fc bulus\u0327turmak ve eg\u0306itim m\u00fczig\u0306i dag\u0306arc\u0131g\u0306\u0131m\u0131za yeni s\u0327ark\u0131lar eklemek ama\u00e7lar\u0131yla ilk\u00f6\u011fretim \u00e7a\u011f\u0131ndaki \u00e7ocuklara y\u00f6nelik olarak haz\u0131rlanm\u0131\u015ft\u0131r. M\u00fczik dersine disiplinler aras\u0131 yakla\u015f\u0131m bak\u0131m\u0131ndan katk\u0131 sa\u011flayan bu kitap, hem masal anlat\u0131m\u0131, hem masal \u015fark\u0131s\u0131n\u0131n seslendirilmesi hem de canland\u0131r\u0131lmas\u0131 ile olduk\u00e7a keyifli ve \u00f6\u011fretici bir \u00e7al\u0131\u015fma sa\u011flamaktad\u0131r. Ayr\u0131ca CD destekli olmas\u0131 bak\u0131m\u0131ndan nota okumas\u0131n\u0131 bilmeyen ki\u015filer taraf\u0131ndan da kolayl\u0131kla kullan\u0131labilir. <\/p>\n","protected":false},"excerpt":{"rendered":"<p>Bu kitapta Balta B\u0131y\u0131k, Bitmeyen Masal, K\u00fclden E\u015fek, Dom Dom B\u00f6ce\u011fi, Feride, Neydik? Ne Olduk? Ne Olaca\u011f\u0131z?, Merdane Cos, Sihirli M\u00fch\u00fcr, Topal Karga ve Fatmac\u0131k\u2019la Yusufcuk<span class=\"excerpt-hellip\"> [\u2026]<\/span><\/p>\n","protected":false},"featured_media":0,"template":"","meta":{"_monsterinsights_skip_tracking":false,"_monsterinsights_sitenote_active":false,"_monsterinsights_sitenote_note":"","_monsterinsights_sitenote_category":0},"product_brand":[],"product_cat":[14556,14557],"product_tag":[],"class_list":{"0":"post-722892","1":"product","2":"type-product","3":"status-publish","5":"product_cat-muzik","6":"product_cat-nota-kitaplari","7":"pa_cilt-ciltsiz","8":"pa_tur-kitap","9":"pa_yayinevi-muzik-egitimi-yayinlari","10":"pa_yazar-elvan-karakoc-tugba-caglak-eker","12":"first","13":"instock","14":"sale","15":"shipping-taxable","16":"purchasable","17":"product-type-simple"},"_links":{"self":[{"href":"https:\/\/roveyayinevi.com.tr\/index.php\/wp-json\/wp\/v2\/product\/722892","targetHints":{"allow":["GET"]}}],"collection":[{"href":"https:\/\/roveyayinevi.com.tr\/index.php\/wp-json\/wp\/v2\/product"}],"about":[{"href":"https:\/\/roveyayinevi.com.tr\/index.php\/wp-json\/wp\/v2\/types\/product"}],"wp:attachment":[{"href":"https:\/\/roveyayinevi.com.tr\/index.php\/wp-json\/wp\/v2\/media?parent=722892"}],"wp:term":[{"taxonomy":"product_brand","embeddable":true,"href":"https:\/\/roveyayinevi.com.tr\/index.php\/wp-json\/wp\/v2\/product_brand?post=722892"},{"taxonomy":"product_cat","embeddable":true,"href":"https:\/\/roveyayinevi.com.tr\/index.php\/wp-json\/wp\/v2\/product_cat?post=722892"},{"taxonomy":"product_tag","embeddable":true,"href":"https:\/\/roveyayinevi.com.tr\/index.php\/wp-json\/wp\/v2\/product_tag?post=722892"}],"curies":[{"name":"wp","href":"https:\/\/api.w.org\/{rel}","templated":true}]}}