{"id":722891,"date":"2025-08-27T19:10:28","date_gmt":"2025-08-27T16:10:28","guid":{"rendered":"https:\/\/roveyayinevi.com.tr\/index.php\/urun\/piyano-icin-10-turk-ezgisi\/"},"modified":"2026-04-16T02:30:41","modified_gmt":"2026-04-15T23:30:41","slug":"piyano-icin-10-turk-ezgisi","status":"publish","type":"product","link":"https:\/\/roveyayinevi.com.tr\/index.php\/urun\/piyano-icin-10-turk-ezgisi\/","title":{"rendered":"Piyano \u0130\u00e7in 10 T\u00fcrk Ezgisi"},"content":{"rendered":"<p>Bu alb\u00fcm T\u00fcrk m\u00fczi\u011finden se\u00e7ilmi\u015f eserlerin piyanoya uyarlanmas\u0131 yoluyla \u00e7al\u0131\u015f\u0131lm\u0131\u015f, her y\u00f6n\u00fcyle yal\u0131n, yeni ve \u00f6zg\u00fcn bir \u00e7al\u0131\u015fmad\u0131r. Kitap; piyano e\u011fitimi veren e\u011fitimcilere y\u00f6nelik \u00f6nemli bir kaynak niteli\u011findedir. Ayr\u0131ca bu kaynak, E\u011fitim Fak\u00fclteleri, G\u00fczel Sanatlar Fak\u00fclteleri ve Konservatuvar b\u00fcnyesinde piyano dersi almakta olan \u00f6\u011frenciler ve bu alanda e\u011fitim alan sanatseverler i\u00e7in T\u00fcrk m\u00fczi\u011fi eserleriyle piyano \u00e7alg\u0131s\u0131na yeni bir soluk ve yeni bir ses getirmektedir.   Kitapta farkl\u0131 y\u00f6relerden ve T\u00fcrk m\u00fczi\u011finden se\u00e7ilen ve d\u00fczenlenen 10 eser yer almaktad\u0131r. Bu eserler isimleri \u015f\u00f6yledir: Alt\u0131n H\u0131zma, Ay La\u00e7in, G\u00fclnihal, I\u011fd\u0131r\u2019\u0131n Al Almas\u0131, Uzun \u0130nce Bir Yolday\u0131m, Havada Bulut Yok, Bah\u00e7elere Ay Do\u011fdu, Manast\u0131r\u0131n Ortas\u0131nda, Ya\u011fc\u0131lar Zeybe\u011fi, Oy Benum Sevduce\u011fim. Kitab\u0131n beraberinde her eserin MP3 ses dosyas\u0131 da sunulmu\u015ftur. Bu dosyalar\u0131 yay\u0131nevi web sitesinden \u00fccretsiz olarak indirebilir, eserleri dinleyebilirsiniz. <\/p>\n","protected":false},"excerpt":{"rendered":"<p>Bu alb\u00fcm T\u00fcrk m\u00fczi\u011finden se\u00e7ilmi\u015f eserlerin piyanoya uyarlanmas\u0131 yoluyla \u00e7al\u0131\u015f\u0131lm\u0131\u015f, her y\u00f6n\u00fcyle yal\u0131n, yeni ve \u00f6zg\u00fcn bir \u00e7al\u0131\u015fmad\u0131r. Kitap; piyano e\u011fitimi veren e\u011fitimcilere y\u00f6nelik \u00f6nemli bir<span class=\"excerpt-hellip\"> [\u2026]<\/span><\/p>\n","protected":false},"featured_media":0,"template":"","meta":{"_monsterinsights_skip_tracking":false,"_monsterinsights_sitenote_active":false,"_monsterinsights_sitenote_note":"","_monsterinsights_sitenote_category":0},"product_brand":[],"product_cat":[14556,20810],"product_tag":[],"class_list":{"0":"post-722891","1":"product","2":"type-product","3":"status-publish","5":"product_cat-muzik","6":"product_cat-ogrenim-kitaplari","7":"pa_cilt-ciltsiz","8":"pa_tur-kitap","9":"pa_yayinevi-muzik-egitimi-yayinlari","10":"pa_yazar-ozan-eroy","12":"first","13":"instock","14":"sale","15":"shipping-taxable","16":"purchasable","17":"product-type-simple"},"_links":{"self":[{"href":"https:\/\/roveyayinevi.com.tr\/index.php\/wp-json\/wp\/v2\/product\/722891","targetHints":{"allow":["GET"]}}],"collection":[{"href":"https:\/\/roveyayinevi.com.tr\/index.php\/wp-json\/wp\/v2\/product"}],"about":[{"href":"https:\/\/roveyayinevi.com.tr\/index.php\/wp-json\/wp\/v2\/types\/product"}],"wp:attachment":[{"href":"https:\/\/roveyayinevi.com.tr\/index.php\/wp-json\/wp\/v2\/media?parent=722891"}],"wp:term":[{"taxonomy":"product_brand","embeddable":true,"href":"https:\/\/roveyayinevi.com.tr\/index.php\/wp-json\/wp\/v2\/product_brand?post=722891"},{"taxonomy":"product_cat","embeddable":true,"href":"https:\/\/roveyayinevi.com.tr\/index.php\/wp-json\/wp\/v2\/product_cat?post=722891"},{"taxonomy":"product_tag","embeddable":true,"href":"https:\/\/roveyayinevi.com.tr\/index.php\/wp-json\/wp\/v2\/product_tag?post=722891"}],"curies":[{"name":"wp","href":"https:\/\/api.w.org\/{rel}","templated":true}]}}