{"id":722889,"date":"2025-08-27T19:10:27","date_gmt":"2025-08-27T16:10:27","guid":{"rendered":"https:\/\/roveyayinevi.com.tr\/index.php\/urun\/bir-seyi-farkli-yap\/"},"modified":"2026-04-16T02:30:41","modified_gmt":"2026-04-15T23:30:41","slug":"bir-seyi-farkli-yap","status":"publish","type":"product","link":"https:\/\/roveyayinevi.com.tr\/index.php\/urun\/bir-seyi-farkli-yap\/","title":{"rendered":"Bir \u015eeyi Farkl\u0131 Yap"},"content":{"rendered":"<p>Bir sorunu \u00e7\u00f6zmeye \u00e7al\u0131\u015f\u0131rken ya da anla\u015fmazl\u0131k veya \u00e7at\u0131\u015fma i\u00e7ine s\u00fcr\u00fcklendi\u011finizde kendinizi k\u00f6\u015feye s\u0131k\u0131\u015fm\u0131\u015f, \u00e7aresiz mi hissediyorsunuz? Herhangi bir ili\u015fkide bir sorun, \u00e7at\u0131\u015fma \u00e7\u0131kt\u0131\u011f\u0131nda kolayca k\u0131zar, \u00f6fkelenir misiniz? E\u015finiz, \u00e7ocuklar\u0131n\u0131z, meslekta\u015flar\u0131n\u0131z ya da fikir ayr\u0131l\u0131\u011f\u0131n\u0131z olan biriyle b\u00fct\u00fcn \u00e7abalar\u0131n\u0131za ra\u011fmen ileti\u015fim kurmay\u0131 ba\u015faramad\u0131n\u0131z m\u0131? Bu ve benzeri sorunlara son derece etkili, h\u0131zla iyile\u015ftirici yakla\u015f\u0131mlar, kolay kullan\u0131labilen \u00e7\u00f6z\u00fcm anahtarlar\u0131 sunan Bill O&#8217;Hanlon \u00c7\u00f6z\u00fcm Odakl\u0131 Terapi\u2019nin yarat\u0131c\u0131lar\u0131ndand\u0131r. Kendi kendinize uygulayabilece\u011finiz pratik, yarat\u0131c\u0131, etkili y\u00f6ntemler, al\u0131\u015ft\u0131rmalar irili ufakl\u0131 bir\u00e7ok sorundan kurtulman\u0131za yard\u0131mc\u0131 olacakt\u0131r. Mizahi bir dille, ya\u015fanm\u0131\u015f \u00f6rneklerle zenginle\u015fen bir anlat\u0131mla sunulan 10 \u00c7\u00f6z\u00fcm Anahtar\u0131 sorunlarla kapal\u0131 kap\u0131lar\u0131n a\u00e7\u0131lmas\u0131n\u0131 sa\u011fl\u0131yor. En kolay yapabilece\u011finiz en basit \u015feyden ba\u015flayarak ve bir \u015feyi farkl\u0131 yaparak bu anahtarlar\u0131 kullanmaya ba\u015flad\u0131\u011f\u0131n\u0131zda \u015fa\u015f\u0131rt\u0131c\u0131 sonu\u00e7lar alacak ve problemlerinizi a\u015ft\u0131\u011f\u0131n\u0131z\u0131 g\u00f6receksiniz. Ne kadar k\u00fc\u00e7\u00fck, ne kadar \u00f6nemsiz, ne kadar basit olursa olsun bir \u015feyi farkl\u0131 yapmaya ba\u015flayarak ilk ad\u0131m at\u0131ld\u0131\u011f\u0131nda d\u00fcnyan\u0131n nas\u0131l de\u011fi\u015febilece\u011fini kan\u0131tlayan bu kitap ya\u015fam\u0131n\u0131z\u0131 istedi\u011finiz y\u00f6ne sevk etmek i\u00e7in hep elinizin alt\u0131nda olmal\u0131d\u0131r<\/p>\n","protected":false},"excerpt":{"rendered":"<p>Bir sorunu \u00e7\u00f6zmeye \u00e7al\u0131\u015f\u0131rken ya da anla\u015fmazl\u0131k veya \u00e7at\u0131\u015fma i\u00e7ine s\u00fcr\u00fcklendi\u011finizde kendinizi k\u00f6\u015feye s\u0131k\u0131\u015fm\u0131\u015f, \u00e7aresiz mi hissediyorsunuz? Herhangi bir ili\u015fkide bir sorun, \u00e7at\u0131\u015fma \u00e7\u0131kt\u0131\u011f\u0131nda kolayca k\u0131zar,<span class=\"excerpt-hellip\"> [\u2026]<\/span><\/p>\n","protected":false},"featured_media":0,"template":"","meta":{"_monsterinsights_skip_tracking":false,"_monsterinsights_sitenote_active":false,"_monsterinsights_sitenote_note":"","_monsterinsights_sitenote_category":0},"product_brand":[],"product_cat":[12755,12357],"product_tag":[],"class_list":{"0":"post-722889","1":"product","2":"type-product","3":"status-publish","5":"product_cat-gelisim-psikolojisi","6":"product_cat-psikoloji","7":"pa_cilt-ciltsiz","8":"pa_tur-kitap","9":"pa_yayinevi-kuraldisi-yayinevi","10":"pa_yazar-bill-ohanlon","12":"first","13":"instock","14":"sale","15":"shipping-taxable","16":"purchasable","17":"product-type-simple"},"_links":{"self":[{"href":"https:\/\/roveyayinevi.com.tr\/index.php\/wp-json\/wp\/v2\/product\/722889","targetHints":{"allow":["GET"]}}],"collection":[{"href":"https:\/\/roveyayinevi.com.tr\/index.php\/wp-json\/wp\/v2\/product"}],"about":[{"href":"https:\/\/roveyayinevi.com.tr\/index.php\/wp-json\/wp\/v2\/types\/product"}],"wp:attachment":[{"href":"https:\/\/roveyayinevi.com.tr\/index.php\/wp-json\/wp\/v2\/media?parent=722889"}],"wp:term":[{"taxonomy":"product_brand","embeddable":true,"href":"https:\/\/roveyayinevi.com.tr\/index.php\/wp-json\/wp\/v2\/product_brand?post=722889"},{"taxonomy":"product_cat","embeddable":true,"href":"https:\/\/roveyayinevi.com.tr\/index.php\/wp-json\/wp\/v2\/product_cat?post=722889"},{"taxonomy":"product_tag","embeddable":true,"href":"https:\/\/roveyayinevi.com.tr\/index.php\/wp-json\/wp\/v2\/product_tag?post=722889"}],"curies":[{"name":"wp","href":"https:\/\/api.w.org\/{rel}","templated":true}]}}