{"id":722888,"date":"2025-08-27T19:10:27","date_gmt":"2025-08-27T16:10:27","guid":{"rendered":"https:\/\/roveyayinevi.com.tr\/index.php\/urun\/gizli-psikolojik-istismar\/"},"modified":"2026-04-16T02:30:41","modified_gmt":"2026-04-15T23:30:41","slug":"gizli-psikolojik-istismar","status":"publish","type":"product","link":"https:\/\/roveyayinevi.com.tr\/index.php\/urun\/gizli-psikolojik-istismar\/","title":{"rendered":"Gizli Psikolojik \u0130stismar"},"content":{"rendered":"<p>\u0130nsan\u0131n bulundu\u011fu her yerde, her toplulukta toksik insanlar ve psikolojik istismar olabilir ancak bunlar \u00e7o\u011funlukla gizlidir; moraran g\u00f6z, k\u0131r\u0131lan kol veya duvarlarda patlayan tabak, bardak yoktur. Oysa \u015fiddetin bu g\u00f6r\u00fcnmeyen ve sinsi bi\u00e7imi a\u011f\u0131r hasara yol a\u00e7ar; y\u0131k\u0131lm\u0131\u015f duygular\u0131yla, zedelenmi\u015f \u00f6zsayg\u0131s\u0131yla hayat\u0131n bir\u00e7ok alan\u0131nda bir \u015fey yapamaz hale gelen bitmi\u015f, t\u00fckenmi\u015f nice insan b\u0131rak\u0131r ard\u0131nda\u2026 Belki siz de ya\u015fam\u0131n\u0131z\u0131n bir d\u00f6neminde, birilerinin a\u00e7\u0131k bir \u015fekilde g\u00f6r\u00fclmeyen, gizlice yapt\u0131klar\u0131 baz\u0131 davran\u0131\u015flar\u0131n\u0131n alt\u0131nda ezildiniz, bunun nas\u0131l bir duygu oldu\u011funu biliyorsunuz. Belki de \u015fu an bir darg\u0131n bir bar\u0131\u015f\u0131k giden, benimle oynuyor galiba dedi\u011finiz romantik ili\u015fkinizi anlamaya \u00e7al\u0131\u015f\u0131yorsunuz. Partneriniz bir yak\u0131nla\u015f\u0131yor, bir uzakla\u015f\u0131yor. Belki kendi aileniz veya e\u015finizin ailesinin g\u00f6z\u00fcnde \u015famar o\u011flan\u0131na d\u00f6nd\u00fc\u011f\u00fcn\u00fcz\u00fc hissediyorsunuz. Belki patronunuz veya i\u015fyerindeki arkada\u015flar\u0131n\u0131z g\u00fcn\u00fcn\u00fcz\u00fc zehir etmekten zevk al\u0131yorlar. Belki dini inan\u00e7lar\u0131n\u0131z istismar ediliyor. Belki i\u00e7tenlikle y\u00fcre\u011finizi a\u00e7t\u0131n\u0131z ve arkadan vuruldunuz. Belki kar\u015f\u0131 koydu\u011funuz i\u00e7in size kendinizi su\u00e7lu hissettiren var\u2026 Psikolojik istismara u\u011fram\u0131\u015f olanlar kendilerine ne yap\u0131ld\u0131\u011f\u0131n\u0131 kolay kolay itiraf edemezler, anlatamazlar. Shannon Thomas ne oldu\u011funu, nas\u0131l oldu\u011funu anlat\u0131yor ve daha da \u00f6nemlisi, parampar\u00e7a olan hayatlar\u0131n toparlanmas\u0131na, iyile\u015fmesine ve yeniden in\u015fa edilmesine yard\u0131mc\u0131 olan bir yol haritas\u0131 sunuyor.<\/p>\n","protected":false},"excerpt":{"rendered":"<p>\u0130nsan\u0131n bulundu\u011fu her yerde, her toplulukta toksik insanlar ve psikolojik istismar olabilir ancak bunlar \u00e7o\u011funlukla gizlidir; moraran g\u00f6z, k\u0131r\u0131lan kol veya duvarlarda patlayan tabak, bardak yoktur.<span class=\"excerpt-hellip\"> [\u2026]<\/span><\/p>\n","protected":false},"featured_media":0,"template":"","meta":{"_monsterinsights_skip_tracking":false,"_monsterinsights_sitenote_active":false,"_monsterinsights_sitenote_note":"","_monsterinsights_sitenote_category":0},"product_brand":[],"product_cat":[12755,12357],"product_tag":[],"class_list":{"0":"post-722888","1":"product","2":"type-product","3":"status-publish","5":"product_cat-gelisim-psikolojisi","6":"product_cat-psikoloji","7":"pa_cilt-ciltsiz","8":"pa_tur-kitap","9":"pa_yayinevi-kuraldisi-yayinevi","10":"pa_yazar-shannon-thomas","12":"first","13":"instock","14":"sale","15":"shipping-taxable","16":"purchasable","17":"product-type-simple"},"_links":{"self":[{"href":"https:\/\/roveyayinevi.com.tr\/index.php\/wp-json\/wp\/v2\/product\/722888","targetHints":{"allow":["GET"]}}],"collection":[{"href":"https:\/\/roveyayinevi.com.tr\/index.php\/wp-json\/wp\/v2\/product"}],"about":[{"href":"https:\/\/roveyayinevi.com.tr\/index.php\/wp-json\/wp\/v2\/types\/product"}],"wp:attachment":[{"href":"https:\/\/roveyayinevi.com.tr\/index.php\/wp-json\/wp\/v2\/media?parent=722888"}],"wp:term":[{"taxonomy":"product_brand","embeddable":true,"href":"https:\/\/roveyayinevi.com.tr\/index.php\/wp-json\/wp\/v2\/product_brand?post=722888"},{"taxonomy":"product_cat","embeddable":true,"href":"https:\/\/roveyayinevi.com.tr\/index.php\/wp-json\/wp\/v2\/product_cat?post=722888"},{"taxonomy":"product_tag","embeddable":true,"href":"https:\/\/roveyayinevi.com.tr\/index.php\/wp-json\/wp\/v2\/product_tag?post=722888"}],"curies":[{"name":"wp","href":"https:\/\/api.w.org\/{rel}","templated":true}]}}