{"id":722886,"date":"2025-08-27T19:10:25","date_gmt":"2025-08-27T16:10:25","guid":{"rendered":"https:\/\/roveyayinevi.com.tr\/index.php\/urun\/dusun-bul-ciz-boya-okul-oncesi-etkinlik-kitabim\/"},"modified":"2026-04-16T02:30:41","modified_gmt":"2026-04-15T23:30:41","slug":"dusun-bul-ciz-boya-okul-oncesi-etkinlik-kitabim","status":"publish","type":"product","link":"https:\/\/roveyayinevi.com.tr\/index.php\/urun\/dusun-bul-ciz-boya-okul-oncesi-etkinlik-kitabim\/","title":{"rendered":"D\u00fc\u015f\u00fcn, Bul, \u00c7iz, Boya (Okul \u00d6ncesi Etkinlik Kitab\u0131m)"},"content":{"rendered":"<p>Okul \u00f6ncesi d\u00f6nemdeki \u00e7ocuklar\u0131n bili\u015fsel, sosyal, duygusal ve ince motor geli\u015fimleri ile dil becerilerini desteklemek amac\u0131yla haz\u0131rlanm\u0131\u015f bu kitapta;- Ayn\u0131 ve farkl\u0131 olan\u0131 bulma- Eksik bulma- G\u00f6rsel ve i\u015fitsel dikkat- K\u0131sa su\u0308reli haf\u0131za- Kavramlar- Say\u0131 tan\u0131ma, tane kavram\u0131- \u00d6ru\u0308ntu\u0308 tamamlama ve olay s\u0131ralama- Yarat\u0131c\u0131l\u0131k- Sosyal muhakeme ve duygular\u0131 tan\u0131ma- Labirent- Simetri- Par\u00e7a bu\u0308tu\u0308n ili\u015fkisi- Boyama ve \u00e7izgi tamamlama egzersizleri bulunmaktad\u0131r.Bu kitaptaki etkinlikleri yaparken \u00e7ocuklar hem e\u011flenecek hem de \u00f6\u011frenecekler.<\/p>\n","protected":false},"excerpt":{"rendered":"<p>Okul \u00f6ncesi d\u00f6nemdeki \u00e7ocuklar\u0131n bili\u015fsel, sosyal, duygusal ve ince motor geli\u015fimleri ile dil becerilerini desteklemek amac\u0131yla haz\u0131rlanm\u0131\u015f bu kitapta;- Ayn\u0131 ve farkl\u0131 olan\u0131 bulma- Eksik bulma-<span class=\"excerpt-hellip\"> [\u2026]<\/span><\/p>\n","protected":false},"featured_media":0,"template":"","meta":{"_monsterinsights_skip_tracking":false,"_monsterinsights_sitenote_active":false,"_monsterinsights_sitenote_note":"","_monsterinsights_sitenote_category":0},"product_brand":[],"product_cat":[12274,12284],"product_tag":[],"class_list":{"0":"post-722886","1":"product","2":"type-product","3":"status-publish","5":"product_cat-cocuk-ve-genclik-kitaplari","6":"product_cat-hikayeler","7":"pa_cilt-ciltsiz","8":"pa_tur-kitap","9":"pa_yayinevi-cinar-yayinlari","10":"pa_yazar-melike-gul-eralp","12":"first","13":"instock","14":"sale","15":"shipping-taxable","16":"purchasable","17":"product-type-simple"},"_links":{"self":[{"href":"https:\/\/roveyayinevi.com.tr\/index.php\/wp-json\/wp\/v2\/product\/722886","targetHints":{"allow":["GET"]}}],"collection":[{"href":"https:\/\/roveyayinevi.com.tr\/index.php\/wp-json\/wp\/v2\/product"}],"about":[{"href":"https:\/\/roveyayinevi.com.tr\/index.php\/wp-json\/wp\/v2\/types\/product"}],"wp:attachment":[{"href":"https:\/\/roveyayinevi.com.tr\/index.php\/wp-json\/wp\/v2\/media?parent=722886"}],"wp:term":[{"taxonomy":"product_brand","embeddable":true,"href":"https:\/\/roveyayinevi.com.tr\/index.php\/wp-json\/wp\/v2\/product_brand?post=722886"},{"taxonomy":"product_cat","embeddable":true,"href":"https:\/\/roveyayinevi.com.tr\/index.php\/wp-json\/wp\/v2\/product_cat?post=722886"},{"taxonomy":"product_tag","embeddable":true,"href":"https:\/\/roveyayinevi.com.tr\/index.php\/wp-json\/wp\/v2\/product_tag?post=722886"}],"curies":[{"name":"wp","href":"https:\/\/api.w.org\/{rel}","templated":true}]}}