{"id":722883,"date":"2025-08-27T19:10:23","date_gmt":"2025-08-27T16:10:23","guid":{"rendered":"https:\/\/roveyayinevi.com.tr\/index.php\/urun\/kizil-kurtlar-imparatorlugu\/"},"modified":"2026-04-16T02:30:40","modified_gmt":"2026-04-15T23:30:40","slug":"kizil-kurtlar-imparatorlugu","status":"publish","type":"product","link":"https:\/\/roveyayinevi.com.tr\/index.php\/urun\/kizil-kurtlar-imparatorlugu\/","title":{"rendered":"K\u0131z\u0131l Kurtlar \u0130mparatorlu\u011fu"},"content":{"rendered":"<p>Derin bir i\u00e7 hesapla\u015fma ya\u015fad\u0131\u011f\u0131 ve tedirgin oldu\u011fu belliydi. Neden bize gelmi\u015f, bizi bu d\u00fcnyaya \u00e7ekmi\u015fti? Kendi i\u00e7 hesapla\u015fmas\u0131n\u0131 tamamlamak ve kayg\u0131lar\u0131n\u0131 azaltmak i\u00e7in olabilirdi. Fakat bu sorgu kayg\u0131 ve pi\u015fmanl\u0131klar\u0131n\u0131 art\u0131rm\u0131\u015ft\u0131.Ahmet Komiser konuklar\u0131m\u0131za d\u00f6nd\u00fc, \u201cBeyler,\u201d dedi, \u201cOrtada \u015f\u00fcpheli \u00fc\u00e7 \u00f6l\u00fcm var ve \u015f\u00fcpheli \u00fc\u00e7 insan da bu odada. \u0130kinci ve \u00fc\u00e7\u00fcnc\u00fc \u00f6l\u00fcmlere yol a\u00e7t\u0131\u011f\u0131n\u0131z i\u00e7in hepiniz \u00fc\u00e7 \u00f6l\u00fcmden de sorumlusunuz.\u201d\u00dc\u00e7 konuk sessizce \u00e7\u0131k\u0131p gitti. At\u0131l\u0131m Dedektiflik B\u00fcrosu\u2019nun hayatlar\u0131n\u0131 cinayet \u00e7\u00f6zmeye adam\u0131\u015f kahramanlar\u0131: Komiser Ahmet, komiser \u0130brahim, Sevim G\u00f6ksoy ve gizemli \u00f6yk\u00fcler koleksiyoneri sahaf Zahit S\u0131tk\u0131.Deniz Tural, Pentagram Cinayetleri\u2019nde oldu\u011fu gibi yeni kitab\u0131 K\u0131z\u0131l Kurtlar \u0130mparatorlu\u011fu\u2019nda da \u00e7\u00f6z\u00fclmesi imk\u00e2ns\u0131z gibi g\u00f6r\u00fcnen cinayetlerin karanl\u0131k labirentlerinde dola\u015ft\u0131r\u0131yor okuru.<\/p>\n","protected":false},"excerpt":{"rendered":"<p>Derin bir i\u00e7 hesapla\u015fma ya\u015fad\u0131\u011f\u0131 ve tedirgin oldu\u011fu belliydi. Neden bize gelmi\u015f, bizi bu d\u00fcnyaya \u00e7ekmi\u015fti? Kendi i\u00e7 hesapla\u015fmas\u0131n\u0131 tamamlamak ve kayg\u0131lar\u0131n\u0131 azaltmak i\u00e7in olabilirdi. Fakat<span class=\"excerpt-hellip\"> [\u2026]<\/span><\/p>\n","protected":false},"featured_media":0,"template":"","meta":{"_monsterinsights_skip_tracking":false,"_monsterinsights_sitenote_active":false,"_monsterinsights_sitenote_note":"","_monsterinsights_sitenote_category":0},"product_brand":[],"product_cat":[12291,12711],"product_tag":[],"class_list":{"0":"post-722883","1":"product","2":"type-product","3":"status-publish","5":"product_cat-edebiyat","6":"product_cat-roman-oyku","7":"pa_cilt-ciltsiz","8":"pa_tur-kitap","9":"pa_yayinevi-cinar-yayinlari","10":"pa_yazar-deniz-tural","12":"first","13":"instock","14":"sale","15":"shipping-taxable","16":"purchasable","17":"product-type-simple"},"_links":{"self":[{"href":"https:\/\/roveyayinevi.com.tr\/index.php\/wp-json\/wp\/v2\/product\/722883","targetHints":{"allow":["GET"]}}],"collection":[{"href":"https:\/\/roveyayinevi.com.tr\/index.php\/wp-json\/wp\/v2\/product"}],"about":[{"href":"https:\/\/roveyayinevi.com.tr\/index.php\/wp-json\/wp\/v2\/types\/product"}],"wp:attachment":[{"href":"https:\/\/roveyayinevi.com.tr\/index.php\/wp-json\/wp\/v2\/media?parent=722883"}],"wp:term":[{"taxonomy":"product_brand","embeddable":true,"href":"https:\/\/roveyayinevi.com.tr\/index.php\/wp-json\/wp\/v2\/product_brand?post=722883"},{"taxonomy":"product_cat","embeddable":true,"href":"https:\/\/roveyayinevi.com.tr\/index.php\/wp-json\/wp\/v2\/product_cat?post=722883"},{"taxonomy":"product_tag","embeddable":true,"href":"https:\/\/roveyayinevi.com.tr\/index.php\/wp-json\/wp\/v2\/product_tag?post=722883"}],"curies":[{"name":"wp","href":"https:\/\/api.w.org\/{rel}","templated":true}]}}