{"id":722881,"date":"2025-08-27T19:10:21","date_gmt":"2025-08-27T16:10:21","guid":{"rendered":"https:\/\/roveyayinevi.com.tr\/index.php\/urun\/acaba-nasil-10-kitap-takim\/"},"modified":"2026-04-16T02:30:40","modified_gmt":"2026-04-15T23:30:40","slug":"acaba-nasil-10-kitap-takim","status":"publish","type":"product","link":"https:\/\/roveyayinevi.com.tr\/index.php\/urun\/acaba-nasil-10-kitap-takim\/","title":{"rendered":"Acaba Nas\u0131l? (10 Kitap Tak\u0131m)"},"content":{"rendered":"<p>Bu aralar \u00e7ocuklardan &#8220;kim ve nas\u0131l&#8221; ile ba\u015flayan sorular\u0131 \u00e7ok mu duymaya ba\u015flad\u0131n\u0131z? Cevaplayaca\u011f\u0131n\u0131z s\u0131rada akl\u0131n\u0131za ilk gelen &#8220;Acaba do\u011frusunu nas\u0131l anlatabilirim&#8221; sorusu mu oluyor?\u00d6yleyse &#8220;Acaba Nas\u0131l?&#8221; serisi tam size g\u00f6re.Her g\u00fcn yedi\u011fimiz ekmek nas\u0131l yap\u0131l\u0131yor?F\u0131r\u0131nc\u0131 amcaya ekmek yapma akl\u0131n\u0131 veren kim?Mis gibi kokan g\u00fcller nas\u0131l yarat\u0131l\u0131yor?Lezzetli mi lezzetli yumurtalar\u0131 olan tavuk nas\u0131l yarat\u0131l\u0131yor?Buna benzer tam on soruyu, on kitapl\u0131k &#8220;Acaba Nas\u0131l&#8221;serisinde cevapland\u0131r\u0131yoruz.<\/p>\n","protected":false},"excerpt":{"rendered":"<p>Bu aralar \u00e7ocuklardan &#8220;kim ve nas\u0131l&#8221; ile ba\u015flayan sorular\u0131 \u00e7ok mu duymaya ba\u015flad\u0131n\u0131z? Cevaplayaca\u011f\u0131n\u0131z s\u0131rada akl\u0131n\u0131za ilk gelen &#8220;Acaba do\u011frusunu nas\u0131l anlatabilirim&#8221; sorusu mu oluyor?\u00d6yleyse &#8220;Acaba<span class=\"excerpt-hellip\"> [\u2026]<\/span><\/p>\n","protected":false},"featured_media":0,"template":"","meta":{"_monsterinsights_skip_tracking":false,"_monsterinsights_sitenote_active":false,"_monsterinsights_sitenote_note":"","_monsterinsights_sitenote_category":0},"product_brand":[],"product_cat":[12274,12631],"product_tag":[],"class_list":{"0":"post-722881","1":"product","2":"type-product","3":"status-publish","5":"product_cat-cocuk-ve-genclik-kitaplari","6":"product_cat-diger-cocuk-ve-genclik-kitaplari","7":"pa_cilt-ciltsiz","8":"pa_tur-kitap","9":"pa_yayinevi-nesil-cocuk-yayinlari","10":"pa_yazar-lale-suphandagi","12":"first","13":"instock","14":"sale","15":"shipping-taxable","16":"purchasable","17":"product-type-simple"},"_links":{"self":[{"href":"https:\/\/roveyayinevi.com.tr\/index.php\/wp-json\/wp\/v2\/product\/722881","targetHints":{"allow":["GET"]}}],"collection":[{"href":"https:\/\/roveyayinevi.com.tr\/index.php\/wp-json\/wp\/v2\/product"}],"about":[{"href":"https:\/\/roveyayinevi.com.tr\/index.php\/wp-json\/wp\/v2\/types\/product"}],"wp:attachment":[{"href":"https:\/\/roveyayinevi.com.tr\/index.php\/wp-json\/wp\/v2\/media?parent=722881"}],"wp:term":[{"taxonomy":"product_brand","embeddable":true,"href":"https:\/\/roveyayinevi.com.tr\/index.php\/wp-json\/wp\/v2\/product_brand?post=722881"},{"taxonomy":"product_cat","embeddable":true,"href":"https:\/\/roveyayinevi.com.tr\/index.php\/wp-json\/wp\/v2\/product_cat?post=722881"},{"taxonomy":"product_tag","embeddable":true,"href":"https:\/\/roveyayinevi.com.tr\/index.php\/wp-json\/wp\/v2\/product_tag?post=722881"}],"curies":[{"name":"wp","href":"https:\/\/api.w.org\/{rel}","templated":true}]}}