{"id":722880,"date":"2025-08-27T19:10:21","date_gmt":"2025-08-27T16:10:21","guid":{"rendered":"https:\/\/roveyayinevi.com.tr\/index.php\/urun\/konusursam-dunya-sarsilir\/"},"modified":"2026-04-12T02:36:42","modified_gmt":"2026-04-11T23:36:42","slug":"konusursam-dunya-sarsilir","status":"publish","type":"product","link":"https:\/\/roveyayinevi.com.tr\/index.php\/urun\/konusursam-dunya-sarsilir\/","title":{"rendered":"Konu\u015fursam D\u00fcnya Sars\u0131l\u0131r"},"content":{"rendered":"<p>Konu\u015fmas\u0131yla hayata man\u015fetini atmak isteyenlerin kitab\u0131\u2026Konu\u015fursam D\u00fcnya Sars\u0131l\u0131rYa\u015fam\u0131n ruhu; ileti\u015fim kurmak, anlatmak, dinlemek ve sahnede kendini iyi ifade edip, d\u00fcnyaya duygular\u0131n\u0131 aktarabilmek demek.Sevin\u00e7 Sat\u0131ro\u011flu, ilham dolu bu yolculu\u011fa \u00e7\u0131karak hayata man\u015fetini atmak isteyenler i\u00e7in deneyimlerini, kendini etkileyici bi\u00e7imde ifade etmenin matemati\u011fini ve ak\u0131lda kalacak konu\u015fmalar\u0131n felsefesini bu kitapta sat\u0131rlara d\u00f6kt\u00fc.    Haber sunuculu\u011funun deneyimli ismi olmas\u0131n\u0131n yan\u0131 s\u0131ra, Master of Ceremony olarak konferans, zirve ve t\u00f6renlerde sunucu ve moderat\u00f6r olarak yer alan, Master of Talk markas\u0131 ile konu\u015fma \u00fczerine akademik seviyede e\u011fitimler veren Sevin\u00e7 Sat\u0131ro\u011flu; kalpten gelen derin bir konu\u015fman\u0131n, ezberin de\u011fil anlam\u0131n ve tutkuyla hik\u00e2yenizi anlatman\u0131n y\u00f6ntemlerini payla\u015f\u0131yor.    Kalp ve beynin e\u015fsiz ahengi ile konu\u015fman\u0131n \u00f6zel s\u0131rlar\u0131n\u0131, d\u00fcnyaca \u00fcnl\u00fc isimlerden \u00f6rneklerle g\u00f6zler \u00f6n\u00fcne seriyor.  \u0130ster ki\u015fisel ister kurumsal ba\u015far\u0131y\u0131 hedefleyin\u2026 Hik\u00e2yenizi kalpten kalbe aktarmak istiyorsan\u0131z, bu kitap size yeni alg\u0131 kap\u0131lar\u0131 a\u00e7acakt\u0131r.  Elma Yay\u0131nevi, 2020\u2019nin ikinci kitab\u0131yla bulu\u015fuyor okuyucusuyla. Konu\u015fursam D\u00fcnya Sars\u0131l\u0131r\u2026 Keyifli okumalar.<\/p>\n","protected":false},"excerpt":{"rendered":"<p>Konu\u015fmas\u0131yla hayata man\u015fetini atmak isteyenlerin kitab\u0131\u2026Konu\u015fursam D\u00fcnya Sars\u0131l\u0131rYa\u015fam\u0131n ruhu; ileti\u015fim kurmak, anlatmak, dinlemek ve sahnede kendini iyi ifade edip, d\u00fcnyaya duygular\u0131n\u0131 aktarabilmek demek.Sevin\u00e7 Sat\u0131ro\u011flu, ilham dolu<span class=\"excerpt-hellip\"> [\u2026]<\/span><\/p>\n","protected":false},"featured_media":0,"template":"","meta":{"_monsterinsights_skip_tracking":false,"_monsterinsights_sitenote_active":false,"_monsterinsights_sitenote_note":"","_monsterinsights_sitenote_category":0},"product_brand":[],"product_cat":[12364,12376],"product_tag":[],"class_list":{"0":"post-722880","1":"product","2":"type-product","3":"status-publish","5":"product_cat-genel-konular","6":"product_cat-kisisel-gelisim","7":"pa_cilt-ciltsiz","8":"pa_tur-kitap","9":"pa_yayinevi-elma-yayinevi","10":"pa_yazar-sevinc-satiroglu","12":"first","13":"instock","14":"sale","15":"shipping-taxable","16":"purchasable","17":"product-type-simple"},"_links":{"self":[{"href":"https:\/\/roveyayinevi.com.tr\/index.php\/wp-json\/wp\/v2\/product\/722880","targetHints":{"allow":["GET"]}}],"collection":[{"href":"https:\/\/roveyayinevi.com.tr\/index.php\/wp-json\/wp\/v2\/product"}],"about":[{"href":"https:\/\/roveyayinevi.com.tr\/index.php\/wp-json\/wp\/v2\/types\/product"}],"wp:attachment":[{"href":"https:\/\/roveyayinevi.com.tr\/index.php\/wp-json\/wp\/v2\/media?parent=722880"}],"wp:term":[{"taxonomy":"product_brand","embeddable":true,"href":"https:\/\/roveyayinevi.com.tr\/index.php\/wp-json\/wp\/v2\/product_brand?post=722880"},{"taxonomy":"product_cat","embeddable":true,"href":"https:\/\/roveyayinevi.com.tr\/index.php\/wp-json\/wp\/v2\/product_cat?post=722880"},{"taxonomy":"product_tag","embeddable":true,"href":"https:\/\/roveyayinevi.com.tr\/index.php\/wp-json\/wp\/v2\/product_tag?post=722880"}],"curies":[{"name":"wp","href":"https:\/\/api.w.org\/{rel}","templated":true}]}}