{"id":722879,"date":"2025-08-27T19:10:20","date_gmt":"2025-08-27T16:10:20","guid":{"rendered":"https:\/\/roveyayinevi.com.tr\/index.php\/urun\/tus-beyinli-6-tembel-miyim-dahi-mi-ciltli\/"},"modified":"2026-04-16T02:30:40","modified_gmt":"2026-04-15T23:30:40","slug":"tus-beyinli-6-tembel-miyim-dahi-mi-ciltli","status":"publish","type":"product","link":"https:\/\/roveyayinevi.com.tr\/index.php\/urun\/tus-beyinli-6-tembel-miyim-dahi-mi-ciltli\/","title":{"rendered":"Tu\u015f Beyinli &#8211; 6 &#8211; Tembel miyim? Dahi mi? (Ciltli)"},"content":{"rendered":"<p>Biraz kal\u0131n kafal\u0131, biraz tembel oldu\u011fumu biliyorum.Onlar\u0131 unutun.S\u00fcper Dahi \u00d6mer\u2019 geliyor.Ben s\u0131navlardan de\u011fil, s\u0131navlar art\u0131k benden korkacak.Karar\u0131m\u0131 verdim Bilim \u0130nsan\u0131 olaca\u011f\u0131m.Sonunda su\u00e7luyu buldum.B\u00fct\u00fcn su\u00e7 bilgisayar\u0131n, ak\u0131ll\u0131 telefonun ve tabletinmi\u015f.Evet evet, yanl\u0131\u015f duymad\u0131n\u0131z. Onlara ay\u0131rd\u0131\u011f\u0131m vakti derslere ay\u0131rsayd\u0131m, s\u0131n\u0131f\u0131n s\u00fcperi olurdum.Art\u0131k uydurma ve sanal ba\u015far\u0131lara, dur diyorum.Kork benden matematik!Art\u0131k tu\u015f beyinli de\u011filim!<\/p>\n","protected":false},"excerpt":{"rendered":"<p>Biraz kal\u0131n kafal\u0131, biraz tembel oldu\u011fumu biliyorum.Onlar\u0131 unutun.S\u00fcper Dahi \u00d6mer\u2019 geliyor.Ben s\u0131navlardan de\u011fil, s\u0131navlar art\u0131k benden korkacak.Karar\u0131m\u0131 verdim Bilim \u0130nsan\u0131 olaca\u011f\u0131m.Sonunda su\u00e7luyu buldum.B\u00fct\u00fcn su\u00e7 bilgisayar\u0131n, ak\u0131ll\u0131<span class=\"excerpt-hellip\"> [\u2026]<\/span><\/p>\n","protected":false},"featured_media":0,"template":"","meta":{"_monsterinsights_skip_tracking":false,"_monsterinsights_sitenote_active":false,"_monsterinsights_sitenote_note":"","_monsterinsights_sitenote_category":0},"product_brand":[],"product_cat":[12275,12274],"product_tag":[],"class_list":{"0":"post-722879","1":"product","2":"type-product","3":"status-publish","5":"product_cat-6-12-yas-kitaplari","6":"product_cat-cocuk-ve-genclik-kitaplari","7":"pa_cilt-ciltli","8":"pa_tur-kitap","9":"pa_yayinevi-nesil-genc","10":"pa_yazar-yusuf-asal","12":"first","13":"instock","14":"sale","15":"shipping-taxable","16":"purchasable","17":"product-type-simple"},"_links":{"self":[{"href":"https:\/\/roveyayinevi.com.tr\/index.php\/wp-json\/wp\/v2\/product\/722879","targetHints":{"allow":["GET"]}}],"collection":[{"href":"https:\/\/roveyayinevi.com.tr\/index.php\/wp-json\/wp\/v2\/product"}],"about":[{"href":"https:\/\/roveyayinevi.com.tr\/index.php\/wp-json\/wp\/v2\/types\/product"}],"wp:attachment":[{"href":"https:\/\/roveyayinevi.com.tr\/index.php\/wp-json\/wp\/v2\/media?parent=722879"}],"wp:term":[{"taxonomy":"product_brand","embeddable":true,"href":"https:\/\/roveyayinevi.com.tr\/index.php\/wp-json\/wp\/v2\/product_brand?post=722879"},{"taxonomy":"product_cat","embeddable":true,"href":"https:\/\/roveyayinevi.com.tr\/index.php\/wp-json\/wp\/v2\/product_cat?post=722879"},{"taxonomy":"product_tag","embeddable":true,"href":"https:\/\/roveyayinevi.com.tr\/index.php\/wp-json\/wp\/v2\/product_tag?post=722879"}],"curies":[{"name":"wp","href":"https:\/\/api.w.org\/{rel}","templated":true}]}}