{"id":722876,"date":"2025-08-27T19:10:17","date_gmt":"2025-08-27T16:10:17","guid":{"rendered":"https:\/\/roveyayinevi.com.tr\/index.php\/urun\/karanligin-hayaleti\/"},"modified":"2026-04-16T02:30:40","modified_gmt":"2026-04-15T23:30:40","slug":"karanligin-hayaleti","status":"publish","type":"product","link":"https:\/\/roveyayinevi.com.tr\/index.php\/urun\/karanligin-hayaleti\/","title":{"rendered":"Karanl\u0131\u011f\u0131n Hayaleti"},"content":{"rendered":"<p>Howard Phillips Lovecraft (1890 \u2013 1937), korku edebiyat\u0131n\u0131n tamamen d\u00f6n\u00fc\u015ft\u00fcren bir dehad\u0131r. Ya\u015fam\u0131 da eserleri gibi tuhaf olan Lovecraft, ge\u00e7mi\u015ften \u00f6z\u00fcmsedi\u011fi korku edebiyat\u0131 tekniklerini bamba\u015fka bir d\u00fczeye ula\u015ft\u0131rm\u0131\u015ft\u0131r. Ba\u015fl\u0131 ba\u015f\u0131na bir korku evreni yaratt\u0131\u011f\u0131n\u0131 s\u00f6ylemek abart\u0131l\u0131 olmayacakt\u0131r.    Bu kitapta Lovecraft\u2019\u0131n en karakteristik birka\u00e7 \u00f6yk\u00fcs\u00fcn\u00fc bir arada bulacaks\u0131n\u0131z.  <\/p>\n","protected":false},"excerpt":{"rendered":"<p>Howard Phillips Lovecraft (1890 \u2013 1937), korku edebiyat\u0131n\u0131n tamamen d\u00f6n\u00fc\u015ft\u00fcren bir dehad\u0131r. Ya\u015fam\u0131 da eserleri gibi tuhaf olan Lovecraft, ge\u00e7mi\u015ften \u00f6z\u00fcmsedi\u011fi korku edebiyat\u0131 tekniklerini bamba\u015fka bir<span class=\"excerpt-hellip\"> [\u2026]<\/span><\/p>\n","protected":false},"featured_media":0,"template":"","meta":{"_monsterinsights_skip_tracking":false,"_monsterinsights_sitenote_active":false,"_monsterinsights_sitenote_note":"","_monsterinsights_sitenote_category":0},"product_brand":[],"product_cat":[12291,12711],"product_tag":[],"class_list":{"0":"post-722876","1":"product","2":"type-product","3":"status-publish","5":"product_cat-edebiyat","6":"product_cat-roman-oyku","7":"pa_cilt-ciltsiz","8":"pa_tur-kitap","9":"pa_yayinevi-cem-yayinevi","10":"pa_yazar-h-p-lovecraft","12":"first","13":"instock","14":"sale","15":"shipping-taxable","16":"purchasable","17":"product-type-simple"},"_links":{"self":[{"href":"https:\/\/roveyayinevi.com.tr\/index.php\/wp-json\/wp\/v2\/product\/722876","targetHints":{"allow":["GET"]}}],"collection":[{"href":"https:\/\/roveyayinevi.com.tr\/index.php\/wp-json\/wp\/v2\/product"}],"about":[{"href":"https:\/\/roveyayinevi.com.tr\/index.php\/wp-json\/wp\/v2\/types\/product"}],"wp:attachment":[{"href":"https:\/\/roveyayinevi.com.tr\/index.php\/wp-json\/wp\/v2\/media?parent=722876"}],"wp:term":[{"taxonomy":"product_brand","embeddable":true,"href":"https:\/\/roveyayinevi.com.tr\/index.php\/wp-json\/wp\/v2\/product_brand?post=722876"},{"taxonomy":"product_cat","embeddable":true,"href":"https:\/\/roveyayinevi.com.tr\/index.php\/wp-json\/wp\/v2\/product_cat?post=722876"},{"taxonomy":"product_tag","embeddable":true,"href":"https:\/\/roveyayinevi.com.tr\/index.php\/wp-json\/wp\/v2\/product_tag?post=722876"}],"curies":[{"name":"wp","href":"https:\/\/api.w.org\/{rel}","templated":true}]}}