{"id":722875,"date":"2025-08-27T19:10:16","date_gmt":"2025-08-27T16:10:16","guid":{"rendered":"https:\/\/roveyayinevi.com.tr\/index.php\/urun\/hayalet-oykuleri-2\/"},"modified":"2026-04-16T02:30:40","modified_gmt":"2026-04-15T23:30:40","slug":"hayalet-oykuleri-2","status":"publish","type":"product","link":"https:\/\/roveyayinevi.com.tr\/index.php\/urun\/hayalet-oykuleri-2\/","title":{"rendered":"Hayalet \u00d6yk\u00fcleri"},"content":{"rendered":"<p>Montague Rhodes James (1862 \u2013 1936) Cambridge \u00dcniversitesi\u2019nde rekt\u00f6r yard\u0131mc\u0131l\u0131\u011f\u0131na dek y\u00fckselmi\u015f bir orta\u00e7a\u011f uzman\u0131yd\u0131. \u00c7a\u011f\u0131n\u0131n \u00f6nemli bir bilim insan\u0131yd\u0131 ama as\u0131l \u00fcn\u00fcn\u00fc hayalet \u00f6yk\u00fcleri yazar\u0131 olarak yapt\u0131. Gotik hayalet \u00f6yk\u00fcs\u00fcn\u00fc yenileyen ve 20. y\u00fczy\u0131la uyarlayan ki\u015fi olarak tan\u0131nmaktad\u0131r. Yak\u0131ndan tan\u0131d\u0131\u011f\u0131 \u00fcniversite ve kilise ortamlar\u0131na deh\u015feti ta\u015f\u0131yarak, h\u00e2l\u00e2 okuyucusunu rahats\u0131z edebilen \u00f6yk\u00fcler kaleme alm\u0131\u015ft\u0131r.      Hayalet \u00d6yk\u00fcleri\u2019ni Altay \u0130ltan Akt\u00fcrk\u2019\u00fcn \u00e7evirisiyle sunuyoruz. <\/p>\n","protected":false},"excerpt":{"rendered":"<p>Montague Rhodes James (1862 \u2013 1936) Cambridge \u00dcniversitesi\u2019nde rekt\u00f6r yard\u0131mc\u0131l\u0131\u011f\u0131na dek y\u00fckselmi\u015f bir orta\u00e7a\u011f uzman\u0131yd\u0131. \u00c7a\u011f\u0131n\u0131n \u00f6nemli bir bilim insan\u0131yd\u0131 ama as\u0131l \u00fcn\u00fcn\u00fc hayalet \u00f6yk\u00fcleri yazar\u0131<span class=\"excerpt-hellip\"> [\u2026]<\/span><\/p>\n","protected":false},"featured_media":0,"template":"","meta":{"_monsterinsights_skip_tracking":false,"_monsterinsights_sitenote_active":false,"_monsterinsights_sitenote_note":"","_monsterinsights_sitenote_category":0},"product_brand":[],"product_cat":[12291,12711],"product_tag":[],"class_list":{"0":"post-722875","1":"product","2":"type-product","3":"status-publish","5":"product_cat-edebiyat","6":"product_cat-roman-oyku","7":"pa_cilt-ciltsiz","8":"pa_tur-kitap","9":"pa_yayinevi-cem-yayinevi","10":"pa_yazar-m-r-james","12":"first","13":"instock","14":"sale","15":"shipping-taxable","16":"purchasable","17":"product-type-simple"},"_links":{"self":[{"href":"https:\/\/roveyayinevi.com.tr\/index.php\/wp-json\/wp\/v2\/product\/722875","targetHints":{"allow":["GET"]}}],"collection":[{"href":"https:\/\/roveyayinevi.com.tr\/index.php\/wp-json\/wp\/v2\/product"}],"about":[{"href":"https:\/\/roveyayinevi.com.tr\/index.php\/wp-json\/wp\/v2\/types\/product"}],"wp:attachment":[{"href":"https:\/\/roveyayinevi.com.tr\/index.php\/wp-json\/wp\/v2\/media?parent=722875"}],"wp:term":[{"taxonomy":"product_brand","embeddable":true,"href":"https:\/\/roveyayinevi.com.tr\/index.php\/wp-json\/wp\/v2\/product_brand?post=722875"},{"taxonomy":"product_cat","embeddable":true,"href":"https:\/\/roveyayinevi.com.tr\/index.php\/wp-json\/wp\/v2\/product_cat?post=722875"},{"taxonomy":"product_tag","embeddable":true,"href":"https:\/\/roveyayinevi.com.tr\/index.php\/wp-json\/wp\/v2\/product_tag?post=722875"}],"curies":[{"name":"wp","href":"https:\/\/api.w.org\/{rel}","templated":true}]}}