{"id":722874,"date":"2025-08-27T19:10:15","date_gmt":"2025-08-27T16:10:15","guid":{"rendered":"https:\/\/roveyayinevi.com.tr\/index.php\/urun\/kum-adam-2\/"},"modified":"2026-04-16T02:30:40","modified_gmt":"2026-04-15T23:30:40","slug":"kum-adam-2","status":"publish","type":"product","link":"https:\/\/roveyayinevi.com.tr\/index.php\/urun\/kum-adam-2\/","title":{"rendered":"Kum Adam"},"content":{"rendered":"<p>Ernst Theodor Amadeus Hoffmann (1776 \u2013 1822) \u00e7ok y\u00f6nl\u00fc bir sanat\u00e7\u0131yd\u0131. Adlar\u0131ndan biri olan Wilhelm\u2019i Mozart sevgisinden dolay\u0131 Amadeus ile de\u011fi\u015ftirmi\u015fti. Ger\u00e7ek olanla masal olan\u0131 kayna\u015ft\u0131rmakta usta, \u00f6yk\u00fclerini nerdeyse resim gibi g\u00f6z\u00fcm\u00fczde canland\u0131rabilen bir yazard\u0131. Asl\u0131nda korkun\u00e7 olan\u0131 b\u00fcy\u00fck bir mizah duygusuyla yumu\u015fatmay\u0131 ba\u015farmas\u0131, onu h\u00e2l\u00e2 okunan bir klasik yapt\u0131. Bu kitapta Freud\u2019un da \u00f6nemsedi\u011fi Kum Adam\u2019\u0131n yan\u0131 s\u0131ra, en \u00fcnl\u00fc masallar\u0131ndan F\u0131nd\u0131kk\u0131ran\u2019\u0131 da sunuyoruz.      Kum Adam\u2019\u0131 Hikmet Toy\u2019un \u00e7evirisiyle sunuyoruz. <\/p>\n","protected":false},"excerpt":{"rendered":"<p>Ernst Theodor Amadeus Hoffmann (1776 \u2013 1822) \u00e7ok y\u00f6nl\u00fc bir sanat\u00e7\u0131yd\u0131. Adlar\u0131ndan biri olan Wilhelm\u2019i Mozart sevgisinden dolay\u0131 Amadeus ile de\u011fi\u015ftirmi\u015fti. Ger\u00e7ek olanla masal olan\u0131 kayna\u015ft\u0131rmakta<span class=\"excerpt-hellip\"> [\u2026]<\/span><\/p>\n","protected":false},"featured_media":0,"template":"","meta":{"_monsterinsights_skip_tracking":false,"_monsterinsights_sitenote_active":false,"_monsterinsights_sitenote_note":"","_monsterinsights_sitenote_category":0},"product_brand":[],"product_cat":[12291,12711],"product_tag":[],"class_list":{"0":"post-722874","1":"product","2":"type-product","3":"status-publish","5":"product_cat-edebiyat","6":"product_cat-roman-oyku","7":"pa_cilt-ciltsiz","8":"pa_tur-kitap","9":"pa_yayinevi-cem-yayinevi","10":"pa_yazar-e-t-a-hoffmann","12":"first","13":"instock","14":"sale","15":"shipping-taxable","16":"purchasable","17":"product-type-simple"},"_links":{"self":[{"href":"https:\/\/roveyayinevi.com.tr\/index.php\/wp-json\/wp\/v2\/product\/722874","targetHints":{"allow":["GET"]}}],"collection":[{"href":"https:\/\/roveyayinevi.com.tr\/index.php\/wp-json\/wp\/v2\/product"}],"about":[{"href":"https:\/\/roveyayinevi.com.tr\/index.php\/wp-json\/wp\/v2\/types\/product"}],"wp:attachment":[{"href":"https:\/\/roveyayinevi.com.tr\/index.php\/wp-json\/wp\/v2\/media?parent=722874"}],"wp:term":[{"taxonomy":"product_brand","embeddable":true,"href":"https:\/\/roveyayinevi.com.tr\/index.php\/wp-json\/wp\/v2\/product_brand?post=722874"},{"taxonomy":"product_cat","embeddable":true,"href":"https:\/\/roveyayinevi.com.tr\/index.php\/wp-json\/wp\/v2\/product_cat?post=722874"},{"taxonomy":"product_tag","embeddable":true,"href":"https:\/\/roveyayinevi.com.tr\/index.php\/wp-json\/wp\/v2\/product_tag?post=722874"}],"curies":[{"name":"wp","href":"https:\/\/api.w.org\/{rel}","templated":true}]}}