{"id":722873,"date":"2025-08-27T19:10:15","date_gmt":"2025-08-27T16:10:15","guid":{"rendered":"https:\/\/roveyayinevi.com.tr\/index.php\/urun\/dusunce-ozgurlugu\/"},"modified":"2026-04-16T02:30:40","modified_gmt":"2026-04-15T23:30:40","slug":"dusunce-ozgurlugu","status":"publish","type":"product","link":"https:\/\/roveyayinevi.com.tr\/index.php\/urun\/dusunce-ozgurlugu\/","title":{"rendered":"D\u00fc\u015f\u00fcnce \u00d6zg\u00fcrl\u00fc\u011f\u00fc"},"content":{"rendered":"<p>\u00d6zg\u00fcr bir ortam\u0131n en \u00f6nemli yan\u0131, ku\u015fkusuz, d\u00fc\u015f\u00fcnce \u00f6zg\u00fcrl\u00fc\u011f\u00fcd\u00fcr. D\u00fc\u015f\u00fcnce \u00f6zg\u00fcrl\u00fc\u011f\u00fcn\u00fcn as\u0131l g\u00fcvencesi ise \u00f6zg\u00fcrl\u00fc\u011fe kar\u015f\u0131 giri\u015filen her sald\u0131r\u0131y\u0131 g\u00f6\u011fs\u00fcn\u00fc siper ederek p\u00fcsk\u00fcrtmeye kararl\u0131 insanlar\u0131n varl\u0131\u011f\u0131d\u0131r. Demokratik toplumlarda kendilerini \u00f6zg\u00fcrl\u00fc\u011fe adam\u0131\u015f bu ki\u015fileri ne kadar az g\u00f6rsek de, \u00f6zg\u00fcrl\u00fc\u011fe ufak ufak getirilen s\u0131n\u0131rlamalar birikerek sel olup tiranl\u0131\u011fa kar\u015f\u0131 akarlar. K\u0131sacas\u0131 \u00f6zg\u00fcrl\u00fc\u011f\u00fcn s\u0131rr\u0131, direnme cesaretidir. \u015eiddet yoluyla devrim propagandas\u0131 yapan insanlar\u0131n olu\u015fturdu\u011fu topluluk kar\u015f\u0131s\u0131nda devletin tutumu ne olmal\u0131d\u0131r? Toplum \u00e7ok evlili\u011fi uygulamaya ba\u015flarsa devletin bu duruma m\u00fcdahale hakk\u0131 ne \u00f6l\u00e7\u00fcde olmal\u0131d\u0131r? Grev karar\u0131yla g\u00f6zetilen amac\u0131n, \u2018politik\u2019 olmas\u0131na g\u00f6re devletin haklar\u0131 de\u011fi\u015fir mi? Bu eserinde Laski, bu sorularla birlikte, devlet ve deneyim ba\u011flam\u0131nda d\u00fc\u015f\u00fcnce \u00f6zg\u00fcrl\u00fc\u011f\u00fcn\u00fc ele al\u0131yor. Bu de\u011ferli \u00e7al\u0131\u015fmay\u0131 Y\u00fccel Sayman\u2019\u0131n \u00e7evirisi ile sunuyoruz.<\/p>\n","protected":false},"excerpt":{"rendered":"<p>\u00d6zg\u00fcr bir ortam\u0131n en \u00f6nemli yan\u0131, ku\u015fkusuz, d\u00fc\u015f\u00fcnce \u00f6zg\u00fcrl\u00fc\u011f\u00fcd\u00fcr. D\u00fc\u015f\u00fcnce \u00f6zg\u00fcrl\u00fc\u011f\u00fcn\u00fcn as\u0131l g\u00fcvencesi ise \u00f6zg\u00fcrl\u00fc\u011fe kar\u015f\u0131 giri\u015filen her sald\u0131r\u0131y\u0131 g\u00f6\u011fs\u00fcn\u00fc siper ederek p\u00fcsk\u00fcrtmeye kararl\u0131 insanlar\u0131n varl\u0131\u011f\u0131d\u0131r.<span class=\"excerpt-hellip\"> [\u2026]<\/span><\/p>\n","protected":false},"featured_media":0,"template":"","meta":{"_monsterinsights_skip_tracking":false,"_monsterinsights_sitenote_active":false,"_monsterinsights_sitenote_note":"","_monsterinsights_sitenote_category":0},"product_brand":[],"product_cat":[20351,12388],"product_tag":[],"class_list":{"0":"post-722873","1":"product","2":"type-product","3":"status-publish","5":"product_cat-dusunce","6":"product_cat-felsefe","7":"pa_cilt-ciltsiz","8":"pa_tur-kitap","9":"pa_yayinevi-fol-kitap","10":"pa_yazar-harold-joseph-laski","12":"first","13":"instock","14":"sale","15":"shipping-taxable","16":"purchasable","17":"product-type-simple"},"_links":{"self":[{"href":"https:\/\/roveyayinevi.com.tr\/index.php\/wp-json\/wp\/v2\/product\/722873","targetHints":{"allow":["GET"]}}],"collection":[{"href":"https:\/\/roveyayinevi.com.tr\/index.php\/wp-json\/wp\/v2\/product"}],"about":[{"href":"https:\/\/roveyayinevi.com.tr\/index.php\/wp-json\/wp\/v2\/types\/product"}],"wp:attachment":[{"href":"https:\/\/roveyayinevi.com.tr\/index.php\/wp-json\/wp\/v2\/media?parent=722873"}],"wp:term":[{"taxonomy":"product_brand","embeddable":true,"href":"https:\/\/roveyayinevi.com.tr\/index.php\/wp-json\/wp\/v2\/product_brand?post=722873"},{"taxonomy":"product_cat","embeddable":true,"href":"https:\/\/roveyayinevi.com.tr\/index.php\/wp-json\/wp\/v2\/product_cat?post=722873"},{"taxonomy":"product_tag","embeddable":true,"href":"https:\/\/roveyayinevi.com.tr\/index.php\/wp-json\/wp\/v2\/product_tag?post=722873"}],"curies":[{"name":"wp","href":"https:\/\/api.w.org\/{rel}","templated":true}]}}