{"id":722872,"date":"2025-08-27T19:10:14","date_gmt":"2025-08-27T16:10:14","guid":{"rendered":"https:\/\/roveyayinevi.com.tr\/index.php\/urun\/eger-bir-geyikcige-top-kek-verirsen\/"},"modified":"2026-04-16T02:30:40","modified_gmt":"2026-04-15T23:30:40","slug":"eger-bir-geyikcige-top-kek-verirsen","status":"publish","type":"product","link":"https:\/\/roveyayinevi.com.tr\/index.php\/urun\/eger-bir-geyikcige-top-kek-verirsen\/","title":{"rendered":"E\u011fer Bir Geyik\u00e7i\u011fe Top Kek Verirsen"},"content":{"rendered":"<p>E\u011fer kocaman, a\u00e7 bir geyik ziyarete gelirse, kendini evinde hissettirmek i\u00e7in ona bir top kek verebilirsiniz. E\u011fer ona bir top kek verirseniz, yan\u0131nda re\u00e7el de isteyecek. Evdeki t\u00fcm top kekleri mideye indirince biraz daha top kek almak i\u00e7in markete gitmek isteyecek. D\u00fcnyan\u0131n en \u00e7ok sevilen \u00e7ocuk kitab\u0131 serilerinden &#8220;E\u011fer&#8230;&#8221; serisinin bu yeni kitab\u0131nda \u00e7ocuklar, ev sahibinin davetsiz misafir olarak gelen bir geyi\u011fi a\u011f\u0131rlama ser\u00fcveniyle \u00e7ok e\u011flenecekler.<\/p>\n","protected":false},"excerpt":{"rendered":"<p>E\u011fer kocaman, a\u00e7 bir geyik ziyarete gelirse, kendini evinde hissettirmek i\u00e7in ona bir top kek verebilirsiniz. E\u011fer ona bir top kek verirseniz, yan\u0131nda re\u00e7el de isteyecek.<span class=\"excerpt-hellip\"> [\u2026]<\/span><\/p>\n","protected":false},"featured_media":0,"template":"","meta":{"_monsterinsights_skip_tracking":false,"_monsterinsights_sitenote_active":false,"_monsterinsights_sitenote_note":"","_monsterinsights_sitenote_category":0},"product_brand":[],"product_cat":[12274,12518],"product_tag":[],"class_list":{"0":"post-722872","1":"product","2":"type-product","3":"status-publish","5":"product_cat-cocuk-ve-genclik-kitaplari","6":"product_cat-okul-oncesi-kitaplar","7":"pa_cilt-ciltsiz","8":"pa_tur-kitap","9":"pa_yayinevi-bilgi-yayinevi-cocuk","10":"pa_yazar-laura-numeroff","12":"first","13":"instock","14":"sale","15":"shipping-taxable","16":"purchasable","17":"product-type-simple"},"_links":{"self":[{"href":"https:\/\/roveyayinevi.com.tr\/index.php\/wp-json\/wp\/v2\/product\/722872","targetHints":{"allow":["GET"]}}],"collection":[{"href":"https:\/\/roveyayinevi.com.tr\/index.php\/wp-json\/wp\/v2\/product"}],"about":[{"href":"https:\/\/roveyayinevi.com.tr\/index.php\/wp-json\/wp\/v2\/types\/product"}],"wp:attachment":[{"href":"https:\/\/roveyayinevi.com.tr\/index.php\/wp-json\/wp\/v2\/media?parent=722872"}],"wp:term":[{"taxonomy":"product_brand","embeddable":true,"href":"https:\/\/roveyayinevi.com.tr\/index.php\/wp-json\/wp\/v2\/product_brand?post=722872"},{"taxonomy":"product_cat","embeddable":true,"href":"https:\/\/roveyayinevi.com.tr\/index.php\/wp-json\/wp\/v2\/product_cat?post=722872"},{"taxonomy":"product_tag","embeddable":true,"href":"https:\/\/roveyayinevi.com.tr\/index.php\/wp-json\/wp\/v2\/product_tag?post=722872"}],"curies":[{"name":"wp","href":"https:\/\/api.w.org\/{rel}","templated":true}]}}