{"id":722870,"date":"2025-08-27T19:10:12","date_gmt":"2025-08-27T16:10:12","guid":{"rendered":"https:\/\/roveyayinevi.com.tr\/index.php\/urun\/eger-bir-kopekcige-corek-verirsen\/"},"modified":"2026-04-16T02:30:40","modified_gmt":"2026-04-15T23:30:40","slug":"eger-bir-kopekcige-corek-verirsen","status":"publish","type":"product","link":"https:\/\/roveyayinevi.com.tr\/index.php\/urun\/eger-bir-kopekcige-corek-verirsen\/","title":{"rendered":"E\u011fer Bir K\u00f6pek\u00e7i\u011fe \u00c7\u00f6rek Verirsen"},"content":{"rendered":"<p>E\u011fer bir k\u00f6pek\u00e7i\u011fe \u00e7\u00f6rek verirsen yan\u0131nda elma suyu da isteyecek. Elma suyunu verdi\u011finde, hepsini bir diki\u015fte bitirecek. Sen daha a\u011fz\u0131n\u0131 a\u00e7amadan, k\u00f6pek\u00e7ik arka bah\u00e7ede maceralara at\u0131lacak! \u0130lk olarak E\u011fer Bir Domuzcu\u011fa Parti Verirsen\u2019de kar\u015f\u0131m\u0131za \u00e7\u0131kan e\u011flenceli k\u00f6pek\u00e7ik art\u0131k kendi kitab\u0131n\u0131n y\u0131ld\u0131z\u0131! Pek keyifli E\u011fer\u2026 serisi gelene\u011fiyle kaleme al\u0131nan E\u011fer Bir K\u00f6pek\u00e7i\u011fe \u00c7\u00f6rek Verirsen, sevilen Laura Numeroff\u2019la Felicia Bond ekibinden ba\u015far\u0131l\u0131 yeni bir kitap. <\/p>\n","protected":false},"excerpt":{"rendered":"<p>E\u011fer bir k\u00f6pek\u00e7i\u011fe \u00e7\u00f6rek verirsen yan\u0131nda elma suyu da isteyecek. Elma suyunu verdi\u011finde, hepsini bir diki\u015fte bitirecek. Sen daha a\u011fz\u0131n\u0131 a\u00e7amadan, k\u00f6pek\u00e7ik arka bah\u00e7ede maceralara at\u0131lacak!<span class=\"excerpt-hellip\"> [\u2026]<\/span><\/p>\n","protected":false},"featured_media":0,"template":"","meta":{"_monsterinsights_skip_tracking":false,"_monsterinsights_sitenote_active":false,"_monsterinsights_sitenote_note":"","_monsterinsights_sitenote_category":0},"product_brand":[],"product_cat":[12274,12518],"product_tag":[],"class_list":{"0":"post-722870","1":"product","2":"type-product","3":"status-publish","5":"product_cat-cocuk-ve-genclik-kitaplari","6":"product_cat-okul-oncesi-kitaplar","7":"pa_cilt-ciltsiz","8":"pa_tur-kitap","9":"pa_yayinevi-bilgi-yayinevi-cocuk","10":"pa_yazar-laura-numeroff","12":"first","13":"instock","14":"sale","15":"shipping-taxable","16":"purchasable","17":"product-type-simple"},"_links":{"self":[{"href":"https:\/\/roveyayinevi.com.tr\/index.php\/wp-json\/wp\/v2\/product\/722870","targetHints":{"allow":["GET"]}}],"collection":[{"href":"https:\/\/roveyayinevi.com.tr\/index.php\/wp-json\/wp\/v2\/product"}],"about":[{"href":"https:\/\/roveyayinevi.com.tr\/index.php\/wp-json\/wp\/v2\/types\/product"}],"wp:attachment":[{"href":"https:\/\/roveyayinevi.com.tr\/index.php\/wp-json\/wp\/v2\/media?parent=722870"}],"wp:term":[{"taxonomy":"product_brand","embeddable":true,"href":"https:\/\/roveyayinevi.com.tr\/index.php\/wp-json\/wp\/v2\/product_brand?post=722870"},{"taxonomy":"product_cat","embeddable":true,"href":"https:\/\/roveyayinevi.com.tr\/index.php\/wp-json\/wp\/v2\/product_cat?post=722870"},{"taxonomy":"product_tag","embeddable":true,"href":"https:\/\/roveyayinevi.com.tr\/index.php\/wp-json\/wp\/v2\/product_tag?post=722870"}],"curies":[{"name":"wp","href":"https:\/\/api.w.org\/{rel}","templated":true}]}}