{"id":722868,"date":"2025-08-27T19:10:10","date_gmt":"2025-08-27T16:10:10","guid":{"rendered":"https:\/\/roveyayinevi.com.tr\/index.php\/urun\/aden\/"},"modified":"2026-04-16T02:30:40","modified_gmt":"2026-04-15T23:30:40","slug":"aden","status":"publish","type":"product","link":"https:\/\/roveyayinevi.com.tr\/index.php\/urun\/aden\/","title":{"rendered":"Aden"},"content":{"rendered":"<p>\u201cLem kolay kolay anla\u015f\u0131lmayan ama g\u00f6r\u00fclen, hissedilen ve \u00f6vg\u00fcy\u00fc hak eden bir olas\u0131 gelecek tasviri yapmay\u0131 ba\u015far\u0131yor.\u201d \u2013Ursula K. Le Guin Alt\u0131 ki\u015filik m\u00fcrettebat, ba\u015fka bir g\u00fcne\u015fin d\u00f6rd\u00fcnc\u00fc gezegenine zorunlu ini\u015f yapt\u0131\u011f\u0131nda farkl\u0131 bir d\u00fcnyayla kar\u015f\u0131la\u015faca\u011f\u0131n\u0131 biliyordu. Ama Aden gezegeni kadar farkl\u0131 bir d\u00fcnyay\u0131 kimse tahmin edemezdi. D\u00fcnya\u2019y\u0131 and\u0131ran bu garip gezegenin bildi\u011fimiz D\u00fcnya ile tek ortak noktas\u0131n\u0131n solunuma uygun atmosferi oldu\u011funu ekip \u00fcrpertici deneyimler sonucunda \u00f6\u011frenecekti. Tuhaf ormanlar\u0131, havada u\u00e7u\u015fan erimi\u015f metalleri, devasa bitkileri ve ilgisiz canl\u0131lar\u0131 ke\u015ffederken gittikleri her yerde \u00f6l\u00fcm\u00fcn izleriyle kar\u015f\u0131la\u015f\u0131yorlard\u0131. Korku ile merak aras\u0131nda s\u0131k\u0131\u015f\u0131p kalan ekibin karar\u0131 merak\u0131n pe\u015finden gidip canl\u0131larla ileti\u015fim kurmak olacakt\u0131. \u00c7arp\u0131c\u0131 bir bilimkurgu roman\u0131 olan Aden insanl\u0131\u011fa dair temel bir soruyu dillendiriyor: Toplum asl\u0131nda nedir? <\/p>\n","protected":false},"excerpt":{"rendered":"<p>\u201cLem kolay kolay anla\u015f\u0131lmayan ama g\u00f6r\u00fclen, hissedilen ve \u00f6vg\u00fcy\u00fc hak eden bir olas\u0131 gelecek tasviri yapmay\u0131 ba\u015far\u0131yor.\u201d \u2013Ursula K. Le Guin Alt\u0131 ki\u015filik m\u00fcrettebat, ba\u015fka bir<span class=\"excerpt-hellip\"> [\u2026]<\/span><\/p>\n","protected":false},"featured_media":0,"template":"","meta":{"_monsterinsights_skip_tracking":false,"_monsterinsights_sitenote_active":false,"_monsterinsights_sitenote_note":"","_monsterinsights_sitenote_category":0},"product_brand":[],"product_cat":[12540,12291],"product_tag":[],"class_list":{"0":"post-722868","1":"product","2":"type-product","3":"status-publish","5":"product_cat-bilim-kurgu","6":"product_cat-edebiyat","7":"pa_cilt-ciltsiz","8":"pa_tur-kitap","9":"pa_yayinevi-alfa-yayinlari","10":"pa_yazar-stanislaw-lem","12":"first","13":"instock","14":"sale","15":"shipping-taxable","16":"purchasable","17":"product-type-simple"},"_links":{"self":[{"href":"https:\/\/roveyayinevi.com.tr\/index.php\/wp-json\/wp\/v2\/product\/722868","targetHints":{"allow":["GET"]}}],"collection":[{"href":"https:\/\/roveyayinevi.com.tr\/index.php\/wp-json\/wp\/v2\/product"}],"about":[{"href":"https:\/\/roveyayinevi.com.tr\/index.php\/wp-json\/wp\/v2\/types\/product"}],"wp:attachment":[{"href":"https:\/\/roveyayinevi.com.tr\/index.php\/wp-json\/wp\/v2\/media?parent=722868"}],"wp:term":[{"taxonomy":"product_brand","embeddable":true,"href":"https:\/\/roveyayinevi.com.tr\/index.php\/wp-json\/wp\/v2\/product_brand?post=722868"},{"taxonomy":"product_cat","embeddable":true,"href":"https:\/\/roveyayinevi.com.tr\/index.php\/wp-json\/wp\/v2\/product_cat?post=722868"},{"taxonomy":"product_tag","embeddable":true,"href":"https:\/\/roveyayinevi.com.tr\/index.php\/wp-json\/wp\/v2\/product_tag?post=722868"}],"curies":[{"name":"wp","href":"https:\/\/api.w.org\/{rel}","templated":true}]}}