{"id":722865,"date":"2025-08-27T19:10:08","date_gmt":"2025-08-27T16:10:08","guid":{"rendered":"https:\/\/roveyayinevi.com.tr\/index.php\/urun\/terorizm-ve-hukumetler\/"},"modified":"2026-04-16T02:30:40","modified_gmt":"2026-04-15T23:30:40","slug":"terorizm-ve-hukumetler","status":"publish","type":"product","link":"https:\/\/roveyayinevi.com.tr\/index.php\/urun\/terorizm-ve-hukumetler\/","title":{"rendered":"Ter\u00f6rizm ve H\u00fck\u00fcmetler"},"content":{"rendered":"<p>ANAR\u015e\u0130STLER, E\u015e\u0130TL\u0130K\u00c7\u0130LER, GELENEK\u00c7\u0130LER, \u00c7O\u011eULCULAR, B\u00d6L\u00dcC\u00dcLER VE REFORM\u0130STLER K\u0130M VE NEDEN BA\u015eKALDIRIP H\u00dcK\u00dcMETLERE KAR\u015eI S\u0130LAHLI M\u00dcCADELEYE G\u0130R\u0130YORLAR?   TAR\u0130HE BAKILDI\u011eINDA, BU GRUPLARIN HANG\u0130S\u0130 BA\u015eARILI OLMU\u015e VE S\u0130YAS\u0130 AMA\u00c7LARINA ULA\u015eAB\u0130LM\u0130\u015eT\u0130R?   BUNLARIN YURT\u0130\u00c7\u0130 VE YURTDI\u015eI DESTEK S\u0130STEMLER\u0130 NASIL \u00c7ALI\u015eIYOR VE M\u00dcCADELE ALANI OLARAK NERELER\u0130 SE\u00c7\u0130YORLAR?   TER\u00d6R\u0130ZM HEMEN \u00d6NLENEMEZ VE EYLEMLER G\u0130DEREK ARTARSA, HANG\u0130 DURUMLARLA KAR\u015eI KAR\u015eIYA KALINIR?   GAYR\u0130N\u0130ZAM\u0130 SAVA\u015eLA Y\u00dcZ Y\u00dcZE GELEN H\u00dcK\u00dcMETLER VE ORDULARI BEKLEYEN SORUNLAR NELERD\u0130R?   KONTRGER\u0130LLA NED\u0130R, NASIL B\u0130R G\u00dcCE VE TE\u015eK\u0130LATA SAH\u0130PT\u0130R?   KONTRGER\u0130LLA; \u0130ST\u0130HBARAT, PS\u0130KOLOJ\u0130K VE ASKER\u0130 OPERASYONLARI NASIL Y\u00dcR\u00dcT\u00dcYOR?   KONTRGER\u0130LLA, H\u00dcK\u00dcMET VE REJ\u0130ME A\u0130T FAAL\u0130YETLER\u0130N DE \u0130\u00c7\u0130NDE M\u0130?   EMPERYAL\u0130ZM KURDU SA\u011eLAM ELMADA BULUNMAZ. <\/p>\n","protected":false},"excerpt":{"rendered":"<p>ANAR\u015e\u0130STLER, E\u015e\u0130TL\u0130K\u00c7\u0130LER, GELENEK\u00c7\u0130LER, \u00c7O\u011eULCULAR, B\u00d6L\u00dcC\u00dcLER VE REFORM\u0130STLER K\u0130M VE NEDEN BA\u015eKALDIRIP H\u00dcK\u00dcMETLERE KAR\u015eI S\u0130LAHLI M\u00dcCADELEYE G\u0130R\u0130YORLAR? TAR\u0130HE BAKILDI\u011eINDA, BU GRUPLARIN HANG\u0130S\u0130 BA\u015eARILI OLMU\u015e VE S\u0130YAS\u0130 AMA\u00c7LARINA<span class=\"excerpt-hellip\"> [\u2026]<\/span><\/p>\n","protected":false},"featured_media":0,"template":"","meta":{"_monsterinsights_skip_tracking":false,"_monsterinsights_sitenote_active":false,"_monsterinsights_sitenote_note":"","_monsterinsights_sitenote_category":0},"product_brand":[],"product_cat":[13590,12337],"product_tag":[],"class_list":{"0":"post-722865","1":"product","2":"type-product","3":"status-publish","5":"product_cat-arastirma-inceleme-politika-siyaset","6":"product_cat-politika-siyaset","7":"pa_cilt-ciltsiz","8":"pa_tur-kitap","9":"pa_yayinevi-inkilap-kitabevi","10":"pa_yazar-osman-pamukoglu","12":"first","13":"instock","14":"sale","15":"shipping-taxable","16":"purchasable","17":"product-type-simple"},"_links":{"self":[{"href":"https:\/\/roveyayinevi.com.tr\/index.php\/wp-json\/wp\/v2\/product\/722865","targetHints":{"allow":["GET"]}}],"collection":[{"href":"https:\/\/roveyayinevi.com.tr\/index.php\/wp-json\/wp\/v2\/product"}],"about":[{"href":"https:\/\/roveyayinevi.com.tr\/index.php\/wp-json\/wp\/v2\/types\/product"}],"wp:attachment":[{"href":"https:\/\/roveyayinevi.com.tr\/index.php\/wp-json\/wp\/v2\/media?parent=722865"}],"wp:term":[{"taxonomy":"product_brand","embeddable":true,"href":"https:\/\/roveyayinevi.com.tr\/index.php\/wp-json\/wp\/v2\/product_brand?post=722865"},{"taxonomy":"product_cat","embeddable":true,"href":"https:\/\/roveyayinevi.com.tr\/index.php\/wp-json\/wp\/v2\/product_cat?post=722865"},{"taxonomy":"product_tag","embeddable":true,"href":"https:\/\/roveyayinevi.com.tr\/index.php\/wp-json\/wp\/v2\/product_tag?post=722865"}],"curies":[{"name":"wp","href":"https:\/\/api.w.org\/{rel}","templated":true}]}}