{"id":722863,"date":"2025-08-27T19:10:07","date_gmt":"2025-08-27T16:10:07","guid":{"rendered":"https:\/\/roveyayinevi.com.tr\/index.php\/urun\/tarihe-not-akilda-kalanlar-1976-1980\/"},"modified":"2026-04-16T02:30:40","modified_gmt":"2026-04-15T23:30:40","slug":"tarihe-not-akilda-kalanlar-1976-1980","status":"publish","type":"product","link":"https:\/\/roveyayinevi.com.tr\/index.php\/urun\/tarihe-not-akilda-kalanlar-1976-1980\/","title":{"rendered":"Tarihe Not &#8211; Ak\u0131lda Kalanlar (1976-1980)"},"content":{"rendered":"<p>Umut ve m\u00fccadelenin 10 y\u0131l\u0131\u20261970\u2019li y\u0131llar, T\u00fcrkiye tarihinde istisnaidir.1970\u2019ler d\u00fcnya geli\u015fmeleri ile ba\u011flant\u0131lar\u0131n\u0131 atlamadan\u2026 \u00c7ok tart\u0131\u015f\u0131lmas\u0131, \u00e7ok kurcalanmas\u0131 gerekir. Son zamanlarda, o d\u00f6nemi ele alan eserler, romanlar, an\u0131 kitaplar\u0131 artt\u0131. Bu iyi bir geli\u015fmedir. Yar\u0131m anlayan yar\u0131m eyler! Do\u011fru anlamadan olmaz! Herkesin, her kesimin sorumlulu\u011fudur kayda ge\u00e7mek. Tarihe Not d\u00fc\u015fmek! O zaman m\u00fcmk\u00fcn entelekt\u00fcel olgunluk. O zaman m\u00fcmk\u00fcn her zaviyeden ger\u00e7e\u011fe yolculuk. Tek bir yolun ta\u015flar\u0131yla olmaz, g\u00f6ky\u00fcz\u00fcn\u00fcn ku\u015flar\u0131ndan da bilmek gerekir.<\/p>\n","protected":false},"excerpt":{"rendered":"<p>Umut ve m\u00fccadelenin 10 y\u0131l\u0131\u20261970\u2019li y\u0131llar, T\u00fcrkiye tarihinde istisnaidir.1970\u2019ler d\u00fcnya geli\u015fmeleri ile ba\u011flant\u0131lar\u0131n\u0131 atlamadan\u2026 \u00c7ok tart\u0131\u015f\u0131lmas\u0131, \u00e7ok kurcalanmas\u0131 gerekir. Son zamanlarda, o d\u00f6nemi ele alan eserler,<span class=\"excerpt-hellip\"> [\u2026]<\/span><\/p>\n","protected":false},"featured_media":0,"template":"","meta":{"_monsterinsights_skip_tracking":false,"_monsterinsights_sitenote_active":false,"_monsterinsights_sitenote_note":"","_monsterinsights_sitenote_category":0},"product_brand":[],"product_cat":[12304,14128],"product_tag":[],"class_list":{"0":"post-722863","1":"product","2":"type-product","3":"status-publish","5":"product_cat-tarih","6":"product_cat-yakin-tarih","7":"pa_cilt-ciltsiz","8":"pa_tur-kitap","9":"pa_yayinevi-ayrinti-yayinlari","10":"pa_yazar-ibrahim-unal","12":"first","13":"instock","14":"sale","15":"shipping-taxable","16":"purchasable","17":"product-type-simple"},"_links":{"self":[{"href":"https:\/\/roveyayinevi.com.tr\/index.php\/wp-json\/wp\/v2\/product\/722863","targetHints":{"allow":["GET"]}}],"collection":[{"href":"https:\/\/roveyayinevi.com.tr\/index.php\/wp-json\/wp\/v2\/product"}],"about":[{"href":"https:\/\/roveyayinevi.com.tr\/index.php\/wp-json\/wp\/v2\/types\/product"}],"wp:attachment":[{"href":"https:\/\/roveyayinevi.com.tr\/index.php\/wp-json\/wp\/v2\/media?parent=722863"}],"wp:term":[{"taxonomy":"product_brand","embeddable":true,"href":"https:\/\/roveyayinevi.com.tr\/index.php\/wp-json\/wp\/v2\/product_brand?post=722863"},{"taxonomy":"product_cat","embeddable":true,"href":"https:\/\/roveyayinevi.com.tr\/index.php\/wp-json\/wp\/v2\/product_cat?post=722863"},{"taxonomy":"product_tag","embeddable":true,"href":"https:\/\/roveyayinevi.com.tr\/index.php\/wp-json\/wp\/v2\/product_tag?post=722863"}],"curies":[{"name":"wp","href":"https:\/\/api.w.org\/{rel}","templated":true}]}}