{"id":722861,"date":"2025-08-27T19:10:05","date_gmt":"2025-08-27T16:10:05","guid":{"rendered":"https:\/\/roveyayinevi.com.tr\/index.php\/urun\/katalanlar-avrupada-ayrilikcilik\/"},"modified":"2026-04-16T02:30:40","modified_gmt":"2026-04-15T23:30:40","slug":"katalanlar-avrupada-ayrilikcilik","status":"publish","type":"product","link":"https:\/\/roveyayinevi.com.tr\/index.php\/urun\/katalanlar-avrupada-ayrilikcilik\/","title":{"rendered":"Katalanlar &#8211; Avrupa\u2019da Ayr\u0131l\u0131k\u00e7\u0131l\u0131k"},"content":{"rendered":"<p>Modern \u0130spanya siyasi tarihinde Katalan b\u00f6lgesel talepleri hep kritik \u00f6nemde oldu. Katalan b\u00f6lgecili\u011fi 1930\u2019lar\u0131n sonundan 1970\u2019lerin ortas\u0131na kadar \u0130spanya\u2019da siyasi rejimin en \u00f6nemli hedeflerinden, yani Kom\u00fcnistler, Masonlar gibi en \u00f6nemli d\u00fc\u015fmanlar\u0131ndan biri olarak kabul edildi. Franco rejimi \u0130spanya\u2019y\u0131 b\u00f6l\u00fcnmeden kurtarmak i\u00e7in b\u00f6lgesel kimlikleri ve siyasi talepleri bast\u0131rmakta teredd\u00fct etmedi. Milli devlet i\u00e7inde merkezile\u015fmeye kar\u015f\u0131 m\u00fccadele tarihinden gelen Katalanlar milli devletin yeni bir ba\u011flamda \u015fekillendi\u011fi Avrupa b\u00fct\u00fcnle\u015fmesi i\u00e7erisinde kendilerine yeni bir siyasal kimlik siyaseti belirlemek durumunda kald\u0131lar. Katalan \u00f6rne\u011fi bize sosyal ve k\u00fclt\u00fcrel s\u0131n\u0131rlar\u0131n ne kadar karma\u015f\u0131k ve ak\u0131\u015fkan oldu\u011funu net bir \u015fekilde g\u00f6stermektedir.K\u0131van\u00e7 Ulusoy elinizdeki kitapta 20. y\u00fczy\u0131lda siyasal ve toplumsal \u00e7alkant\u0131larla alt\u00fcst olan ama her durumda krizlerden \u00e7\u0131kan ve demokrasiye do\u011fru kararl\u0131 ad\u0131mlar atan e\u015fsiz bir \u00fclkeye, \u0130spanya\u2019ya odaklan\u0131yor. \u0130spanya\u2019daki en k\u00f6kl\u00fc sorunlar\u0131ndan biri olan Katalan b\u00f6lgecili\u011fi ise \u00e7al\u0131\u015fman\u0131n esas meselesi: ayr\u0131l\u0131k istekleri, \u00f6zerklik siyasetleri, referandumlar, dil talepleri, bar\u0131\u015f\u00e7\u0131l protestolar, anayasal hak m\u00fccadeleleri ve maruz kal\u0131nan bask\u0131larla bir halk\u0131n demokratik d\u00fcnyaya giri\u015finin sanc\u0131l\u0131 ve uzun tarihi\u2026<\/p>\n","protected":false},"excerpt":{"rendered":"<p>Modern \u0130spanya siyasi tarihinde Katalan b\u00f6lgesel talepleri hep kritik \u00f6nemde oldu. Katalan b\u00f6lgecili\u011fi 1930\u2019lar\u0131n sonundan 1970\u2019lerin ortas\u0131na kadar \u0130spanya\u2019da siyasi rejimin en \u00f6nemli hedeflerinden, yani Kom\u00fcnistler,<span class=\"excerpt-hellip\"> [\u2026]<\/span><\/p>\n","protected":false},"featured_media":0,"template":"","meta":{"_monsterinsights_skip_tracking":false,"_monsterinsights_sitenote_active":false,"_monsterinsights_sitenote_note":"","_monsterinsights_sitenote_category":0},"product_brand":[],"product_cat":[12370,12304],"product_tag":[],"class_list":{"0":"post-722861","1":"product","2":"type-product","3":"status-publish","5":"product_cat-arastirma-inceleme","6":"product_cat-tarih","7":"pa_cilt-ciltsiz","8":"pa_tur-kitap","9":"pa_yayinevi-ayrinti-yayinlari","10":"pa_yazar-kivanc-ulusoy","12":"first","13":"instock","14":"sale","15":"shipping-taxable","16":"purchasable","17":"product-type-simple"},"_links":{"self":[{"href":"https:\/\/roveyayinevi.com.tr\/index.php\/wp-json\/wp\/v2\/product\/722861","targetHints":{"allow":["GET"]}}],"collection":[{"href":"https:\/\/roveyayinevi.com.tr\/index.php\/wp-json\/wp\/v2\/product"}],"about":[{"href":"https:\/\/roveyayinevi.com.tr\/index.php\/wp-json\/wp\/v2\/types\/product"}],"wp:attachment":[{"href":"https:\/\/roveyayinevi.com.tr\/index.php\/wp-json\/wp\/v2\/media?parent=722861"}],"wp:term":[{"taxonomy":"product_brand","embeddable":true,"href":"https:\/\/roveyayinevi.com.tr\/index.php\/wp-json\/wp\/v2\/product_brand?post=722861"},{"taxonomy":"product_cat","embeddable":true,"href":"https:\/\/roveyayinevi.com.tr\/index.php\/wp-json\/wp\/v2\/product_cat?post=722861"},{"taxonomy":"product_tag","embeddable":true,"href":"https:\/\/roveyayinevi.com.tr\/index.php\/wp-json\/wp\/v2\/product_tag?post=722861"}],"curies":[{"name":"wp","href":"https:\/\/api.w.org\/{rel}","templated":true}]}}