{"id":722860,"date":"2025-08-27T19:10:04","date_gmt":"2025-08-27T16:10:04","guid":{"rendered":"https:\/\/roveyayinevi.com.tr\/index.php\/urun\/insan-cephesi\/"},"modified":"2026-04-16T02:30:40","modified_gmt":"2026-04-15T23:30:40","slug":"insan-cephesi","status":"publish","type":"product","link":"https:\/\/roveyayinevi.com.tr\/index.php\/urun\/insan-cephesi\/","title":{"rendered":"\u0130nsan Cephesi"},"content":{"rendered":"<p>Hayal g\u00fcc\u00fcm\u00fcn derinliklerinde ke\u015ffettiklerim tehlikeliydi. Dickensvari gecekondular, ancak ger\u00e7ekte m\u00fckemmel derecede sayg\u0131n say\u0131lan \u00e7al\u0131\u015fan kesimin semtleri vard\u0131. Duvarlarda, demiryolu k\u00f6pr\u00fclerinde ve kald\u0131r\u0131mlarda tuhaf bir duvar yaz\u0131s\u0131yla kar\u015f\u0131la\u015ft\u0131m, \u00fcst\u00fcnden \u00e7apraz \u00e7ubuk ge\u00e7en ters \u00e7evrilmi\u015f bir \u201cY\u201d harfi, \u00e7ocuk\u00e7a ve basit\u00e7e olu\u015fturulmu\u015f, bu sebeple de an\u0131nda fark edilen bir insan bi\u00e7imi. Arada s\u0131rada be\u015f k\u00f6\u015feli bir y\u0131ld\u0131z ili\u015ftirilmi\u015f, \u00e7o\u011fu zaman da kargac\u0131k burgac\u0131k \u00e7izilmi\u015f bir orakla \u00e7eki\u00e7 e\u015fli\u011findeydi.\u201c\u0130nsan Cephesi, b\u00fcy\u00fck bir hik\u00e2yeden isteyebilece\u011finiz hemen her \u015feye sahip: karakter, sezgi, olay \u00f6rg\u00fcs\u00fc. Duygu, his, olay ya da manzaray\u0131 ileten tasvirin ve a\u00e7\u0131\u011fa \u00e7\u0131k\u0131\u015f\u0131n\u0131n kalitesi. Maddeye d\u00f6n\u00fc\u015fmesi. Zihninizi sersemletip \u00e7al\u0131\u015ft\u0131racak bir \u015fey.\u201dIain M. Banks\u201c\u0130nsan Cephesi tam anlam\u0131yla insan\u0131 nakavt ediyor\u2026 zarif, nazik ve kahkahalarla g\u00fcld\u00fcrecek kadar komik. Bu son nitelik bile okuru kendi ba\u015f\u0131na tuhaf bir yolculu\u011fa \u00e7\u0131kmaya davet ediyor&#8230;\u201dRick Kleffe<\/p>\n","protected":false},"excerpt":{"rendered":"<p>Hayal g\u00fcc\u00fcm\u00fcn derinliklerinde ke\u015ffettiklerim tehlikeliydi. Dickensvari gecekondular, ancak ger\u00e7ekte m\u00fckemmel derecede sayg\u0131n say\u0131lan \u00e7al\u0131\u015fan kesimin semtleri vard\u0131. Duvarlarda, demiryolu k\u00f6pr\u00fclerinde ve kald\u0131r\u0131mlarda tuhaf bir duvar yaz\u0131s\u0131yla<span class=\"excerpt-hellip\"> [\u2026]<\/span><\/p>\n","protected":false},"featured_media":0,"template":"","meta":{"_monsterinsights_skip_tracking":false,"_monsterinsights_sitenote_active":false,"_monsterinsights_sitenote_note":"","_monsterinsights_sitenote_category":0},"product_brand":[],"product_cat":[12389,12388],"product_tag":[],"class_list":{"0":"post-722860","1":"product","2":"type-product","3":"status-publish","5":"product_cat-diger-felsefe","6":"product_cat-felsefe","7":"pa_cilt-ciltsiz","8":"pa_tur-kitap","9":"pa_yayinevi-ayrinti-yayinlari","10":"pa_yazar-ken-macleod","12":"first","13":"instock","14":"sale","15":"shipping-taxable","16":"purchasable","17":"product-type-simple"},"_links":{"self":[{"href":"https:\/\/roveyayinevi.com.tr\/index.php\/wp-json\/wp\/v2\/product\/722860","targetHints":{"allow":["GET"]}}],"collection":[{"href":"https:\/\/roveyayinevi.com.tr\/index.php\/wp-json\/wp\/v2\/product"}],"about":[{"href":"https:\/\/roveyayinevi.com.tr\/index.php\/wp-json\/wp\/v2\/types\/product"}],"wp:attachment":[{"href":"https:\/\/roveyayinevi.com.tr\/index.php\/wp-json\/wp\/v2\/media?parent=722860"}],"wp:term":[{"taxonomy":"product_brand","embeddable":true,"href":"https:\/\/roveyayinevi.com.tr\/index.php\/wp-json\/wp\/v2\/product_brand?post=722860"},{"taxonomy":"product_cat","embeddable":true,"href":"https:\/\/roveyayinevi.com.tr\/index.php\/wp-json\/wp\/v2\/product_cat?post=722860"},{"taxonomy":"product_tag","embeddable":true,"href":"https:\/\/roveyayinevi.com.tr\/index.php\/wp-json\/wp\/v2\/product_tag?post=722860"}],"curies":[{"name":"wp","href":"https:\/\/api.w.org\/{rel}","templated":true}]}}