{"id":722859,"date":"2025-08-27T19:10:03","date_gmt":"2025-08-27T16:10:03","guid":{"rendered":"https:\/\/roveyayinevi.com.tr\/index.php\/urun\/sira-disi-durumlar-serisi-1-atesin-yaramaz-akrabasi-yangin\/"},"modified":"2026-04-16T02:30:40","modified_gmt":"2026-04-15T23:30:40","slug":"sira-disi-durumlar-serisi-1-atesin-yaramaz-akrabasi-yangin","status":"publish","type":"product","link":"https:\/\/roveyayinevi.com.tr\/index.php\/urun\/sira-disi-durumlar-serisi-1-atesin-yaramaz-akrabasi-yangin\/","title":{"rendered":"S\u0131ra D\u0131\u015f\u0131 Durumlar Serisi 1- Ate\u015fin Yaramaz Akrabas\u0131 Yang\u0131n"},"content":{"rendered":"<p>Is\u0131 ve \u0131\u015f\u0131k kayna\u011f\u0131 ate\u015f, dikkatli kullanmad\u0131\u011f\u0131m\u0131z zaman yaramaz akrabas\u0131 yang\u0131na davetiye \u00e7\u0131kar\u0131r. Bu kitapta; bir enerji kayna\u011f\u0131 olan ate\u015fin g\u00fcnl\u00fck hayat\u0131m\u0131za katt\u0131\u011f\u0131 faydalar\u0131 ve yang\u0131ndan nas\u0131l korunmam\u0131z gerekti\u011fini \u00f6\u011frenece\u011fiz. Sonra da \u00f6\u011frendiklerimizi b\u00fcy\u00fcklere anlataca\u011f\u0131z. \u00c7\u00fcnk\u00fc b\u00fcy\u00fcklerin \u00e7ocuklardan \u00f6\u011frenecekleri \u00e7ok \u015fey var! <\/p>\n","protected":false},"excerpt":{"rendered":"<p>Is\u0131 ve \u0131\u015f\u0131k kayna\u011f\u0131 ate\u015f, dikkatli kullanmad\u0131\u011f\u0131m\u0131z zaman yaramaz akrabas\u0131 yang\u0131na davetiye \u00e7\u0131kar\u0131r. Bu kitapta; bir enerji kayna\u011f\u0131 olan ate\u015fin g\u00fcnl\u00fck hayat\u0131m\u0131za katt\u0131\u011f\u0131 faydalar\u0131 ve yang\u0131ndan<span class=\"excerpt-hellip\"> [\u2026]<\/span><\/p>\n","protected":false},"featured_media":0,"template":"","meta":{"_monsterinsights_skip_tracking":false,"_monsterinsights_sitenote_active":false,"_monsterinsights_sitenote_note":"","_monsterinsights_sitenote_category":0},"product_brand":[],"product_cat":[12274,15842],"product_tag":[],"class_list":{"0":"post-722859","1":"product","2":"type-product","3":"status-publish","5":"product_cat-cocuk-ve-genclik-kitaplari","6":"product_cat-egitici-kitaplar","7":"pa_cilt-ciltsiz","8":"pa_tur-kitap","9":"pa_yayinevi-mandolin-yayinlari","10":"pa_yazar-aysen-oy","12":"first","13":"instock","14":"sale","15":"shipping-taxable","16":"purchasable","17":"product-type-simple"},"_links":{"self":[{"href":"https:\/\/roveyayinevi.com.tr\/index.php\/wp-json\/wp\/v2\/product\/722859","targetHints":{"allow":["GET"]}}],"collection":[{"href":"https:\/\/roveyayinevi.com.tr\/index.php\/wp-json\/wp\/v2\/product"}],"about":[{"href":"https:\/\/roveyayinevi.com.tr\/index.php\/wp-json\/wp\/v2\/types\/product"}],"wp:attachment":[{"href":"https:\/\/roveyayinevi.com.tr\/index.php\/wp-json\/wp\/v2\/media?parent=722859"}],"wp:term":[{"taxonomy":"product_brand","embeddable":true,"href":"https:\/\/roveyayinevi.com.tr\/index.php\/wp-json\/wp\/v2\/product_brand?post=722859"},{"taxonomy":"product_cat","embeddable":true,"href":"https:\/\/roveyayinevi.com.tr\/index.php\/wp-json\/wp\/v2\/product_cat?post=722859"},{"taxonomy":"product_tag","embeddable":true,"href":"https:\/\/roveyayinevi.com.tr\/index.php\/wp-json\/wp\/v2\/product_tag?post=722859"}],"curies":[{"name":"wp","href":"https:\/\/api.w.org\/{rel}","templated":true}]}}