{"id":722858,"date":"2025-08-27T19:10:03","date_gmt":"2025-08-27T16:10:03","guid":{"rendered":"https:\/\/roveyayinevi.com.tr\/index.php\/urun\/sira-disi-durumlar-serisi-3-dikkat\/"},"modified":"2026-04-16T02:30:40","modified_gmt":"2026-04-15T23:30:40","slug":"sira-disi-durumlar-serisi-3-dikkat","status":"publish","type":"product","link":"https:\/\/roveyayinevi.com.tr\/index.php\/urun\/sira-disi-durumlar-serisi-3-dikkat\/","title":{"rendered":"S\u0131ra D\u0131\u015f\u0131 Durumlar Serisi 3- Dikkat"},"content":{"rendered":"<p>Is\u0131, \u0131\u015f\u0131k ve hareket enerjisi \u00fcreten elektrik, do\u011fru kullan\u0131ld\u0131\u011f\u0131 zaman g\u00fcnl\u00fck hayat\u0131m\u0131z\u0131 kolayla\u015ft\u0131ran harika bir enerji kayna\u011f\u0131d\u0131r. Pekiyi elektri\u011fi kim icat etti? \u015eim\u015fek ve y\u0131ld\u0131r\u0131m nedir? Elektrik bize nas\u0131l zarar verir ve bu zararlardan nas\u0131l korunuruz? Haydi, bu kitapla t\u00fcm bu bilgileri \u00f6\u011frenelim. Sonra da b\u00fcy\u00fcklerimize anlatal\u0131m. \u00c7\u00fcnk\u00fc b\u00fcy\u00fcklerin \u00e7ocuklardan \u00f6\u011frenecekleri \u00e7ok \u015fey var! <\/p>\n","protected":false},"excerpt":{"rendered":"<p>Is\u0131, \u0131\u015f\u0131k ve hareket enerjisi \u00fcreten elektrik, do\u011fru kullan\u0131ld\u0131\u011f\u0131 zaman g\u00fcnl\u00fck hayat\u0131m\u0131z\u0131 kolayla\u015ft\u0131ran harika bir enerji kayna\u011f\u0131d\u0131r. Pekiyi elektri\u011fi kim icat etti? \u015eim\u015fek ve y\u0131ld\u0131r\u0131m nedir?<span class=\"excerpt-hellip\"> [\u2026]<\/span><\/p>\n","protected":false},"featured_media":0,"template":"","meta":{"_monsterinsights_skip_tracking":false,"_monsterinsights_sitenote_active":false,"_monsterinsights_sitenote_note":"","_monsterinsights_sitenote_category":0},"product_brand":[],"product_cat":[12274,15842],"product_tag":[],"class_list":{"0":"post-722858","1":"product","2":"type-product","3":"status-publish","5":"product_cat-cocuk-ve-genclik-kitaplari","6":"product_cat-egitici-kitaplar","7":"pa_cilt-ciltsiz","8":"pa_tur-kitap","9":"pa_yayinevi-mandolin-yayinlari","10":"pa_yazar-aysen-oy","12":"first","13":"instock","14":"sale","15":"shipping-taxable","16":"purchasable","17":"product-type-simple"},"_links":{"self":[{"href":"https:\/\/roveyayinevi.com.tr\/index.php\/wp-json\/wp\/v2\/product\/722858","targetHints":{"allow":["GET"]}}],"collection":[{"href":"https:\/\/roveyayinevi.com.tr\/index.php\/wp-json\/wp\/v2\/product"}],"about":[{"href":"https:\/\/roveyayinevi.com.tr\/index.php\/wp-json\/wp\/v2\/types\/product"}],"wp:attachment":[{"href":"https:\/\/roveyayinevi.com.tr\/index.php\/wp-json\/wp\/v2\/media?parent=722858"}],"wp:term":[{"taxonomy":"product_brand","embeddable":true,"href":"https:\/\/roveyayinevi.com.tr\/index.php\/wp-json\/wp\/v2\/product_brand?post=722858"},{"taxonomy":"product_cat","embeddable":true,"href":"https:\/\/roveyayinevi.com.tr\/index.php\/wp-json\/wp\/v2\/product_cat?post=722858"},{"taxonomy":"product_tag","embeddable":true,"href":"https:\/\/roveyayinevi.com.tr\/index.php\/wp-json\/wp\/v2\/product_tag?post=722858"}],"curies":[{"name":"wp","href":"https:\/\/api.w.org\/{rel}","templated":true}]}}